{"id":2025,"date":"2020-09-29T01:32:19","date_gmt":"2020-09-28T22:32:19","guid":{"rendered":"https:\/\/begimgil.com.tr\/?page_id=1901"},"modified":"2020-10-02T14:00:51","modified_gmt":"2020-10-02T11:00:51","slug":"camasir-grubu-temizlik-urunleri","status":"publish","type":"page","link":"https:\/\/begimgil.com.tr\/en\/urunlerimiz-2\/camasir-grubu-temizlik-urunleri-3\/","title":{"rendered":"\u00c7AMA\u015eIR GRUBU TEM\u0130ZL\u0130K \u00dcR\u00dcNLER\u0130"},"content":{"rendered":"<p><\/p>\n<p style=\"text-align: center;\"><img loading=\"lazy\" class=\"alignnone wp-image-1908\" src=\"https:\/\/begimgil.com.tr\/wp-content\/uploads\/2020\/09\/camasir-temizlik.jpg\" alt=\"\" width=\"556\" height=\"353\" srcset=\"https:\/\/begimgil.com.tr\/wp-content\/uploads\/2020\/09\/camasir-temizlik.jpg 993w, https:\/\/begimgil.com.tr\/wp-content\/uploads\/2020\/09\/camasir-temizlik-300x191.jpg 300w, https:\/\/begimgil.com.tr\/wp-content\/uploads\/2020\/09\/camasir-temizlik-768x488.jpg 768w\" sizes=\"(max-width: 556px) 100vw, 556px\" \/><\/p>\n<h3 style=\"text-align: center;\">LAUNDRY GROUP CLEANING PRODUCTS<\/h3>\n<p>&nbsp;<\/p>\n<ul>\n<li><a href=\"https:\/\/begimgil.com.tr\/urunlerimiz-2\/camasir-grubu-temizlik-urunleri-2\/camasir-yumusaticisi\/\">LAUNDRY SOFTENER<\/a><\/li>\n<li><a href=\"https:\/\/begimgil.com.tr\/urunlerimiz-2\/camasir-grubu-temizlik-urunleri-2\/camasir-yumusaticisi-4lt\/\">LAUNDRY SOFTENER 4Lt<\/a><\/li>\n<li><a href=\"https:\/\/begimgil.com.tr\/urunlerimiz-2\/camasir-grubu-temizlik-urunleri-2\/kirec-onleyici\/\">DESCALER<\/a><\/li>\n<li><a href=\"https:\/\/begimgil.com.tr\/urunlerimiz-2\/camasir-grubu-temizlik-urunleri-2\/kirec-sokucu\/\">LIME REMOVER<\/a><\/li>\n<\/ul>\n<p><\/p>","protected":false},"excerpt":{"rendered":"<p>LAUNDRY GROUP CLEANING PRODUCTS &nbsp; LAUNDRY SOFTENER LAUNDRY SOFTENER 4Lt DESCALER LIME REMOVER<\/p>\n","protected":false},"author":1,"featured_media":0,"parent":1962,"menu_order":0,"comment_status":"closed","ping_status":"closed","template":"","meta":[],"_links":{"self":[{"href":"https:\/\/begimgil.com.tr\/en\/wp-json\/wp\/v2\/pages\/2025"}],"collection":[{"href":"https:\/\/begimgil.com.tr\/en\/wp-json\/wp\/v2\/pages"}],"about":[{"href":"https:\/\/begimgil.com.tr\/en\/wp-json\/wp\/v2\/types\/page"}],"author":[{"embeddable":true,"href":"https:\/\/begimgil.com.tr\/en\/wp-json\/wp\/v2\/users\/1"}],"replies":[{"embeddable":true,"href":"https:\/\/begimgil.com.tr\/en\/wp-json\/wp\/v2\/comments?post=2025"}],"version-history":[{"count":2,"href":"https:\/\/begimgil.com.tr\/en\/wp-json\/wp\/v2\/pages\/2025\/revisions"}],"predecessor-version":[{"id":2076,"href":"https:\/\/begimgil.com.tr\/en\/wp-json\/wp\/v2\/pages\/2025\/revisions\/2076"}],"up":[{"embeddable":true,"href":"https:\/\/begimgil.com.tr\/en\/wp-json\/wp\/v2\/pages\/1962"}],"wp:attachment":[{"href":"https:\/\/begimgil.com.tr\/en\/wp-json\/wp\/v2\/media?parent=2025"}],"curies":[{"name":"wp","href":"https:\/\/api.w.org\/{rel}","templated":true}]}}