{"id":2010,"date":"2020-09-28T23:59:02","date_gmt":"2020-09-28T20:59:02","guid":{"rendered":"https:\/\/begimgil.com.tr\/?page_id=1822"},"modified":"2020-09-28T23:59:02","modified_gmt":"2020-09-28T20:59:02","slug":"tuz-ruhu-30-lt","status":"publish","type":"page","link":"https:\/\/begimgil.com.tr\/en\/urunlerimiz-2\/endustriyel-genel-temizlik-urunleri-2\/salt-spirit-30-lt\/","title":{"rendered":"TUZ RUHU 30 Lt"},"content":{"rendered":"<p><\/p>\n<h3>\u00dcr\u00fcnlerimiz\u00a0 &gt; SALT SPIRIT 30 Lt<\/h3>\n<p>&nbsp;<\/p>\n<p style=\"text-align: center;\"><img loading=\"lazy\" class=\"alignnone wp-image-1813\" src=\"https:\/\/begimgil.com.tr\/wp-content\/uploads\/2020\/09\/kuzey-tuz-ruhu-30lt.jpg\" alt=\"\" width=\"538\" height=\"576\" srcset=\"https:\/\/begimgil.com.tr\/wp-content\/uploads\/2020\/09\/kuzey-tuz-ruhu-30lt.jpg 1496w, https:\/\/begimgil.com.tr\/wp-content\/uploads\/2020\/09\/kuzey-tuz-ruhu-30lt-281x300.jpg 281w, https:\/\/begimgil.com.tr\/wp-content\/uploads\/2020\/09\/kuzey-tuz-ruhu-30lt-957x1024.jpg 957w, https:\/\/begimgil.com.tr\/wp-content\/uploads\/2020\/09\/kuzey-tuz-ruhu-30lt-768x821.jpg 768w, https:\/\/begimgil.com.tr\/wp-content\/uploads\/2020\/09\/kuzey-tuz-ruhu-30lt-1436x1536.jpg 1436w\" sizes=\"(max-width: 538px) 100vw, 538px\" \/><\/p>\n<p>&nbsp;<\/p>\n<p>&nbsp;<\/p>\n<table width=\"100%\">\n<tbody>\n<tr>\n<td colspan=\"4\" width=\"100%\">\n<h4 style=\"text-align: center;\">SALT SPIRIT 30 Lt<\/h4>\n<\/td>\n<\/tr>\n<tr>\n<td width=\"25%\"><strong>\u00dcR\u00dcN C\u0130NS\u0130<\/strong><\/td>\n<td width=\"25%\"><strong>M\u0130KTARI<\/strong><\/td>\n<td width=\"25%\"><strong>KOL\u0130 \u0130\u00c7\u0130 ADET\u0130<\/strong><strong>\u00a0<\/strong><\/td>\n<td width=\"25%\"><strong>BARKOD<\/strong><\/td>\n<\/tr>\n<tr>\n<td width=\"221\">TUZ RUHU<\/td>\n<td width=\"221\">30 LT<\/td>\n<td width=\"221\">&#8211;<\/td>\n<td width=\"221\">8690553200662<\/td>\n<\/tr>\n<\/tbody>\n<\/table>\n<p><\/p>","protected":false},"excerpt":{"rendered":"<p>\u00dcr\u00fcnlerimiz\u00a0 &gt; SALT SPIRIT 30 Lt &nbsp; &nbsp; &nbsp; SALT SPIRIT 30 Lt \u00dcR\u00dcN C\u0130NS\u0130 M\u0130KTARI KOL\u0130 \u0130\u00c7\u0130 ADET\u0130\u00a0 BARKOD TUZ RUHU 30 LT &#8211; 8690553200662<\/p>\n","protected":false},"author":1,"featured_media":0,"parent":2022,"menu_order":0,"comment_status":"closed","ping_status":"closed","template":"","meta":[],"_links":{"self":[{"href":"https:\/\/begimgil.com.tr\/en\/wp-json\/wp\/v2\/pages\/2010"}],"collection":[{"href":"https:\/\/begimgil.com.tr\/en\/wp-json\/wp\/v2\/pages"}],"about":[{"href":"https:\/\/begimgil.com.tr\/en\/wp-json\/wp\/v2\/types\/page"}],"author":[{"embeddable":true,"href":"https:\/\/begimgil.com.tr\/en\/wp-json\/wp\/v2\/users\/1"}],"replies":[{"embeddable":true,"href":"https:\/\/begimgil.com.tr\/en\/wp-json\/wp\/v2\/comments?post=2010"}],"version-history":[{"count":0,"href":"https:\/\/begimgil.com.tr\/en\/wp-json\/wp\/v2\/pages\/2010\/revisions"}],"up":[{"embeddable":true,"href":"https:\/\/begimgil.com.tr\/en\/wp-json\/wp\/v2\/pages\/2022"}],"wp:attachment":[{"href":"https:\/\/begimgil.com.tr\/en\/wp-json\/wp\/v2\/media?parent=2010"}],"curies":[{"name":"wp","href":"https:\/\/api.w.org\/{rel}","templated":true}]}}