{"id":2009,"date":"2020-09-28T23:55:46","date_gmt":"2020-09-28T20:55:46","guid":{"rendered":"https:\/\/begimgil.com.tr\/?page_id=1821"},"modified":"2020-09-28T23:55:46","modified_gmt":"2020-09-28T20:55:46","slug":"ultra-camasir-suyu-30-lt","status":"publish","type":"page","link":"https:\/\/begimgil.com.tr\/en\/urunlerimiz-2\/endustriyel-genel-temizlik-urunleri-2\/ultra-bleach-30-lt\/","title":{"rendered":"ULTRA \u00c7AMA\u015eIR SUYU 30 Lt"},"content":{"rendered":"<p><\/p>\n<h3>Our Product &gt; ULTRA BLEACH 30 Lt<\/h3>\n<p>&nbsp;<\/p>\n<p style=\"text-align: center;\"><img loading=\"lazy\" class=\"alignnone size-full wp-image-1860\" src=\"https:\/\/begimgil.com.tr\/wp-content\/uploads\/2020\/09\/kuzey-ultra-camasir-suyu-30lt.jpg\" alt=\"\" width=\"1125\" height=\"490\" srcset=\"https:\/\/begimgil.com.tr\/wp-content\/uploads\/2020\/09\/kuzey-ultra-camasir-suyu-30lt.jpg 1125w, https:\/\/begimgil.com.tr\/wp-content\/uploads\/2020\/09\/kuzey-ultra-camasir-suyu-30lt-300x131.jpg 300w, https:\/\/begimgil.com.tr\/wp-content\/uploads\/2020\/09\/kuzey-ultra-camasir-suyu-30lt-1024x446.jpg 1024w, https:\/\/begimgil.com.tr\/wp-content\/uploads\/2020\/09\/kuzey-ultra-camasir-suyu-30lt-768x335.jpg 768w\" sizes=\"(max-width: 1125px) 100vw, 1125px\" \/><\/p>\n<p>&nbsp;<\/p>\n<p>&nbsp;<\/p>\n<table width=\"100%\">\n<tbody>\n<tr>\n<td colspan=\"4\" width=\"100%\">\n<h4 style=\"text-align: center;\">ULTRA BLEACH 30 Lt<\/h4>\n<\/td>\n<\/tr>\n<tr>\n<td width=\"25%\"><strong>PRODUCT TYPE<\/strong><\/td>\n<td width=\"25%\"><strong>QUANTITY<\/strong><\/td>\n<td width=\"25%\"><strong>PIECE INSIDE BOX<\/strong><\/td>\n<td width=\"25%\"><strong>BARCODE<\/strong><\/td>\n<\/tr>\n<tr>\n<td width=\"214\">\u00c7AMA\u015eIR SUYU DA\u011e ES\u0130NT\u0130S\u0130<\/td>\n<td width=\"214\">30 LT<\/td>\n<td width=\"214\">&#8211;<\/td>\n<td width=\"214\">8690553200402<\/td>\n<\/tr>\n<tr>\n<td width=\"214\">\u00c7AMA\u015eIR SUYU DA\u011e ES\u0130NT\u0130S\u0130 EKO<\/td>\n<td width=\"214\">30 LT<\/td>\n<td width=\"214\">&#8211;<\/td>\n<td width=\"214\">8690553200402<\/td>\n<\/tr>\n<\/tbody>\n<\/table>\n<p><\/p>","protected":false},"excerpt":{"rendered":"<p>Our Product &gt; ULTRA BLEACH 30 Lt &nbsp; &nbsp; &nbsp; ULTRA BLEACH 30 Lt PRODUCT TYPE QUANTITY PIECE INSIDE BOX BARCODE \u00c7AMA\u015eIR SUYU DA\u011e ES\u0130NT\u0130S\u0130 30 LT &#8211; 8690553200402 \u00c7AMA\u015eIR SUYU DA\u011e ES\u0130NT\u0130S\u0130 EKO 30 LT &#8211; 8690553200402<\/p>\n","protected":false},"author":1,"featured_media":0,"parent":2022,"menu_order":0,"comment_status":"closed","ping_status":"closed","template":"","meta":[],"_links":{"self":[{"href":"https:\/\/begimgil.com.tr\/en\/wp-json\/wp\/v2\/pages\/2009"}],"collection":[{"href":"https:\/\/begimgil.com.tr\/en\/wp-json\/wp\/v2\/pages"}],"about":[{"href":"https:\/\/begimgil.com.tr\/en\/wp-json\/wp\/v2\/types\/page"}],"author":[{"embeddable":true,"href":"https:\/\/begimgil.com.tr\/en\/wp-json\/wp\/v2\/users\/1"}],"replies":[{"embeddable":true,"href":"https:\/\/begimgil.com.tr\/en\/wp-json\/wp\/v2\/comments?post=2009"}],"version-history":[{"count":0,"href":"https:\/\/begimgil.com.tr\/en\/wp-json\/wp\/v2\/pages\/2009\/revisions"}],"up":[{"embeddable":true,"href":"https:\/\/begimgil.com.tr\/en\/wp-json\/wp\/v2\/pages\/2022"}],"wp:attachment":[{"href":"https:\/\/begimgil.com.tr\/en\/wp-json\/wp\/v2\/media?parent=2009"}],"curies":[{"name":"wp","href":"https:\/\/api.w.org\/{rel}","templated":true}]}}