{"id":2007,"date":"2020-09-29T00:19:57","date_gmt":"2020-09-28T21:19:57","guid":{"rendered":"https:\/\/begimgil.com.tr\/?page_id=1819"},"modified":"2020-09-29T00:19:57","modified_gmt":"2020-09-28T21:19:57","slug":"endustriyel-ana-yikama-maddesi-30-lt","status":"publish","type":"page","link":"https:\/\/begimgil.com.tr\/en\/urunlerimiz-2\/endustriyel-camasir-grubu-temizlik-urunleri-2\/industrial-main-washing-item-30-lt\/","title":{"rendered":"END\u00dcSTR\u0130YEL ANA YIKAMA MADDES\u0130 30 Lt"},"content":{"rendered":"<p><\/p>\n<h3>Our Product &gt; INDUSTRIAL MAIN WASHING ITEM 30 Lt<\/h3>\n<p>&nbsp;<\/p>\n<p style=\"text-align: center;\"><img loading=\"lazy\" class=\"alignnone wp-image-1789\" src=\"https:\/\/begimgil.com.tr\/wp-content\/uploads\/2020\/09\/ku-04-camasir-hijyen-30lt.jpg\" alt=\"\" width=\"506\" height=\"541\" srcset=\"https:\/\/begimgil.com.tr\/wp-content\/uploads\/2020\/09\/ku-04-camasir-hijyen-30lt.jpg 1496w, https:\/\/begimgil.com.tr\/wp-content\/uploads\/2020\/09\/ku-04-camasir-hijyen-30lt-281x300.jpg 281w, https:\/\/begimgil.com.tr\/wp-content\/uploads\/2020\/09\/ku-04-camasir-hijyen-30lt-957x1024.jpg 957w, https:\/\/begimgil.com.tr\/wp-content\/uploads\/2020\/09\/ku-04-camasir-hijyen-30lt-768x821.jpg 768w, https:\/\/begimgil.com.tr\/wp-content\/uploads\/2020\/09\/ku-04-camasir-hijyen-30lt-1436x1536.jpg 1436w\" sizes=\"(max-width: 506px) 100vw, 506px\" \/><\/p>\n<p>&nbsp;<\/p>\n<p>&nbsp;<\/p>\n<table width=\"100%\">\n<tbody>\n<tr>\n<td colspan=\"4\" width=\"100%\">\n<h4 style=\"text-align: center;\">INDUSTRIAL MAIN WASHING ITEM 30 Lt<\/h4>\n<\/td>\n<\/tr>\n<tr>\n<td width=\"25%\"><strong>PRODUCT TYPE<\/strong><\/td>\n<td width=\"25%\"><strong>QUANTITY<\/strong><\/td>\n<td width=\"25%\"><strong>PIECE INSIDE BOX<\/strong><\/td>\n<td width=\"25%\"><strong>BARCODE<\/strong><\/td>\n<\/tr>\n<tr>\n<td width=\"221\">KU-04 END\u00dcSTR\u0130YEL ANA YIKAMA MADDES\u0130<\/td>\n<td width=\"221\">30 LT<\/td>\n<td width=\"221\">&#8211;<\/td>\n<td width=\"221\">&#8211;<\/td>\n<\/tr>\n<\/tbody>\n<\/table>\n<p><\/p>","protected":false},"excerpt":{"rendered":"<p>Our Product &gt; INDUSTRIAL MAIN WASHING ITEM 30 Lt &nbsp; &nbsp; &nbsp; INDUSTRIAL MAIN WASHING ITEM 30 Lt PRODUCT TYPE QUANTITY PIECE INSIDE BOX BARCODE KU-04 END\u00dcSTR\u0130YEL ANA YIKAMA MADDES\u0130 30 LT &#8211; &#8211;<\/p>\n","protected":false},"author":1,"featured_media":0,"parent":2021,"menu_order":0,"comment_status":"closed","ping_status":"closed","template":"","meta":[],"_links":{"self":[{"href":"https:\/\/begimgil.com.tr\/en\/wp-json\/wp\/v2\/pages\/2007"}],"collection":[{"href":"https:\/\/begimgil.com.tr\/en\/wp-json\/wp\/v2\/pages"}],"about":[{"href":"https:\/\/begimgil.com.tr\/en\/wp-json\/wp\/v2\/types\/page"}],"author":[{"embeddable":true,"href":"https:\/\/begimgil.com.tr\/en\/wp-json\/wp\/v2\/users\/1"}],"replies":[{"embeddable":true,"href":"https:\/\/begimgil.com.tr\/en\/wp-json\/wp\/v2\/comments?post=2007"}],"version-history":[{"count":0,"href":"https:\/\/begimgil.com.tr\/en\/wp-json\/wp\/v2\/pages\/2007\/revisions"}],"up":[{"embeddable":true,"href":"https:\/\/begimgil.com.tr\/en\/wp-json\/wp\/v2\/pages\/2021"}],"wp:attachment":[{"href":"https:\/\/begimgil.com.tr\/en\/wp-json\/wp\/v2\/media?parent=2007"}],"curies":[{"name":"wp","href":"https:\/\/api.w.org\/{rel}","templated":true}]}}