{"id":2005,"date":"2020-09-29T00:31:35","date_gmt":"2020-09-28T21:31:35","guid":{"rendered":"https:\/\/begimgil.com.tr\/?page_id=1817"},"modified":"2020-09-29T00:31:35","modified_gmt":"2020-09-28T21:31:35","slug":"kir-ve-yag-sokucu-30-lt","status":"publish","type":"page","link":"https:\/\/begimgil.com.tr\/en\/urunlerimiz-2\/endustriyel-mutfak-grubu-temizlik-urunleri-2\/dirt-and-oil-remover-30-lt\/","title":{"rendered":"K\u0130R VE YA\u011e S\u00d6K\u00dcC\u00dc 30 Lt"},"content":{"rendered":"<p><\/p>\n<h3>Our Product &gt; DIRT AND OIL REMOVER 30 Lt<\/h3>\n<p>&nbsp;<\/p>\n<p style=\"text-align: center;\"><img loading=\"lazy\" class=\"alignnone wp-image-1870\" src=\"https:\/\/begimgil.com.tr\/wp-content\/uploads\/2020\/09\/KU-4648-kir-ve-yag-sokucu.jpg\" alt=\"\" width=\"498\" height=\"533\" srcset=\"https:\/\/begimgil.com.tr\/wp-content\/uploads\/2020\/09\/KU-4648-kir-ve-yag-sokucu.jpg 1496w, https:\/\/begimgil.com.tr\/wp-content\/uploads\/2020\/09\/KU-4648-kir-ve-yag-sokucu-281x300.jpg 281w, https:\/\/begimgil.com.tr\/wp-content\/uploads\/2020\/09\/KU-4648-kir-ve-yag-sokucu-957x1024.jpg 957w, https:\/\/begimgil.com.tr\/wp-content\/uploads\/2020\/09\/KU-4648-kir-ve-yag-sokucu-768x821.jpg 768w, https:\/\/begimgil.com.tr\/wp-content\/uploads\/2020\/09\/KU-4648-kir-ve-yag-sokucu-1436x1536.jpg 1436w\" sizes=\"(max-width: 498px) 100vw, 498px\" \/><\/p>\n<p>&nbsp;<\/p>\n<p>&nbsp;<\/p>\n<table width=\"100%\">\n<tbody>\n<tr>\n<td colspan=\"4\" width=\"100%\">\n<h4 style=\"text-align: center;\">DIRT AND OIL REMOVER 30 Lt<\/h4>\n<\/td>\n<\/tr>\n<tr>\n<td width=\"25%\"><strong>PRODUCT TYPE<\/strong><\/td>\n<td width=\"25%\"><strong>QUANTITY<\/strong><\/td>\n<td width=\"25%\"><strong>PIECE INSIDE BOX<\/strong><\/td>\n<td width=\"25%\"><strong>BARCODE<\/strong><\/td>\n<\/tr>\n<tr>\n<td width=\"221\">K\u0130R VE YA\u011e S\u00d6K\u00dcC\u00dc<\/td>\n<td width=\"221\">30 LT<\/td>\n<td width=\"221\">&#8211;<\/td>\n<td width=\"221\">8690553200464<\/td>\n<\/tr>\n<\/tbody>\n<\/table>\n<p><\/p>","protected":false},"excerpt":{"rendered":"<p>Our Product &gt; DIRT AND OIL REMOVER 30 Lt &nbsp; &nbsp; &nbsp; DIRT AND OIL REMOVER 30 Lt PRODUCT TYPE QUANTITY PIECE INSIDE BOX BARCODE K\u0130R VE YA\u011e S\u00d6K\u00dcC\u00dc 30 LT &#8211; 8690553200464<\/p>\n","protected":false},"author":1,"featured_media":0,"parent":2023,"menu_order":0,"comment_status":"closed","ping_status":"closed","template":"","meta":[],"_links":{"self":[{"href":"https:\/\/begimgil.com.tr\/en\/wp-json\/wp\/v2\/pages\/2005"}],"collection":[{"href":"https:\/\/begimgil.com.tr\/en\/wp-json\/wp\/v2\/pages"}],"about":[{"href":"https:\/\/begimgil.com.tr\/en\/wp-json\/wp\/v2\/types\/page"}],"author":[{"embeddable":true,"href":"https:\/\/begimgil.com.tr\/en\/wp-json\/wp\/v2\/users\/1"}],"replies":[{"embeddable":true,"href":"https:\/\/begimgil.com.tr\/en\/wp-json\/wp\/v2\/comments?post=2005"}],"version-history":[{"count":0,"href":"https:\/\/begimgil.com.tr\/en\/wp-json\/wp\/v2\/pages\/2005\/revisions"}],"up":[{"embeddable":true,"href":"https:\/\/begimgil.com.tr\/en\/wp-json\/wp\/v2\/pages\/2023"}],"wp:attachment":[{"href":"https:\/\/begimgil.com.tr\/en\/wp-json\/wp\/v2\/media?parent=2005"}],"curies":[{"name":"wp","href":"https:\/\/api.w.org\/{rel}","templated":true}]}}