{"id":2003,"date":"2020-09-28T21:34:35","date_gmt":"2020-09-28T18:34:35","guid":{"rendered":"https:\/\/begimgil.com.tr\/?page_id=1840"},"modified":"2020-09-28T21:34:35","modified_gmt":"2020-09-28T18:34:35","slug":"ahsap-temizleyici-30-lt","status":"publish","type":"page","link":"https:\/\/begimgil.com.tr\/en\/urunlerimiz-2\/endustriyel-genel-temizlik-urunleri-2\/wood-cleaner-30-lt\/","title":{"rendered":"AH\u015eAP TEM\u0130ZLEY\u0130C\u0130 30 Lt"},"content":{"rendered":"<p><\/p>\n<h3>Our Product &gt; WOOD CLEANER 30 Lt<\/h3>\n<p>&nbsp;<\/p>\n<p style=\"text-align: center;\"><img loading=\"lazy\" class=\"alignnone size-full wp-image-1798\" src=\"https:\/\/begimgil.com.tr\/wp-content\/uploads\/2020\/09\/kuzey-ahsap-temizleyici-30lt.jpg\" alt=\"\" width=\"460\" height=\"488\" srcset=\"https:\/\/begimgil.com.tr\/wp-content\/uploads\/2020\/09\/kuzey-ahsap-temizleyici-30lt.jpg 460w, https:\/\/begimgil.com.tr\/wp-content\/uploads\/2020\/09\/kuzey-ahsap-temizleyici-30lt-283x300.jpg 283w\" sizes=\"(max-width: 460px) 100vw, 460px\" \/><\/p>\n<p>&nbsp;<\/p>\n<p>&nbsp;<\/p>\n<table width=\"100%\">\n<tbody>\n<tr>\n<td colspan=\"4\" width=\"100%\">\n<h4 style=\"text-align: center;\">WOOD CLEANER 30 Lt<\/h4>\n<\/td>\n<\/tr>\n<tr>\n<td width=\"25%\"><strong>PRODUCT TYPE<\/strong><\/td>\n<td width=\"25%\"><strong>QUANTITY<\/strong><\/td>\n<td width=\"25%\"><strong>PIECE INSIDE BOX<\/strong><\/td>\n<td width=\"25%\"><strong>BARCODE<\/strong><\/td>\n<\/tr>\n<tr>\n<td width=\"221\">AH\u015eAP TEM\u0130ZLEY\u0130C\u0130<\/td>\n<td width=\"221\">30 LT<\/td>\n<td width=\"221\">&#8211;<\/td>\n<td width=\"221\">8690553200624<\/td>\n<\/tr>\n<\/tbody>\n<\/table>\n<p><\/p>","protected":false},"excerpt":{"rendered":"<p>Our Product &gt; WOOD CLEANER 30 Lt &nbsp; &nbsp; &nbsp; WOOD CLEANER 30 Lt PRODUCT TYPE QUANTITY PIECE INSIDE BOX BARCODE AH\u015eAP TEM\u0130ZLEY\u0130C\u0130 30 LT &#8211; 8690553200624<\/p>\n","protected":false},"author":1,"featured_media":0,"parent":2022,"menu_order":0,"comment_status":"closed","ping_status":"closed","template":"","meta":[],"_links":{"self":[{"href":"https:\/\/begimgil.com.tr\/en\/wp-json\/wp\/v2\/pages\/2003"}],"collection":[{"href":"https:\/\/begimgil.com.tr\/en\/wp-json\/wp\/v2\/pages"}],"about":[{"href":"https:\/\/begimgil.com.tr\/en\/wp-json\/wp\/v2\/types\/page"}],"author":[{"embeddable":true,"href":"https:\/\/begimgil.com.tr\/en\/wp-json\/wp\/v2\/users\/1"}],"replies":[{"embeddable":true,"href":"https:\/\/begimgil.com.tr\/en\/wp-json\/wp\/v2\/comments?post=2003"}],"version-history":[{"count":0,"href":"https:\/\/begimgil.com.tr\/en\/wp-json\/wp\/v2\/pages\/2003\/revisions"}],"up":[{"embeddable":true,"href":"https:\/\/begimgil.com.tr\/en\/wp-json\/wp\/v2\/pages\/2022"}],"wp:attachment":[{"href":"https:\/\/begimgil.com.tr\/en\/wp-json\/wp\/v2\/media?parent=2003"}],"curies":[{"name":"wp","href":"https:\/\/api.w.org\/{rel}","templated":true}]}}