{"id":1995,"date":"2020-09-28T23:35:27","date_gmt":"2020-09-28T20:35:27","guid":{"rendered":"https:\/\/begimgil.com.tr\/?page_id=1832"},"modified":"2020-09-28T23:35:27","modified_gmt":"2020-09-28T20:35:27","slug":"camasir-yumusaticisi-30-lt","status":"publish","type":"page","link":"https:\/\/begimgil.com.tr\/en\/urunlerimiz-2\/endustriyel-camasir-grubu-temizlik-urunleri-2\/laundry-softener-30-lt\/","title":{"rendered":"\u00c7AMA\u015eIR YUMU\u015eATICISI 30 Lt"},"content":{"rendered":"<p><\/p>\n<h3>Our Product &gt; LAUNDRY SOFTENER 30 Lt<\/h3>\n<p>&nbsp;<\/p>\n<p style=\"text-align: center;\"><img loading=\"lazy\" class=\"alignnone size-full wp-image-1712\" src=\"https:\/\/begimgil.com.tr\/wp-content\/uploads\/2020\/09\/kuzey-camasir-yumusatici-30lt.jpg\" alt=\"\" width=\"1353\" height=\"404\" srcset=\"https:\/\/begimgil.com.tr\/wp-content\/uploads\/2020\/09\/kuzey-camasir-yumusatici-30lt.jpg 1353w, https:\/\/begimgil.com.tr\/wp-content\/uploads\/2020\/09\/kuzey-camasir-yumusatici-30lt-300x90.jpg 300w, https:\/\/begimgil.com.tr\/wp-content\/uploads\/2020\/09\/kuzey-camasir-yumusatici-30lt-1024x306.jpg 1024w, https:\/\/begimgil.com.tr\/wp-content\/uploads\/2020\/09\/kuzey-camasir-yumusatici-30lt-768x229.jpg 768w\" sizes=\"(max-width: 1353px) 100vw, 1353px\" \/><\/p>\n<p>&nbsp;<\/p>\n<p>&nbsp;<\/p>\n<table width=\"100%\">\n<tbody>\n<tr>\n<td colspan=\"4\" width=\"100%\">\n<h4 style=\"text-align: center;\">LAUNDRY SOFTENER 30 Lt<\/h4>\n<\/td>\n<\/tr>\n<tr>\n<td width=\"25%\"><strong>PRODUCT TYPE<\/strong><\/td>\n<td width=\"25%\"><strong>QUANTITY<\/strong><\/td>\n<td width=\"25%\"><strong>PIECE INSIDE BOX<\/strong><\/td>\n<td width=\"25%\"><strong>BARCODE<\/strong><\/td>\n<\/tr>\n<tr>\n<td width=\"214\">YUMU\u015eATICI EXTRA &#8211; MAV\u0130<\/td>\n<td width=\"214\">30 LT<\/td>\n<td width=\"214\">&#8211;<\/td>\n<td width=\"214\">8690553200129<\/td>\n<\/tr>\n<tr>\n<td width=\"214\">YUMU\u015eATICI EXTRA &#8211; BEYAZ<\/td>\n<td width=\"214\">30 LT<\/td>\n<td width=\"214\">&#8211;<\/td>\n<td width=\"214\">8690553200129<\/td>\n<\/tr>\n<tr>\n<td width=\"214\">YUMU\u015eATICI EXTRA &#8211; PEMBE<\/td>\n<td width=\"214\">30 LT<\/td>\n<td width=\"214\">&#8211;<\/td>\n<td width=\"214\">8690553200129<\/td>\n<\/tr>\n<tr>\n<td width=\"214\">YUMU\u015eATICI EXTRA &#8211; L\u0130LA SOFT<\/td>\n<td width=\"214\">30 LT<\/td>\n<td width=\"214\">&#8211;<\/td>\n<td width=\"214\">8690553200129<\/td>\n<\/tr>\n<\/tbody>\n<\/table>\n<p><\/p>","protected":false},"excerpt":{"rendered":"<p>Our Product &gt; LAUNDRY SOFTENER 30 Lt &nbsp; &nbsp; &nbsp; LAUNDRY SOFTENER 30 Lt PRODUCT TYPE QUANTITY PIECE INSIDE BOX BARCODE YUMU\u015eATICI EXTRA &#8211; MAV\u0130 30 LT &#8211; 8690553200129 YUMU\u015eATICI EXTRA &#8211; BEYAZ 30 LT &#8211; 8690553200129 YUMU\u015eATICI EXTRA &#8211; PEMBE 30 LT &#8211; 8690553200129 YUMU\u015eATICI EXTRA &#8211; L\u0130LA SOFT 30 LT &#8211; 8690553200129<\/p>\n","protected":false},"author":1,"featured_media":0,"parent":2021,"menu_order":0,"comment_status":"closed","ping_status":"closed","template":"","meta":[],"_links":{"self":[{"href":"https:\/\/begimgil.com.tr\/en\/wp-json\/wp\/v2\/pages\/1995"}],"collection":[{"href":"https:\/\/begimgil.com.tr\/en\/wp-json\/wp\/v2\/pages"}],"about":[{"href":"https:\/\/begimgil.com.tr\/en\/wp-json\/wp\/v2\/types\/page"}],"author":[{"embeddable":true,"href":"https:\/\/begimgil.com.tr\/en\/wp-json\/wp\/v2\/users\/1"}],"replies":[{"embeddable":true,"href":"https:\/\/begimgil.com.tr\/en\/wp-json\/wp\/v2\/comments?post=1995"}],"version-history":[{"count":0,"href":"https:\/\/begimgil.com.tr\/en\/wp-json\/wp\/v2\/pages\/1995\/revisions"}],"up":[{"embeddable":true,"href":"https:\/\/begimgil.com.tr\/en\/wp-json\/wp\/v2\/pages\/2021"}],"wp:attachment":[{"href":"https:\/\/begimgil.com.tr\/en\/wp-json\/wp\/v2\/media?parent=1995"}],"curies":[{"name":"wp","href":"https:\/\/api.w.org\/{rel}","templated":true}]}}