{"id":1990,"date":"2020-09-28T23:47:54","date_gmt":"2020-09-28T20:47:54","guid":{"rendered":"https:\/\/begimgil.com.tr\/?page_id=1827"},"modified":"2020-09-28T23:47:54","modified_gmt":"2020-09-28T20:47:54","slug":"camasir-suyu-30-lt","status":"publish","type":"page","link":"https:\/\/begimgil.com.tr\/en\/urunlerimiz-2\/endustriyel-genel-temizlik-urunleri-2\/bleach-30-lt\/","title":{"rendered":"\u00c7AMA\u015eIR SUYU 30 Lt"},"content":{"rendered":"<p><\/p>\n<h3>Our Product &gt; BLEACH 30 Lt<\/h3>\n<p>&nbsp;<\/p>\n<p style=\"text-align: center;\"><img loading=\"lazy\" class=\"alignnone size-full wp-image-1801\" src=\"https:\/\/begimgil.com.tr\/wp-content\/uploads\/2020\/09\/kuzey-camasir-suyu-30lt.jpg\" alt=\"\" width=\"1282\" height=\"627\" srcset=\"https:\/\/begimgil.com.tr\/wp-content\/uploads\/2020\/09\/kuzey-camasir-suyu-30lt.jpg 1282w, https:\/\/begimgil.com.tr\/wp-content\/uploads\/2020\/09\/kuzey-camasir-suyu-30lt-300x147.jpg 300w, https:\/\/begimgil.com.tr\/wp-content\/uploads\/2020\/09\/kuzey-camasir-suyu-30lt-1024x501.jpg 1024w, https:\/\/begimgil.com.tr\/wp-content\/uploads\/2020\/09\/kuzey-camasir-suyu-30lt-768x376.jpg 768w\" sizes=\"(max-width: 1282px) 100vw, 1282px\" \/><\/p>\n<p>&nbsp;<\/p>\n<p>&nbsp;<\/p>\n<table width=\"100%\">\n<tbody>\n<tr>\n<td colspan=\"4\" width=\"100%\">\n<h4 style=\"text-align: center;\">BLEACH 30 Lt<\/h4>\n<\/td>\n<\/tr>\n<tr>\n<td width=\"25%\"><strong>PRODUCT TYPE<\/strong><\/td>\n<td width=\"25%\"><strong>QUANTITY<\/strong><\/td>\n<td width=\"25%\"><strong>PIECE INSIDE BOX<\/strong><\/td>\n<td width=\"25%\"><strong>BARCODE<\/strong><\/td>\n<\/tr>\n<tr>\n<td width=\"214\">\u00c7AMA\u015eIR SUYU BAHAR KOKULU<\/td>\n<td width=\"214\">30 LT<\/td>\n<td width=\"214\">&#8211;<\/td>\n<td width=\"214\">8690553200334<\/td>\n<\/tr>\n<tr>\n<td width=\"214\">\u00c7AMA\u015eIR SUYU BAHAR KOKULU-EKO<\/td>\n<td width=\"214\">30 LT<\/td>\n<td width=\"214\">&#8211;<\/td>\n<td width=\"214\">8690553200334<\/td>\n<\/tr>\n<\/tbody>\n<\/table>\n<p><\/p>","protected":false},"excerpt":{"rendered":"<p>Our Product &gt; BLEACH 30 Lt &nbsp; &nbsp; &nbsp; BLEACH 30 Lt PRODUCT TYPE QUANTITY PIECE INSIDE BOX BARCODE \u00c7AMA\u015eIR SUYU BAHAR KOKULU 30 LT &#8211; 8690553200334 \u00c7AMA\u015eIR SUYU BAHAR KOKULU-EKO 30 LT &#8211; 8690553200334<\/p>\n","protected":false},"author":1,"featured_media":0,"parent":2022,"menu_order":0,"comment_status":"closed","ping_status":"closed","template":"","meta":[],"_links":{"self":[{"href":"https:\/\/begimgil.com.tr\/en\/wp-json\/wp\/v2\/pages\/1990"}],"collection":[{"href":"https:\/\/begimgil.com.tr\/en\/wp-json\/wp\/v2\/pages"}],"about":[{"href":"https:\/\/begimgil.com.tr\/en\/wp-json\/wp\/v2\/types\/page"}],"author":[{"embeddable":true,"href":"https:\/\/begimgil.com.tr\/en\/wp-json\/wp\/v2\/users\/1"}],"replies":[{"embeddable":true,"href":"https:\/\/begimgil.com.tr\/en\/wp-json\/wp\/v2\/comments?post=1990"}],"version-history":[{"count":0,"href":"https:\/\/begimgil.com.tr\/en\/wp-json\/wp\/v2\/pages\/1990\/revisions"}],"up":[{"embeddable":true,"href":"https:\/\/begimgil.com.tr\/en\/wp-json\/wp\/v2\/pages\/2022"}],"wp:attachment":[{"href":"https:\/\/begimgil.com.tr\/en\/wp-json\/wp\/v2\/media?parent=1990"}],"curies":[{"name":"wp","href":"https:\/\/api.w.org\/{rel}","templated":true}]}}