{"id":1985,"date":"2020-09-28T21:01:14","date_gmt":"2020-09-28T18:01:14","guid":{"rendered":"https:\/\/begimgil.com.tr\/?page_id=1756"},"modified":"2020-09-28T21:01:14","modified_gmt":"2020-09-28T18:01:14","slug":"kirec-sokucu","status":"publish","type":"page","link":"https:\/\/begimgil.com.tr\/en\/urunlerimiz-2\/camasir-grubu-temizlik-urunleri-3\/lime-remover\/","title":{"rendered":"K\u0130RE\u00c7 S\u00d6K\u00dcC\u00dc"},"content":{"rendered":"<p><\/p>\n<h3>Our Product &gt; LIME REMOVER<\/h3>\n<p>&nbsp;<\/p>\n<p style=\"text-align: center;\"><img loading=\"lazy\" class=\"alignnone size-full wp-image-1715\" src=\"https:\/\/begimgil.com.tr\/wp-content\/uploads\/2020\/09\/kuzey-kirec-sokucu.jpg\" alt=\"\" width=\"829\" height=\"444\" srcset=\"https:\/\/begimgil.com.tr\/wp-content\/uploads\/2020\/09\/kuzey-kirec-sokucu.jpg 829w, https:\/\/begimgil.com.tr\/wp-content\/uploads\/2020\/09\/kuzey-kirec-sokucu-300x161.jpg 300w, https:\/\/begimgil.com.tr\/wp-content\/uploads\/2020\/09\/kuzey-kirec-sokucu-768x411.jpg 768w\" sizes=\"(max-width: 829px) 100vw, 829px\" \/><\/p>\n<p>&nbsp;<\/p>\n<p>&nbsp;<\/p>\n<table width=\"100%\">\n<tbody>\n<tr>\n<td colspan=\"4\" width=\"100%\">\n<h4 style=\"text-align: center;\">LIME REMOVER<\/h4>\n<\/td>\n<\/tr>\n<tr>\n<td width=\"25%\"><strong>PRODUCT TYPE<\/strong><\/td>\n<td width=\"25%\"><strong>QUANTITY<\/strong><\/td>\n<td width=\"25%\"><strong>PIECE INSIDE BOX<\/strong><\/td>\n<td width=\"25%\"><strong>BARCODE<\/strong><\/td>\n<\/tr>\n<tr>\n<td width=\"213\">\u00d6ZEL TUZ<\/td>\n<td width=\"213\">1.5 KG<\/td>\n<td width=\"213\">6<\/td>\n<td width=\"213\">8690553200099<\/td>\n<\/tr>\n<tr>\n<td width=\"213\">K\u0130RE\u00c7 \u00c7\u00d6Z\u00dcC\u00dc<\/td>\n<td width=\"213\">80 GR<\/td>\n<td width=\"213\">48<\/td>\n<td width=\"213\">8690553400093<\/td>\n<\/tr>\n<\/tbody>\n<\/table>\n<p><\/p>","protected":false},"excerpt":{"rendered":"<p>Our Product &gt; LIME REMOVER &nbsp; &nbsp; &nbsp; LIME REMOVER PRODUCT TYPE QUANTITY PIECE INSIDE BOX BARCODE \u00d6ZEL TUZ 1.5 KG 6 8690553200099 K\u0130RE\u00c7 \u00c7\u00d6Z\u00dcC\u00dc 80 GR 48 8690553400093<\/p>\n","protected":false},"author":1,"featured_media":0,"parent":2025,"menu_order":0,"comment_status":"closed","ping_status":"closed","template":"","meta":[],"_links":{"self":[{"href":"https:\/\/begimgil.com.tr\/en\/wp-json\/wp\/v2\/pages\/1985"}],"collection":[{"href":"https:\/\/begimgil.com.tr\/en\/wp-json\/wp\/v2\/pages"}],"about":[{"href":"https:\/\/begimgil.com.tr\/en\/wp-json\/wp\/v2\/types\/page"}],"author":[{"embeddable":true,"href":"https:\/\/begimgil.com.tr\/en\/wp-json\/wp\/v2\/users\/1"}],"replies":[{"embeddable":true,"href":"https:\/\/begimgil.com.tr\/en\/wp-json\/wp\/v2\/comments?post=1985"}],"version-history":[{"count":0,"href":"https:\/\/begimgil.com.tr\/en\/wp-json\/wp\/v2\/pages\/1985\/revisions"}],"up":[{"embeddable":true,"href":"https:\/\/begimgil.com.tr\/en\/wp-json\/wp\/v2\/pages\/2025"}],"wp:attachment":[{"href":"https:\/\/begimgil.com.tr\/en\/wp-json\/wp\/v2\/media?parent=1985"}],"curies":[{"name":"wp","href":"https:\/\/api.w.org\/{rel}","templated":true}]}}