{"id":1977,"date":"2020-09-28T20:42:35","date_gmt":"2020-09-28T17:42:35","guid":{"rendered":"https:\/\/begimgil.com.tr\/?page_id=1750"},"modified":"2020-09-28T20:42:35","modified_gmt":"2020-09-28T17:42:35","slug":"yuzey-temizleyici-25-lt","status":"publish","type":"page","link":"https:\/\/begimgil.com.tr\/en\/urunlerimiz-2\/genel-temizlik-urunleri-2\/surface-cleaner-25-lt\/","title":{"rendered":"Y\u00dcZEY TEM\u0130ZLEY\u0130C\u0130 2,5 Lt"},"content":{"rendered":"<p><\/p>\n<h3>Our Product &gt; SURFACE CLEANER 2,5 Lt<\/h3>\n<p>&nbsp;<\/p>\n<p style=\"text-align: center;\"><img loading=\"lazy\" class=\"alignnone size-full wp-image-1729\" src=\"https:\/\/begimgil.com.tr\/wp-content\/uploads\/2020\/09\/kuzey-yuzey-temizleyici-2-5lt.jpg\" alt=\"\" width=\"1093\" height=\"438\" srcset=\"https:\/\/begimgil.com.tr\/wp-content\/uploads\/2020\/09\/kuzey-yuzey-temizleyici-2-5lt.jpg 1093w, https:\/\/begimgil.com.tr\/wp-content\/uploads\/2020\/09\/kuzey-yuzey-temizleyici-2-5lt-300x120.jpg 300w, https:\/\/begimgil.com.tr\/wp-content\/uploads\/2020\/09\/kuzey-yuzey-temizleyici-2-5lt-1024x410.jpg 1024w, https:\/\/begimgil.com.tr\/wp-content\/uploads\/2020\/09\/kuzey-yuzey-temizleyici-2-5lt-768x308.jpg 768w\" sizes=\"(max-width: 1093px) 100vw, 1093px\" \/><\/p>\n<p>&nbsp;<\/p>\n<p>&nbsp;<\/p>\n<table width=\"100%\">\n<tbody>\n<tr>\n<td colspan=\"4\" width=\"100%\">\n<h4 style=\"text-align: center;\">SURFACE CLEANER 2,5 Lt<\/h4>\n<\/td>\n<\/tr>\n<tr>\n<td width=\"25%\"><strong>PRODUCT TYPE<\/strong><\/td>\n<td width=\"25%\"><strong>QUANTITY<\/strong><\/td>\n<td width=\"25%\"><strong>PIECE INSIDE BOX<\/strong><\/td>\n<td width=\"25%\"><strong>BARCODE<\/strong><\/td>\n<\/tr>\n<tr>\n<td width=\"202\">BEYAZ SABUN KOKULU<\/td>\n<td width=\"202\">2,5 LT<\/td>\n<td width=\"202\">6<\/td>\n<td width=\"202\">8690553201270<\/td>\n<\/tr>\n<tr>\n<td width=\"202\">LAVANTA KOKULU<\/td>\n<td width=\"202\">2,5 LT<\/td>\n<td width=\"202\">6<\/td>\n<td width=\"202\">8690553201263<\/td>\n<\/tr>\n<tr>\n<td width=\"202\">SARI G\u00dcLLER<\/td>\n<td width=\"202\">2,5 LT<\/td>\n<td width=\"202\">6<\/td>\n<td width=\"202\">8690553201263<\/td>\n<\/tr>\n<tr>\n<td width=\"202\">G\u0130ZL\u0130 BAH\u00c7E<\/td>\n<td width=\"202\">2,5 LT<\/td>\n<td width=\"202\">6<\/td>\n<td width=\"202\">8690553201263<\/td>\n<\/tr>\n<\/tbody>\n<\/table>\n<p><\/p>","protected":false},"excerpt":{"rendered":"<p>Our Product &gt; SURFACE CLEANER 2,5 Lt &nbsp; &nbsp; &nbsp; SURFACE CLEANER 2,5 Lt PRODUCT TYPE QUANTITY PIECE INSIDE BOX BARCODE BEYAZ SABUN KOKULU 2,5 LT 6 8690553201270 LAVANTA KOKULU 2,5 LT 6 8690553201263 SARI G\u00dcLLER 2,5 LT 6 8690553201263 G\u0130ZL\u0130 BAH\u00c7E 2,5 LT 6 8690553201263<\/p>\n","protected":false},"author":1,"featured_media":0,"parent":2026,"menu_order":0,"comment_status":"closed","ping_status":"closed","template":"","meta":[],"_links":{"self":[{"href":"https:\/\/begimgil.com.tr\/en\/wp-json\/wp\/v2\/pages\/1977"}],"collection":[{"href":"https:\/\/begimgil.com.tr\/en\/wp-json\/wp\/v2\/pages"}],"about":[{"href":"https:\/\/begimgil.com.tr\/en\/wp-json\/wp\/v2\/types\/page"}],"author":[{"embeddable":true,"href":"https:\/\/begimgil.com.tr\/en\/wp-json\/wp\/v2\/users\/1"}],"replies":[{"embeddable":true,"href":"https:\/\/begimgil.com.tr\/en\/wp-json\/wp\/v2\/comments?post=1977"}],"version-history":[{"count":0,"href":"https:\/\/begimgil.com.tr\/en\/wp-json\/wp\/v2\/pages\/1977\/revisions"}],"up":[{"embeddable":true,"href":"https:\/\/begimgil.com.tr\/en\/wp-json\/wp\/v2\/pages\/2026"}],"wp:attachment":[{"href":"https:\/\/begimgil.com.tr\/en\/wp-json\/wp\/v2\/media?parent=1977"}],"curies":[{"name":"wp","href":"https:\/\/api.w.org\/{rel}","templated":true}]}}