{"id":1975,"date":"2020-09-28T20:37:04","date_gmt":"2020-09-28T17:37:04","guid":{"rendered":"https:\/\/begimgil.com.tr\/?page_id=1748"},"modified":"2020-09-28T20:37:04","modified_gmt":"2020-09-28T17:37:04","slug":"yuzey-temizleyici-1-lt","status":"publish","type":"page","link":"https:\/\/begimgil.com.tr\/en\/urunlerimiz-2\/genel-temizlik-urunleri-2\/surface-cleaner-1-lt\/","title":{"rendered":"Y\u00dcZEY TEM\u0130ZLEY\u0130C\u0130 1 Lt"},"content":{"rendered":"<p><\/p>\n<h3>Our Product &gt; SURFACE CLEANER 1 Lt<\/h3>\n<p>&nbsp;<\/p>\n<p style=\"text-align: center;\"><img loading=\"lazy\" class=\"alignnone size-full wp-image-1728\" src=\"https:\/\/begimgil.com.tr\/wp-content\/uploads\/2020\/09\/kuzey-yuzey-temizleyici-1lt.jpg\" alt=\"\" width=\"1078\" height=\"547\" srcset=\"https:\/\/begimgil.com.tr\/wp-content\/uploads\/2020\/09\/kuzey-yuzey-temizleyici-1lt.jpg 1078w, https:\/\/begimgil.com.tr\/wp-content\/uploads\/2020\/09\/kuzey-yuzey-temizleyici-1lt-300x152.jpg 300w, https:\/\/begimgil.com.tr\/wp-content\/uploads\/2020\/09\/kuzey-yuzey-temizleyici-1lt-1024x520.jpg 1024w, https:\/\/begimgil.com.tr\/wp-content\/uploads\/2020\/09\/kuzey-yuzey-temizleyici-1lt-768x390.jpg 768w\" sizes=\"(max-width: 1078px) 100vw, 1078px\" \/><\/p>\n<p>&nbsp;<\/p>\n<p>&nbsp;<\/p>\n<table width=\"100%\">\n<tbody>\n<tr>\n<td colspan=\"4\" width=\"100%\">\n<h4 style=\"text-align: center;\">SURFACE CLEANER 1 Lt<\/h4>\n<\/td>\n<\/tr>\n<tr>\n<td width=\"25%\"><strong>PRODUCT TYPE<\/strong><\/td>\n<td width=\"25%\"><strong>QUANTITY<\/strong><\/td>\n<td width=\"25%\"><strong>PIECE INSIDE BOX<\/strong><\/td>\n<td width=\"25%\"><strong>BARCODE<\/strong><\/td>\n<\/tr>\n<tr>\n<td width=\"206\">BEYAZ SABUN KOKULU<\/td>\n<td width=\"206\">1 LT<\/td>\n<td width=\"206\">12<\/td>\n<td width=\"206\">8690553202444<\/td>\n<\/tr>\n<tr>\n<td width=\"206\">LAVANTA KOKULU<\/td>\n<td width=\"206\">1 LT<\/td>\n<td width=\"206\">12<\/td>\n<td width=\"206\">8690553202420<\/td>\n<\/tr>\n<tr>\n<td width=\"206\">SARI G\u00dcLLER<\/td>\n<td width=\"206\">1 LT<\/td>\n<td width=\"206\">12<\/td>\n<td width=\"206\">8690553202437<\/td>\n<\/tr>\n<tr>\n<td width=\"206\">G\u0130ZL\u0130 BAH\u00c7E<\/td>\n<td width=\"206\">1 LT<\/td>\n<td width=\"206\">12<\/td>\n<td width=\"206\">8690553202406<\/td>\n<\/tr>\n<\/tbody>\n<\/table>\n<p><\/p>","protected":false},"excerpt":{"rendered":"<p>Our Product &gt; SURFACE CLEANER 1 Lt &nbsp; &nbsp; &nbsp; SURFACE CLEANER 1 Lt PRODUCT TYPE QUANTITY PIECE INSIDE BOX BARCODE BEYAZ SABUN KOKULU 1 LT 12 8690553202444 LAVANTA KOKULU 1 LT 12 8690553202420 SARI G\u00dcLLER 1 LT 12 8690553202437 G\u0130ZL\u0130 BAH\u00c7E 1 LT 12 8690553202406<\/p>\n","protected":false},"author":1,"featured_media":0,"parent":2026,"menu_order":0,"comment_status":"closed","ping_status":"closed","template":"","meta":[],"_links":{"self":[{"href":"https:\/\/begimgil.com.tr\/en\/wp-json\/wp\/v2\/pages\/1975"}],"collection":[{"href":"https:\/\/begimgil.com.tr\/en\/wp-json\/wp\/v2\/pages"}],"about":[{"href":"https:\/\/begimgil.com.tr\/en\/wp-json\/wp\/v2\/types\/page"}],"author":[{"embeddable":true,"href":"https:\/\/begimgil.com.tr\/en\/wp-json\/wp\/v2\/users\/1"}],"replies":[{"embeddable":true,"href":"https:\/\/begimgil.com.tr\/en\/wp-json\/wp\/v2\/comments?post=1975"}],"version-history":[{"count":0,"href":"https:\/\/begimgil.com.tr\/en\/wp-json\/wp\/v2\/pages\/1975\/revisions"}],"up":[{"embeddable":true,"href":"https:\/\/begimgil.com.tr\/en\/wp-json\/wp\/v2\/pages\/2026"}],"wp:attachment":[{"href":"https:\/\/begimgil.com.tr\/en\/wp-json\/wp\/v2\/media?parent=1975"}],"curies":[{"name":"wp","href":"https:\/\/api.w.org\/{rel}","templated":true}]}}