{"id":1969,"date":"2020-09-28T20:04:22","date_gmt":"2020-09-28T17:04:22","guid":{"rendered":"https:\/\/begimgil.com.tr\/?page_id=1742"},"modified":"2020-09-28T20:04:22","modified_gmt":"2020-09-28T17:04:22","slug":"ultra-camasir-suyu","status":"publish","type":"page","link":"https:\/\/begimgil.com.tr\/en\/urunlerimiz-2\/genel-temizlik-urunleri-2\/ultra-bleach\/","title":{"rendered":"ULTRA \u00c7AMA\u015eIR SUYU"},"content":{"rendered":"<p><\/p>\n<h3>Our Product &gt; ULTRA BLEACH<\/h3>\n<p><img loading=\"lazy\" class=\"alignnone size-full wp-image-1725\" src=\"https:\/\/begimgil.com.tr\/wp-content\/uploads\/2020\/09\/kuzey-ultra-camasir-suyu.jpg\" alt=\"\" width=\"805\" height=\"631\" srcset=\"https:\/\/begimgil.com.tr\/wp-content\/uploads\/2020\/09\/kuzey-ultra-camasir-suyu.jpg 805w, https:\/\/begimgil.com.tr\/wp-content\/uploads\/2020\/09\/kuzey-ultra-camasir-suyu-300x235.jpg 300w, https:\/\/begimgil.com.tr\/wp-content\/uploads\/2020\/09\/kuzey-ultra-camasir-suyu-768x602.jpg 768w\" sizes=\"(max-width: 805px) 100vw, 805px\" \/><\/p>\n<p>&nbsp;<\/p>\n<p>&nbsp;<\/p>\n<table width=\"100%\">\n<tbody>\n<tr>\n<td colspan=\"4\" width=\"100%\">\n<h4 style=\"text-align: center;\">ULTRA BLEACH<\/h4>\n<\/td>\n<\/tr>\n<tr>\n<td width=\"25%\"><strong>PRODUCT TYPE<\/strong><\/td>\n<td width=\"25%\"><strong>QUANTITY<\/strong><\/td>\n<td width=\"25%\"><strong>PIECE INSIDE BOX<\/strong><\/td>\n<td width=\"25%\"><strong>BARCODE<\/strong><\/td>\n<\/tr>\n<tr>\n<td width=\"25%\">L\u0130MON FERAHLI\u011eI<\/td>\n<td width=\"25%\">750 ML<\/td>\n<td width=\"25%\">16<\/td>\n<td width=\"25%\">8690553202222<\/td>\n<\/tr>\n<tr>\n<td width=\"25%\">DA\u011e ES\u0130NT\u0130S\u0130<\/td>\n<td width=\"25%\">750 ML<\/td>\n<td width=\"25%\">16<\/td>\n<td width=\"25%\">8690553202208<\/td>\n<\/tr>\n<tr>\n<td width=\"25%\">KAR BEYAZI<\/td>\n<td width=\"25%\">750 ML<\/td>\n<td width=\"25%\">16<\/td>\n<td width=\"25%\">8690553202215<\/td>\n<\/tr>\n<\/tbody>\n<\/table>\n<p><\/p>","protected":false},"excerpt":{"rendered":"<p>Our Product &gt; ULTRA BLEACH &nbsp; &nbsp; ULTRA BLEACH PRODUCT TYPE QUANTITY PIECE INSIDE BOX BARCODE L\u0130MON FERAHLI\u011eI 750 ML 16 8690553202222 DA\u011e ES\u0130NT\u0130S\u0130 750 ML 16 8690553202208 KAR BEYAZI 750 ML 16 8690553202215<\/p>\n","protected":false},"author":1,"featured_media":0,"parent":2026,"menu_order":0,"comment_status":"closed","ping_status":"closed","template":"","meta":[],"_links":{"self":[{"href":"https:\/\/begimgil.com.tr\/en\/wp-json\/wp\/v2\/pages\/1969"}],"collection":[{"href":"https:\/\/begimgil.com.tr\/en\/wp-json\/wp\/v2\/pages"}],"about":[{"href":"https:\/\/begimgil.com.tr\/en\/wp-json\/wp\/v2\/types\/page"}],"author":[{"embeddable":true,"href":"https:\/\/begimgil.com.tr\/en\/wp-json\/wp\/v2\/users\/1"}],"replies":[{"embeddable":true,"href":"https:\/\/begimgil.com.tr\/en\/wp-json\/wp\/v2\/comments?post=1969"}],"version-history":[{"count":0,"href":"https:\/\/begimgil.com.tr\/en\/wp-json\/wp\/v2\/pages\/1969\/revisions"}],"up":[{"embeddable":true,"href":"https:\/\/begimgil.com.tr\/en\/wp-json\/wp\/v2\/pages\/2026"}],"wp:attachment":[{"href":"https:\/\/begimgil.com.tr\/en\/wp-json\/wp\/v2\/media?parent=1969"}],"curies":[{"name":"wp","href":"https:\/\/api.w.org\/{rel}","templated":true}]}}