{"id":1967,"date":"2020-09-28T19:51:20","date_gmt":"2020-09-28T16:51:20","guid":{"rendered":"https:\/\/begimgil.com.tr\/?page_id=1735"},"modified":"2020-09-28T19:51:20","modified_gmt":"2020-09-28T16:51:20","slug":"kirec-onleyici","status":"publish","type":"page","link":"https:\/\/begimgil.com.tr\/en\/urunlerimiz-2\/camasir-grubu-temizlik-urunleri-3\/descaler\/","title":{"rendered":"K\u0130RE\u00c7 \u00d6NLEY\u0130C\u0130"},"content":{"rendered":"<p><\/p>\n<h3>Our Product &gt; DESCALER<\/h3>\n<p>&nbsp;<\/p>\n<p style=\"text-align: center;\"><img loading=\"lazy\" class=\"alignnone wp-image-1677\" src=\"https:\/\/begimgil.com.tr\/wp-content\/uploads\/2020\/09\/konuk-kirec-onleyici-500-scaled.jpg\" alt=\"\" width=\"466\" height=\"587\" srcset=\"https:\/\/begimgil.com.tr\/wp-content\/uploads\/2020\/09\/konuk-kirec-onleyici-500-scaled.jpg 2033w, https:\/\/begimgil.com.tr\/wp-content\/uploads\/2020\/09\/konuk-kirec-onleyici-500-238x300.jpg 238w, https:\/\/begimgil.com.tr\/wp-content\/uploads\/2020\/09\/konuk-kirec-onleyici-500-813x1024.jpg 813w, https:\/\/begimgil.com.tr\/wp-content\/uploads\/2020\/09\/konuk-kirec-onleyici-500-768x967.jpg 768w, https:\/\/begimgil.com.tr\/wp-content\/uploads\/2020\/09\/konuk-kirec-onleyici-500-1220x1536.jpg 1220w, https:\/\/begimgil.com.tr\/wp-content\/uploads\/2020\/09\/konuk-kirec-onleyici-500-1626x2048.jpg 1626w\" sizes=\"(max-width: 466px) 100vw, 466px\" \/><\/p>\n<p>&nbsp;<\/p>\n<p>&nbsp;<\/p>\n<table width=\"100%\">\n<tbody>\n<tr>\n<td colspan=\"4\" width=\"100%\">\n<h4 style=\"text-align: center;\">DESCALER<\/h4>\n<\/td>\n<\/tr>\n<tr>\n<td width=\"25%\"><strong>PRODUCT TYPE<\/strong><\/td>\n<td width=\"25%\"><strong>QUANTITY<\/strong><\/td>\n<td width=\"25%\"><strong>PIECE INSIDE BOX<\/strong><\/td>\n<td width=\"25%\"><strong>BARCODE<\/strong><\/td>\n<\/tr>\n<tr>\n<td width=\"25%\">KONUK-TOZ K\u0130RE\u00c7 \u00d6NLEY\u0130C\u0130<\/td>\n<td width=\"25%\">500 GR<\/td>\n<td width=\"25%\">12<\/td>\n<td width=\"25%\">8690553400086<\/td>\n<\/tr>\n<\/tbody>\n<\/table>\n<p><\/p>","protected":false},"excerpt":{"rendered":"<p>Our Product &gt; DESCALER &nbsp; &nbsp; &nbsp; DESCALER PRODUCT TYPE QUANTITY PIECE INSIDE BOX BARCODE KONUK-TOZ K\u0130RE\u00c7 \u00d6NLEY\u0130C\u0130 500 GR 12 8690553400086<\/p>\n","protected":false},"author":1,"featured_media":0,"parent":2025,"menu_order":0,"comment_status":"closed","ping_status":"closed","template":"","meta":[],"_links":{"self":[{"href":"https:\/\/begimgil.com.tr\/en\/wp-json\/wp\/v2\/pages\/1967"}],"collection":[{"href":"https:\/\/begimgil.com.tr\/en\/wp-json\/wp\/v2\/pages"}],"about":[{"href":"https:\/\/begimgil.com.tr\/en\/wp-json\/wp\/v2\/types\/page"}],"author":[{"embeddable":true,"href":"https:\/\/begimgil.com.tr\/en\/wp-json\/wp\/v2\/users\/1"}],"replies":[{"embeddable":true,"href":"https:\/\/begimgil.com.tr\/en\/wp-json\/wp\/v2\/comments?post=1967"}],"version-history":[{"count":0,"href":"https:\/\/begimgil.com.tr\/en\/wp-json\/wp\/v2\/pages\/1967\/revisions"}],"up":[{"embeddable":true,"href":"https:\/\/begimgil.com.tr\/en\/wp-json\/wp\/v2\/pages\/2025"}],"wp:attachment":[{"href":"https:\/\/begimgil.com.tr\/en\/wp-json\/wp\/v2\/media?parent=1967"}],"curies":[{"name":"wp","href":"https:\/\/api.w.org\/{rel}","templated":true}]}}