{"id":1966,"date":"2020-09-28T19:47:12","date_gmt":"2020-09-28T16:47:12","guid":{"rendered":"https:\/\/begimgil.com.tr\/?page_id=1734"},"modified":"2020-09-28T19:47:12","modified_gmt":"2020-09-28T16:47:12","slug":"camasir-yumusaticisi-4lt","status":"publish","type":"page","link":"https:\/\/begimgil.com.tr\/en\/urunlerimiz-2\/camasir-grubu-temizlik-urunleri-3\/laundry-softener-4lt\/","title":{"rendered":"\u00c7AMA\u015eIR YUMU\u015eATICISI 4Lt"},"content":{"rendered":"<p><\/p>\n<h3>Our Product &gt; LAUNDRY SOFTENER 4Lt<\/h3>\n<p>&nbsp;<\/p>\n<p style=\"text-align: center;\"><img loading=\"lazy\" class=\"alignnone size-full wp-image-1679\" src=\"https:\/\/begimgil.com.tr\/wp-content\/uploads\/2020\/09\/kuzey-camasir-yumusatici-4lt.jpg\" alt=\"\" width=\"1436\" height=\"533\" srcset=\"https:\/\/begimgil.com.tr\/wp-content\/uploads\/2020\/09\/kuzey-camasir-yumusatici-4lt.jpg 1436w, https:\/\/begimgil.com.tr\/wp-content\/uploads\/2020\/09\/kuzey-camasir-yumusatici-4lt-300x111.jpg 300w, https:\/\/begimgil.com.tr\/wp-content\/uploads\/2020\/09\/kuzey-camasir-yumusatici-4lt-1024x380.jpg 1024w, https:\/\/begimgil.com.tr\/wp-content\/uploads\/2020\/09\/kuzey-camasir-yumusatici-4lt-768x285.jpg 768w\" sizes=\"(max-width: 1436px) 100vw, 1436px\" \/><\/p>\n<p>&nbsp;<\/p>\n<p>&nbsp;<\/p>\n<table width=\"100%\">\n<tbody>\n<tr>\n<td colspan=\"4\" width=\"100%\">\n<h4 style=\"text-align: center;\">LAUNDRY SOFTENER<\/h4>\n<\/td>\n<\/tr>\n<tr>\n<td width=\"25%\"><strong>PRODUCT TYPE<\/strong><\/td>\n<td width=\"25%\"><strong>QUANTITY<\/strong><\/td>\n<td width=\"25%\"><strong>PIECE INSIDE BOX<\/strong><\/td>\n<td width=\"25%\"><strong>BARCODE<\/strong><\/td>\n<\/tr>\n<tr>\n<td width=\"25%\">YUMU\u015eATICI-\u00c7\u0130\u00c7EK BAH\u00c7ES\u0130<\/td>\n<td width=\"25%\">4 LT<\/td>\n<td width=\"25%\">4<\/td>\n<td width=\"25%\">8690553000279<\/td>\n<\/tr>\n<tr>\n<td width=\"25%\">YUMU\u015eATICI-NERG\u0130S \u00c7\u0130\u00c7E\u011e\u0130 VE L\u0130LYUM<\/td>\n<td width=\"25%\">4 LT<\/td>\n<td width=\"25%\">4<\/td>\n<td width=\"25%\">8690553000255<\/td>\n<\/tr>\n<tr>\n<td width=\"25%\">YUMU\u015eATICI-MANOLYA<\/td>\n<td width=\"25%\">4 LT<\/td>\n<td width=\"25%\">4<\/td>\n<td width=\"25%\">8690553000248<\/td>\n<\/tr>\n<tr>\n<td width=\"25%\">YUMU\u015eATICI-ORK\u0130DE FERAHLI\u011eI<\/td>\n<td width=\"25%\">4 LT<\/td>\n<td width=\"25%\">4<\/td>\n<td width=\"25%\">8690553000262<\/td>\n<\/tr>\n<\/tbody>\n<\/table>\n<p>&nbsp;<\/p>","protected":false},"excerpt":{"rendered":"<p>Our Product &gt; LAUNDRY SOFTENER 4Lt &nbsp; &nbsp; &nbsp; LAUNDRY SOFTENER PRODUCT TYPE QUANTITY PIECE INSIDE BOX BARCODE YUMU\u015eATICI-\u00c7\u0130\u00c7EK BAH\u00c7ES\u0130 4 LT 4 8690553000279 YUMU\u015eATICI-NERG\u0130S \u00c7\u0130\u00c7E\u011e\u0130 VE L\u0130LYUM 4 LT 4 8690553000255 YUMU\u015eATICI-MANOLYA 4 LT 4 8690553000248 YUMU\u015eATICI-ORK\u0130DE FERAHLI\u011eI 4 LT 4 8690553000262 &nbsp;<\/p>\n","protected":false},"author":1,"featured_media":0,"parent":2025,"menu_order":0,"comment_status":"closed","ping_status":"closed","template":"","meta":[],"_links":{"self":[{"href":"https:\/\/begimgil.com.tr\/en\/wp-json\/wp\/v2\/pages\/1966"}],"collection":[{"href":"https:\/\/begimgil.com.tr\/en\/wp-json\/wp\/v2\/pages"}],"about":[{"href":"https:\/\/begimgil.com.tr\/en\/wp-json\/wp\/v2\/types\/page"}],"author":[{"embeddable":true,"href":"https:\/\/begimgil.com.tr\/en\/wp-json\/wp\/v2\/users\/1"}],"replies":[{"embeddable":true,"href":"https:\/\/begimgil.com.tr\/en\/wp-json\/wp\/v2\/comments?post=1966"}],"version-history":[{"count":0,"href":"https:\/\/begimgil.com.tr\/en\/wp-json\/wp\/v2\/pages\/1966\/revisions"}],"up":[{"embeddable":true,"href":"https:\/\/begimgil.com.tr\/en\/wp-json\/wp\/v2\/pages\/2025"}],"wp:attachment":[{"href":"https:\/\/begimgil.com.tr\/en\/wp-json\/wp\/v2\/media?parent=1966"}],"curies":[{"name":"wp","href":"https:\/\/api.w.org\/{rel}","templated":true}]}}