{"id":2029,"date":"2020-09-29T01:52:14","date_gmt":"2020-09-28T22:52:14","guid":{"rendered":"https:\/\/begimgil.com.tr\/?page_id=1913"},"modified":"2020-10-02T14:06:16","modified_gmt":"2020-10-02T11:06:16","slug":"uzman-temizlik-urunleri","status":"publish","type":"page","link":"https:\/\/begimgil.com.tr\/de\/urunlerimiz-2\/uzman-temizlik-urunleri-3\/","title":{"rendered":"UZMAN TEM\u0130ZL\u0130K \u00dcR\u00dcNLER\u0130"},"content":{"rendered":"<p><\/p>\n<p style=\"text-align: center;\"><img loading=\"lazy\" class=\"alignnone wp-image-1896\" src=\"https:\/\/begimgil.com.tr\/wp-content\/uploads\/2020\/09\/endustriyel.jpg\" alt=\"\" width=\"588\" height=\"331\" srcset=\"https:\/\/begimgil.com.tr\/wp-content\/uploads\/2020\/09\/endustriyel.jpg 852w, https:\/\/begimgil.com.tr\/wp-content\/uploads\/2020\/09\/endustriyel-300x169.jpg 300w, https:\/\/begimgil.com.tr\/wp-content\/uploads\/2020\/09\/endustriyel-768x433.jpg 768w\" sizes=\"(max-width: 588px) 100vw, 588px\" \/><\/p>\n<h3 style=\"text-align: center;\">EXPERTENREINIGUNGSPRODUKTE<\/h3>\n<p>&nbsp;<\/p>\n<ul>\n<li><a href=\"https:\/\/begimgil.com.tr\/urunlerimiz-2\/camasir-grubu-temizlik-urunleri-2-2\/ku-05-oksijen-bazli-leke-cikarici-10-kg\/\">KU-05 SAUERSTOFFENTFERNER 10 Kg<\/a><\/li>\n<li><a href=\"https:\/\/begimgil.com.tr\/urunlerimiz-2\/camasir-grubu-temizlik-urunleri-2-2\/ku-06-kan-sokucu-yardimci-yikama-maddesi-10-kg\/\">KU-06 BLUTENTFERNER ZUSATZWASCHMITTEL 10 Kg<\/a><\/li>\n<li><a href=\"https:\/\/begimgil.com.tr\/urunlerimiz-2\/camasir-grubu-temizlik-urunleri-2-2\/ku-21-tul-beyazlatma-tozu-eko-10-kg\/\">KU-21 TULLE WHITENING PULVER \u2013 EKO 10 Kg<\/a><\/li>\n<li><a href=\"https:\/\/begimgil.com.tr\/urunlerimiz-2\/camasir-grubu-temizlik-urunleri-2-2\/ku-21e-tul-beyazlatma-tozu-extra-10-kg\/\">KU-21E TULLE WHITENING PULVER EXTRA 10 Kg<\/a><\/li>\n<li><a href=\"https:\/\/begimgil.com.tr\/urunlerimiz-2\/camasir-grubu-temizlik-urunleri-2-2\/ku-300-temizlik-ve-bakim-maddesi\/\">KU-300 REINIGUNGS- UND WARTUNGSGEGENSTAND<\/a><\/li>\n<\/ul>\n<p><\/p>","protected":false},"excerpt":{"rendered":"<p>EXPERTENREINIGUNGSPRODUKTE &nbsp; KU-05 SAUERSTOFFENTFERNER 10 Kg KU-06 BLUTENTFERNER ZUSATZWASCHMITTEL 10 Kg KU-21 TULLE WHITENING PULVER \u2013 EKO 10 Kg KU-21E TULLE WHITENING PULVER EXTRA 10 Kg KU-300 REINIGUNGS- UND WARTUNGSGEGENSTAND<\/p>\n","protected":false},"author":1,"featured_media":0,"parent":1962,"menu_order":0,"comment_status":"closed","ping_status":"closed","template":"","meta":[],"_links":{"self":[{"href":"https:\/\/begimgil.com.tr\/de\/wp-json\/wp\/v2\/pages\/2029"}],"collection":[{"href":"https:\/\/begimgil.com.tr\/de\/wp-json\/wp\/v2\/pages"}],"about":[{"href":"https:\/\/begimgil.com.tr\/de\/wp-json\/wp\/v2\/types\/page"}],"author":[{"embeddable":true,"href":"https:\/\/begimgil.com.tr\/de\/wp-json\/wp\/v2\/users\/1"}],"replies":[{"embeddable":true,"href":"https:\/\/begimgil.com.tr\/de\/wp-json\/wp\/v2\/comments?post=2029"}],"version-history":[{"count":3,"href":"https:\/\/begimgil.com.tr\/de\/wp-json\/wp\/v2\/pages\/2029\/revisions"}],"predecessor-version":[{"id":2085,"href":"https:\/\/begimgil.com.tr\/de\/wp-json\/wp\/v2\/pages\/2029\/revisions\/2085"}],"up":[{"embeddable":true,"href":"https:\/\/begimgil.com.tr\/de\/wp-json\/wp\/v2\/pages\/1962"}],"wp:attachment":[{"href":"https:\/\/begimgil.com.tr\/de\/wp-json\/wp\/v2\/media?parent=2029"}],"curies":[{"name":"wp","href":"https:\/\/api.w.org\/{rel}","templated":true}]}}