{"id":2028,"date":"2020-09-29T01:32:17","date_gmt":"2020-09-28T22:32:17","guid":{"rendered":"https:\/\/begimgil.com.tr\/?page_id=1904"},"modified":"2020-10-02T14:01:12","modified_gmt":"2020-10-02T11:01:12","slug":"mutfak-grubu-temizlik-urunleri","status":"publish","type":"page","link":"https:\/\/begimgil.com.tr\/de\/urunlerimiz-2\/mutfak-grubu-temizlik-urunleri-2\/","title":{"rendered":"MUTFAK GRUBU TEM\u0130ZL\u0130K \u00dcR\u00dcNLER\u0130"},"content":{"rendered":"<p><\/p>\n<p style=\"text-align: center;\"><img loading=\"lazy\" class=\"alignnone wp-image-1905\" src=\"https:\/\/begimgil.com.tr\/wp-content\/uploads\/2020\/09\/mutfak-temizlik.jpg\" alt=\"\" width=\"554\" height=\"352\" srcset=\"https:\/\/begimgil.com.tr\/wp-content\/uploads\/2020\/09\/mutfak-temizlik.jpg 993w, https:\/\/begimgil.com.tr\/wp-content\/uploads\/2020\/09\/mutfak-temizlik-300x191.jpg 300w, https:\/\/begimgil.com.tr\/wp-content\/uploads\/2020\/09\/mutfak-temizlik-768x488.jpg 768w\" sizes=\"(max-width: 554px) 100vw, 554px\" \/><\/p>\n<h3 style=\"text-align: center;\">REINIGUNGSPRODUKTE DER INDUSTRIEK\u00dcCHENGRUPPE<\/h3>\n<p>&nbsp;<\/p>\n<ul>\n<li><a href=\"https:\/\/begimgil.com.tr\/urunlerimiz-2\/mutfak-grubu-temizlik-urunleri-2\/sivi-bulasik-deterjani-750-ml\/\">FL\u00dcSSIGES SP\u00dcLMITTEL 750 Ml<\/a><\/li>\n<li><a href=\"https:\/\/begimgil.com.tr\/urunlerimiz-2\/mutfak-grubu-temizlik-urunleri-2\/sivi-bulasik-deterjani-4-lt\/\">FL\u00dcSSIGES SP\u00dcLMITTEL 4 Lt.<\/a><\/li>\n<li><a href=\"https:\/\/begimgil.com.tr\/urunlerimiz-2\/endustriyel-mutfak-grubu-temizlik-urunleri-2\/yag-sokucu\/\">\u00d6LENTFERNER<\/a><\/li>\n<\/ul>\n<p><\/p>","protected":false},"excerpt":{"rendered":"<p>REINIGUNGSPRODUKTE DER INDUSTRIEK\u00dcCHENGRUPPE &nbsp; FL\u00dcSSIGES SP\u00dcLMITTEL 750 Ml FL\u00dcSSIGES SP\u00dcLMITTEL 4 Lt. \u00d6LENTFERNER<\/p>\n","protected":false},"author":1,"featured_media":0,"parent":1962,"menu_order":0,"comment_status":"closed","ping_status":"closed","template":"","meta":[],"_links":{"self":[{"href":"https:\/\/begimgil.com.tr\/de\/wp-json\/wp\/v2\/pages\/2028"}],"collection":[{"href":"https:\/\/begimgil.com.tr\/de\/wp-json\/wp\/v2\/pages"}],"about":[{"href":"https:\/\/begimgil.com.tr\/de\/wp-json\/wp\/v2\/types\/page"}],"author":[{"embeddable":true,"href":"https:\/\/begimgil.com.tr\/de\/wp-json\/wp\/v2\/users\/1"}],"replies":[{"embeddable":true,"href":"https:\/\/begimgil.com.tr\/de\/wp-json\/wp\/v2\/comments?post=2028"}],"version-history":[{"count":2,"href":"https:\/\/begimgil.com.tr\/de\/wp-json\/wp\/v2\/pages\/2028\/revisions"}],"predecessor-version":[{"id":2077,"href":"https:\/\/begimgil.com.tr\/de\/wp-json\/wp\/v2\/pages\/2028\/revisions\/2077"}],"up":[{"embeddable":true,"href":"https:\/\/begimgil.com.tr\/de\/wp-json\/wp\/v2\/pages\/1962"}],"wp:attachment":[{"href":"https:\/\/begimgil.com.tr\/de\/wp-json\/wp\/v2\/media?parent=2028"}],"curies":[{"name":"wp","href":"https:\/\/api.w.org\/{rel}","templated":true}]}}