{"id":2023,"date":"2020-09-29T01:15:04","date_gmt":"2020-09-28T22:15:04","guid":{"rendered":"https:\/\/begimgil.com.tr\/?page_id=1894"},"modified":"2020-10-02T14:04:01","modified_gmt":"2020-10-02T11:04:01","slug":"endustriyel-mutfak-grubu-temizlik-urunleri","status":"publish","type":"page","link":"https:\/\/begimgil.com.tr\/de\/urunlerimiz-2\/endustriyel-mutfak-grubu-temizlik-urunleri-2\/","title":{"rendered":"END\u00dcSTR\u0130YEL MUTFAK GRUBU TEM\u0130ZL\u0130K \u00dcR\u00dcNLER\u0130"},"content":{"rendered":"<p><\/p>\n<p style=\"text-align: center;\"><img loading=\"lazy\" class=\"alignnone wp-image-1497\" src=\"https:\/\/begimgil.com.tr\/wp-content\/uploads\/2020\/09\/1-endustriyel.jpg\" alt=\"\" width=\"575\" height=\"383\" srcset=\"https:\/\/begimgil.com.tr\/wp-content\/uploads\/2020\/09\/1-endustriyel.jpg 768w, https:\/\/begimgil.com.tr\/wp-content\/uploads\/2020\/09\/1-endustriyel-300x200.jpg 300w\" sizes=\"(max-width: 575px) 100vw, 575px\" \/><\/p>\n<h3 style=\"text-align: center;\">REINIGUNGSPRODUKTE DER INDUSTRIEK\u00dcCHENGRUPPE<\/h3>\n<p>&nbsp;<\/p>\n<ul>\n<li><a href=\"https:\/\/begimgil.com.tr\/urunlerimiz-2\/endustriyel-mutfak-grubu-temizlik-urunleri-2\/bulasik-deterjani-30-lt-2\/\">SP\u00dcLMASCHINEN 30 Lt.<\/a><\/li>\n<li><a href=\"https:\/\/begimgil.com.tr\/urunlerimiz-2\/endustriyel-mutfak-grubu-temizlik-urunleri-2\/bulasik-deterjani-30-lt\/\">SP\u00dcLMASCHINEN 30 Lt.<\/a><\/li>\n<li><a href=\"https:\/\/begimgil.com.tr\/urunlerimiz-2\/endustriyel-mutfak-grubu-temizlik-urunleri-2\/bulasik-makina-parlatici-30-lt\/\">SP\u00dcLMASCHINE 30 Lt.<\/a><\/li>\n<li><a href=\"https:\/\/begimgil.com.tr\/urunlerimiz-2\/endustriyel-mutfak-grubu-temizlik-urunleri-2\/bulasik-makinesi-deterjani-30-lt\/\">SP\u00dcLMASCHINEN 30 Lt.<\/a><\/li>\n<li><a href=\"https:\/\/begimgil.com.tr\/urunlerimiz-2\/endustriyel-mutfak-grubu-temizlik-urunleri-2\/kir-ve-yag-sokucu-30-lt\/\">SCHMUTZ- UND \u00d6LENTFERNER 30 Lt.<\/a><\/li>\n<li><a href=\"https:\/\/begimgil.com.tr\/urunlerimiz-2\/endustriyel-mutfak-grubu-temizlik-urunleri-2\/mineralli-ovma-sivisi-30-lt\/\">MINERALSCHRAUBFL\u00dcSSIGKEIT 30 Lt.<\/a><\/li>\n<li><a href=\"https:\/\/begimgil.com.tr\/urunlerimiz-2\/endustriyel-mutfak-grubu-temizlik-urunleri-2\/ozel-kir-ve-yag-sokucu-30-lt\/\">BESONDERER SCHMUTZ- UND \u00d6LENTFERNER 30 Lt.<\/a><\/li>\n<li><a href=\"https:\/\/begimgil.com.tr\/urunlerimiz-2\/endustriyel-mutfak-grubu-temizlik-urunleri-2\/sivi-bulasik-deterjani-extra-30-lt\/\">FL\u00dcSSIGES SP\u00dcLMITTEL ZUS\u00c4TZLICH 30 Lt.<\/a><\/li>\n<li><a href=\"https:\/\/begimgil.com.tr\/urunlerimiz-2\/endustriyel-mutfak-grubu-temizlik-urunleri-2\/yag-sokucu\/\">\u00d6LENTFERNER<\/a><\/li>\n<\/ul>\n<p><\/p>","protected":false},"excerpt":{"rendered":"<p>REINIGUNGSPRODUKTE DER INDUSTRIEK\u00dcCHENGRUPPE &nbsp; SP\u00dcLMASCHINEN 30 Lt. SP\u00dcLMASCHINEN 30 Lt. SP\u00dcLMASCHINE 30 Lt. SP\u00dcLMASCHINEN 30 Lt. SCHMUTZ- UND \u00d6LENTFERNER 30 Lt. MINERALSCHRAUBFL\u00dcSSIGKEIT 30 Lt. BESONDERER SCHMUTZ- UND \u00d6LENTFERNER 30 Lt. FL\u00dcSSIGES SP\u00dcLMITTEL ZUS\u00c4TZLICH 30 Lt. \u00d6LENTFERNER<\/p>\n","protected":false},"author":1,"featured_media":0,"parent":1962,"menu_order":0,"comment_status":"closed","ping_status":"closed","template":"","meta":[],"_links":{"self":[{"href":"https:\/\/begimgil.com.tr\/de\/wp-json\/wp\/v2\/pages\/2023"}],"collection":[{"href":"https:\/\/begimgil.com.tr\/de\/wp-json\/wp\/v2\/pages"}],"about":[{"href":"https:\/\/begimgil.com.tr\/de\/wp-json\/wp\/v2\/types\/page"}],"author":[{"embeddable":true,"href":"https:\/\/begimgil.com.tr\/de\/wp-json\/wp\/v2\/users\/1"}],"replies":[{"embeddable":true,"href":"https:\/\/begimgil.com.tr\/de\/wp-json\/wp\/v2\/comments?post=2023"}],"version-history":[{"count":2,"href":"https:\/\/begimgil.com.tr\/de\/wp-json\/wp\/v2\/pages\/2023\/revisions"}],"predecessor-version":[{"id":2082,"href":"https:\/\/begimgil.com.tr\/de\/wp-json\/wp\/v2\/pages\/2023\/revisions\/2082"}],"up":[{"embeddable":true,"href":"https:\/\/begimgil.com.tr\/de\/wp-json\/wp\/v2\/pages\/1962"}],"wp:attachment":[{"href":"https:\/\/begimgil.com.tr\/de\/wp-json\/wp\/v2\/media?parent=2023"}],"curies":[{"name":"wp","href":"https:\/\/api.w.org\/{rel}","templated":true}]}}