{"id":2020,"date":"2020-09-29T00:53:24","date_gmt":"2020-09-28T21:53:24","guid":{"rendered":"https:\/\/begimgil.com.tr\/?page_id=1885"},"modified":"2020-09-29T00:53:24","modified_gmt":"2020-09-28T21:53:24","slug":"ku-06-kan-sokucu-yardimci-yikama-maddesi-10-kg","status":"publish","type":"page","link":"https:\/\/begimgil.com.tr\/de\/urunlerimiz-2\/uzman-temizlik-urunleri-3\/ku-06-blutentferner-zusatzwaschmittel-10-kg\/","title":{"rendered":"KU-06 KAN S\u00d6K\u00dcC\u00dc YARDIMCI YIKAMA MADDES\u0130 10 Kg"},"content":{"rendered":"<p><\/p>\n<h3>Unsere Produkte &gt; KU-06 BLUTENTFERNER ZUSATZWASCHMITTEL 10 Kg<\/h3>\n<p>&nbsp;<\/p>\n<p style=\"text-align: center;\"><img loading=\"lazy\" class=\"alignnone  wp-image-1791\" src=\"https:\/\/begimgil.com.tr\/wp-content\/uploads\/2020\/09\/ku-06kan-sokucu-10kg.jpg\" alt=\"\" width=\"479\" height=\"555\" srcset=\"https:\/\/begimgil.com.tr\/wp-content\/uploads\/2020\/09\/ku-06kan-sokucu-10kg.jpg 1382w, https:\/\/begimgil.com.tr\/wp-content\/uploads\/2020\/09\/ku-06kan-sokucu-10kg-259x300.jpg 259w, https:\/\/begimgil.com.tr\/wp-content\/uploads\/2020\/09\/ku-06kan-sokucu-10kg-884x1024.jpg 884w, https:\/\/begimgil.com.tr\/wp-content\/uploads\/2020\/09\/ku-06kan-sokucu-10kg-768x889.jpg 768w, https:\/\/begimgil.com.tr\/wp-content\/uploads\/2020\/09\/ku-06kan-sokucu-10kg-1327x1536.jpg 1327w\" sizes=\"(max-width: 479px) 100vw, 479px\" \/><\/p>\n<p>&nbsp;<\/p>\n<p>&nbsp;<\/p>\n<table width=\"100%\">\n<tbody>\n<tr>\n<td colspan=\"4\" width=\"100%\">\n<h4 style=\"text-align: center;\">KU-06 BLUTENTFERNER ZUSATZWASCHMITTEL 10 Kg<\/h4>\n<\/td>\n<\/tr>\n<tr>\n<td width=\"25%\"><strong>PRODUKTART<\/strong><\/td>\n<td width=\"25%\"><strong>MENGE<\/strong><\/td>\n<td width=\"25%\"><strong>ST\u00dcCK INNENKASTEN<\/strong><\/td>\n<td width=\"25%\"><strong>BARCODE<\/strong><\/td>\n<\/tr>\n<tr>\n<td width=\"221\">KU-06 KAN S\u00d6K\u00dcC\u00dc YARDIMCI YIKAMA MADDES\u0130<\/td>\n<td width=\"221\">10 Kg<\/td>\n<td width=\"221\">Plastikt\u00fcte<\/td>\n<td width=\"221\">&#8211;<\/td>\n<\/tr>\n<\/tbody>\n<\/table>\n<p><\/p>","protected":false},"excerpt":{"rendered":"<p>Unsere Produkte &gt; KU-06 BLUTENTFERNER ZUSATZWASCHMITTEL 10 Kg &nbsp; &nbsp; &nbsp; KU-06 BLUTENTFERNER ZUSATZWASCHMITTEL 10 Kg PRODUKTART MENGE ST\u00dcCK INNENKASTEN BARCODE KU-06 KAN S\u00d6K\u00dcC\u00dc YARDIMCI YIKAMA MADDES\u0130 10 Kg Plastikt\u00fcte &#8211;<\/p>\n","protected":false},"author":1,"featured_media":0,"parent":2029,"menu_order":0,"comment_status":"closed","ping_status":"closed","template":"","meta":[],"_links":{"self":[{"href":"https:\/\/begimgil.com.tr\/de\/wp-json\/wp\/v2\/pages\/2020"}],"collection":[{"href":"https:\/\/begimgil.com.tr\/de\/wp-json\/wp\/v2\/pages"}],"about":[{"href":"https:\/\/begimgil.com.tr\/de\/wp-json\/wp\/v2\/types\/page"}],"author":[{"embeddable":true,"href":"https:\/\/begimgil.com.tr\/de\/wp-json\/wp\/v2\/users\/1"}],"replies":[{"embeddable":true,"href":"https:\/\/begimgil.com.tr\/de\/wp-json\/wp\/v2\/comments?post=2020"}],"version-history":[{"count":0,"href":"https:\/\/begimgil.com.tr\/de\/wp-json\/wp\/v2\/pages\/2020\/revisions"}],"up":[{"embeddable":true,"href":"https:\/\/begimgil.com.tr\/de\/wp-json\/wp\/v2\/pages\/2029"}],"wp:attachment":[{"href":"https:\/\/begimgil.com.tr\/de\/wp-json\/wp\/v2\/media?parent=2020"}],"curies":[{"name":"wp","href":"https:\/\/api.w.org\/{rel}","templated":true}]}}