{"id":2019,"date":"2020-09-29T00:35:35","date_gmt":"2020-09-28T21:35:35","guid":{"rendered":"https:\/\/begimgil.com.tr\/?page_id=1877"},"modified":"2020-09-29T00:35:35","modified_gmt":"2020-09-28T21:35:35","slug":"bulasik-makinesi-deterjani-30-lt","status":"publish","type":"page","link":"https:\/\/begimgil.com.tr\/de\/urunlerimiz-2\/endustriyel-mutfak-grubu-temizlik-urunleri-2\/spulmaschinen-30-lt-3\/","title":{"rendered":"BULA\u015eIK MAK\u0130NES\u0130 DETERJANI 30 Lt"},"content":{"rendered":"<p><\/p>\n<h3>Unsere Produkte &gt; SP\u00dcLMASCHINEN 30 Lt.<\/h3>\n<p>&nbsp;<\/p>\n<p style=\"text-align: center;\"><img loading=\"lazy\" class=\"alignnone  wp-image-1794\" src=\"https:\/\/begimgil.com.tr\/wp-content\/uploads\/2020\/09\/ku-44-mutfak-temizlik-30lt.jpg\" alt=\"\" width=\"501\" height=\"536\" srcset=\"https:\/\/begimgil.com.tr\/wp-content\/uploads\/2020\/09\/ku-44-mutfak-temizlik-30lt.jpg 1496w, https:\/\/begimgil.com.tr\/wp-content\/uploads\/2020\/09\/ku-44-mutfak-temizlik-30lt-281x300.jpg 281w, https:\/\/begimgil.com.tr\/wp-content\/uploads\/2020\/09\/ku-44-mutfak-temizlik-30lt-957x1024.jpg 957w, https:\/\/begimgil.com.tr\/wp-content\/uploads\/2020\/09\/ku-44-mutfak-temizlik-30lt-768x821.jpg 768w, https:\/\/begimgil.com.tr\/wp-content\/uploads\/2020\/09\/ku-44-mutfak-temizlik-30lt-1436x1536.jpg 1436w\" sizes=\"(max-width: 501px) 100vw, 501px\" \/><\/p>\n<p>&nbsp;<\/p>\n<p>&nbsp;<\/p>\n<table width=\"100%\">\n<tbody>\n<tr>\n<td colspan=\"4\" width=\"100%\">\n<h4 style=\"text-align: center;\">SP\u00dcLMASCHINEN 30 Lt.<\/h4>\n<\/td>\n<\/tr>\n<tr>\n<td width=\"25%\"><strong>PRODUKTART<\/strong><\/td>\n<td width=\"25%\"><strong>MENGE<\/strong><\/td>\n<td width=\"25%\"><strong>ST\u00dcCK INNENKASTEN<\/strong><\/td>\n<td width=\"25%\"><strong>BARCODE<\/strong><\/td>\n<\/tr>\n<tr>\n<td width=\"221\">BULA\u015eIK MAK\u0130NES\u0130 DETERJANI<\/td>\n<td width=\"221\">30 LT<\/td>\n<td width=\"221\">&#8211;<\/td>\n<td width=\"221\">&#8211;<\/td>\n<\/tr>\n<\/tbody>\n<\/table>\n<p><\/p>","protected":false},"excerpt":{"rendered":"<p>Unsere Produkte &gt; SP\u00dcLMASCHINEN 30 Lt. &nbsp; &nbsp; &nbsp; SP\u00dcLMASCHINEN 30 Lt. PRODUKTART MENGE ST\u00dcCK INNENKASTEN BARCODE BULA\u015eIK MAK\u0130NES\u0130 DETERJANI 30 LT &#8211; &#8211;<\/p>\n","protected":false},"author":1,"featured_media":0,"parent":2023,"menu_order":0,"comment_status":"closed","ping_status":"closed","template":"","meta":[],"_links":{"self":[{"href":"https:\/\/begimgil.com.tr\/de\/wp-json\/wp\/v2\/pages\/2019"}],"collection":[{"href":"https:\/\/begimgil.com.tr\/de\/wp-json\/wp\/v2\/pages"}],"about":[{"href":"https:\/\/begimgil.com.tr\/de\/wp-json\/wp\/v2\/types\/page"}],"author":[{"embeddable":true,"href":"https:\/\/begimgil.com.tr\/de\/wp-json\/wp\/v2\/users\/1"}],"replies":[{"embeddable":true,"href":"https:\/\/begimgil.com.tr\/de\/wp-json\/wp\/v2\/comments?post=2019"}],"version-history":[{"count":0,"href":"https:\/\/begimgil.com.tr\/de\/wp-json\/wp\/v2\/pages\/2019\/revisions"}],"up":[{"embeddable":true,"href":"https:\/\/begimgil.com.tr\/de\/wp-json\/wp\/v2\/pages\/2023"}],"wp:attachment":[{"href":"https:\/\/begimgil.com.tr\/de\/wp-json\/wp\/v2\/media?parent=2019"}],"curies":[{"name":"wp","href":"https:\/\/api.w.org\/{rel}","templated":true}]}}