{"id":2016,"date":"2020-09-29T00:45:31","date_gmt":"2020-09-28T21:45:31","guid":{"rendered":"https:\/\/begimgil.com.tr\/?page_id=1874"},"modified":"2020-09-29T00:45:31","modified_gmt":"2020-09-28T21:45:31","slug":"ku-05-oksijen-bazli-leke-cikarici-10-kg","status":"publish","type":"page","link":"https:\/\/begimgil.com.tr\/de\/urunlerimiz-2\/uzman-temizlik-urunleri-3\/ku-05-sauerstoffentferner-10-kg\/","title":{"rendered":"KU-05 OKS\u0130JEN BAZLI LEKE \u00c7IKARICI 10 Kg"},"content":{"rendered":"<p><\/p>\n<h3>Unsere Produkte &gt; KU-05 SAUERSTOFFENTFERNER 10 Kg<\/h3>\n<p>&nbsp;<\/p>\n<p style=\"text-align: center;\"><img loading=\"lazy\" class=\"alignnone wp-image-1790\" src=\"https:\/\/begimgil.com.tr\/wp-content\/uploads\/2020\/09\/ku-05-oksijen-bazli-leke-cikarici-10kg.jpg\" alt=\"\" width=\"468\" height=\"542\" srcset=\"https:\/\/begimgil.com.tr\/wp-content\/uploads\/2020\/09\/ku-05-oksijen-bazli-leke-cikarici-10kg.jpg 1382w, https:\/\/begimgil.com.tr\/wp-content\/uploads\/2020\/09\/ku-05-oksijen-bazli-leke-cikarici-10kg-259x300.jpg 259w, https:\/\/begimgil.com.tr\/wp-content\/uploads\/2020\/09\/ku-05-oksijen-bazli-leke-cikarici-10kg-884x1024.jpg 884w, https:\/\/begimgil.com.tr\/wp-content\/uploads\/2020\/09\/ku-05-oksijen-bazli-leke-cikarici-10kg-768x889.jpg 768w, https:\/\/begimgil.com.tr\/wp-content\/uploads\/2020\/09\/ku-05-oksijen-bazli-leke-cikarici-10kg-1327x1536.jpg 1327w\" sizes=\"(max-width: 468px) 100vw, 468px\" \/><\/p>\n<p>&nbsp;<\/p>\n<p>&nbsp;<\/p>\n<table width=\"100%\">\n<tbody>\n<tr>\n<td colspan=\"4\" width=\"100%\">\n<h4 style=\"text-align: center;\">KU-05 SAUERSTOFFENTFERNER 10 Kg<\/h4>\n<\/td>\n<\/tr>\n<tr>\n<td width=\"25%\"><strong>PRODUKTART<\/strong><\/td>\n<td width=\"25%\"><strong>MENGE<\/strong><\/td>\n<td width=\"25%\"><strong>ST\u00dcCK INNENKASTEN<\/strong><\/td>\n<td width=\"25%\"><strong>BARCODE<\/strong><\/td>\n<\/tr>\n<tr>\n<td width=\"221\">KU-05 OKS\u0130JEN BAZLI LEKE \u00c7IKARICI<\/td>\n<td width=\"221\">10 Kg<\/td>\n<td width=\"221\">Plastikt\u00fcte<\/td>\n<td width=\"221\">&#8211;<\/td>\n<\/tr>\n<\/tbody>\n<\/table>\n<p><\/p>","protected":false},"excerpt":{"rendered":"<p>Unsere Produkte &gt; KU-05 SAUERSTOFFENTFERNER 10 Kg &nbsp; &nbsp; &nbsp; KU-05 SAUERSTOFFENTFERNER 10 Kg PRODUKTART MENGE ST\u00dcCK INNENKASTEN BARCODE KU-05 OKS\u0130JEN BAZLI LEKE \u00c7IKARICI 10 Kg Plastikt\u00fcte &#8211;<\/p>\n","protected":false},"author":1,"featured_media":0,"parent":2029,"menu_order":0,"comment_status":"closed","ping_status":"closed","template":"","meta":[],"_links":{"self":[{"href":"https:\/\/begimgil.com.tr\/de\/wp-json\/wp\/v2\/pages\/2016"}],"collection":[{"href":"https:\/\/begimgil.com.tr\/de\/wp-json\/wp\/v2\/pages"}],"about":[{"href":"https:\/\/begimgil.com.tr\/de\/wp-json\/wp\/v2\/types\/page"}],"author":[{"embeddable":true,"href":"https:\/\/begimgil.com.tr\/de\/wp-json\/wp\/v2\/users\/1"}],"replies":[{"embeddable":true,"href":"https:\/\/begimgil.com.tr\/de\/wp-json\/wp\/v2\/comments?post=2016"}],"version-history":[{"count":0,"href":"https:\/\/begimgil.com.tr\/de\/wp-json\/wp\/v2\/pages\/2016\/revisions"}],"up":[{"embeddable":true,"href":"https:\/\/begimgil.com.tr\/de\/wp-json\/wp\/v2\/pages\/2029"}],"wp:attachment":[{"href":"https:\/\/begimgil.com.tr\/de\/wp-json\/wp\/v2\/media?parent=2016"}],"curies":[{"name":"wp","href":"https:\/\/api.w.org\/{rel}","templated":true}]}}