{"id":2015,"date":"2020-09-29T00:57:58","date_gmt":"2020-09-28T21:57:58","guid":{"rendered":"https:\/\/begimgil.com.tr\/?page_id=1872"},"modified":"2020-09-29T00:57:58","modified_gmt":"2020-09-28T21:57:58","slug":"camasir-deterjani-jel-matik-30-lt","status":"publish","type":"page","link":"https:\/\/begimgil.com.tr\/de\/urunlerimiz-2\/endustriyel-camasir-grubu-temizlik-urunleri-2\/waschewaschgel-matik-30-lt\/","title":{"rendered":"\u00c7AMA\u015eIR DETERJANI JEL &#8211; MAT\u0130K 30 Lt"},"content":{"rendered":"<p><\/p>\n<h3>Unsere Produkte &gt; W\u00c4SCHEWASCHGEL &#8211; MATIK 30 Lt.<\/h3>\n<p>&nbsp;<\/p>\n<p style=\"text-align: center;\"><img loading=\"lazy\" class=\"alignnone  wp-image-1887\" src=\"https:\/\/begimgil.com.tr\/wp-content\/uploads\/2020\/09\/Kuzey-sivi-camasir-deterjani-matik-jel.jpg\" alt=\"\" width=\"508\" height=\"541\" srcset=\"https:\/\/begimgil.com.tr\/wp-content\/uploads\/2020\/09\/Kuzey-sivi-camasir-deterjani-matik-jel.jpg 1502w, https:\/\/begimgil.com.tr\/wp-content\/uploads\/2020\/09\/Kuzey-sivi-camasir-deterjani-matik-jel-282x300.jpg 282w, https:\/\/begimgil.com.tr\/wp-content\/uploads\/2020\/09\/Kuzey-sivi-camasir-deterjani-matik-jel-961x1024.jpg 961w, https:\/\/begimgil.com.tr\/wp-content\/uploads\/2020\/09\/Kuzey-sivi-camasir-deterjani-matik-jel-768x818.jpg 768w, https:\/\/begimgil.com.tr\/wp-content\/uploads\/2020\/09\/Kuzey-sivi-camasir-deterjani-matik-jel-1442x1536.jpg 1442w\" sizes=\"(max-width: 508px) 100vw, 508px\" \/><\/p>\n<p>&nbsp;<\/p>\n<p>&nbsp;<\/p>\n<table width=\"100%\">\n<tbody>\n<tr>\n<td colspan=\"4\" width=\"100%\">\n<h4 style=\"text-align: center;\">W\u00c4SCHEWASCHGEL &#8211; MATIK 30 Lt.<\/h4>\n<\/td>\n<\/tr>\n<tr>\n<td width=\"25%\"><strong>PRODUKTART<\/strong><\/td>\n<td width=\"25%\"><strong>MENGE<\/strong><\/td>\n<td width=\"25%\"><strong>ST\u00dcCK INNENKASTEN<\/strong><\/td>\n<td width=\"25%\"><strong>BARCODE<\/strong><\/td>\n<\/tr>\n<tr>\n<td width=\"221\">\u00c7AMA\u015eIR DETERJANI JEL &#8211; MAT\u0130K<\/td>\n<td width=\"221\">30 LT<\/td>\n<td width=\"221\">&#8211;<\/td>\n<td width=\"221\">8690553200044<\/td>\n<\/tr>\n<\/tbody>\n<\/table>\n<p><\/p>","protected":false},"excerpt":{"rendered":"<p>Unsere Produkte &gt; W\u00c4SCHEWASCHGEL &#8211; MATIK 30 Lt. &nbsp; &nbsp; &nbsp; W\u00c4SCHEWASCHGEL &#8211; MATIK 30 Lt. PRODUKTART MENGE ST\u00dcCK INNENKASTEN BARCODE \u00c7AMA\u015eIR DETERJANI JEL &#8211; MAT\u0130K 30 LT &#8211; 8690553200044<\/p>\n","protected":false},"author":1,"featured_media":0,"parent":2021,"menu_order":0,"comment_status":"closed","ping_status":"closed","template":"","meta":[],"_links":{"self":[{"href":"https:\/\/begimgil.com.tr\/de\/wp-json\/wp\/v2\/pages\/2015"}],"collection":[{"href":"https:\/\/begimgil.com.tr\/de\/wp-json\/wp\/v2\/pages"}],"about":[{"href":"https:\/\/begimgil.com.tr\/de\/wp-json\/wp\/v2\/types\/page"}],"author":[{"embeddable":true,"href":"https:\/\/begimgil.com.tr\/de\/wp-json\/wp\/v2\/users\/1"}],"replies":[{"embeddable":true,"href":"https:\/\/begimgil.com.tr\/de\/wp-json\/wp\/v2\/comments?post=2015"}],"version-history":[{"count":0,"href":"https:\/\/begimgil.com.tr\/de\/wp-json\/wp\/v2\/pages\/2015\/revisions"}],"up":[{"embeddable":true,"href":"https:\/\/begimgil.com.tr\/de\/wp-json\/wp\/v2\/pages\/2021"}],"wp:attachment":[{"href":"https:\/\/begimgil.com.tr\/de\/wp-json\/wp\/v2\/media?parent=2015"}],"curies":[{"name":"wp","href":"https:\/\/api.w.org\/{rel}","templated":true}]}}