{"id":2012,"date":"2020-09-29T00:06:31","date_gmt":"2020-09-28T21:06:31","guid":{"rendered":"https:\/\/begimgil.com.tr\/?page_id=1824"},"modified":"2020-09-29T00:06:31","modified_gmt":"2020-09-28T21:06:31","slug":"ozel-kir-ve-yag-sokucu-30-lt","status":"publish","type":"page","link":"https:\/\/begimgil.com.tr\/de\/urunlerimiz-2\/endustriyel-mutfak-grubu-temizlik-urunleri-2\/besonderer-schmutz-und-olentferner-30-lt\/","title":{"rendered":"\u00d6ZEL K\u0130R VE YA\u011e S\u00d6K\u00dcC\u00dc 30 Lt"},"content":{"rendered":"<p><\/p>\n<h3>Unsere Produkte &gt; BESONDERER SCHMUTZ- UND \u00d6LENTFERNER 30 Lt.<\/h3>\n<p>&nbsp;<\/p>\n<p style=\"text-align: center;\"><img loading=\"lazy\" class=\"alignnone size-full wp-image-1797\" src=\"https:\/\/begimgil.com.tr\/wp-content\/uploads\/2020\/09\/ku-4647-30lt.jpg\" alt=\"\" width=\"968\" height=\"475\" srcset=\"https:\/\/begimgil.com.tr\/wp-content\/uploads\/2020\/09\/ku-4647-30lt.jpg 968w, https:\/\/begimgil.com.tr\/wp-content\/uploads\/2020\/09\/ku-4647-30lt-300x147.jpg 300w, https:\/\/begimgil.com.tr\/wp-content\/uploads\/2020\/09\/ku-4647-30lt-768x377.jpg 768w\" sizes=\"(max-width: 968px) 100vw, 968px\" \/><\/p>\n<p>&nbsp;<\/p>\n<p>&nbsp;<\/p>\n<table width=\"100%\">\n<tbody>\n<tr>\n<td colspan=\"4\" width=\"100%\">\n<h4 style=\"text-align: center;\">BESONDERER SCHMUTZ- UND \u00d6LENTFERNER 30 Lt.<\/h4>\n<\/td>\n<\/tr>\n<tr>\n<td width=\"25%\"><strong>PRODUKTART<\/strong><\/td>\n<td width=\"25%\"><strong>MENGE<\/strong><\/td>\n<td width=\"25%\"><strong>ST\u00dcCK INNENKASTEN<\/strong><\/td>\n<td width=\"25%\"><strong>BARCODE<\/strong><\/td>\n<\/tr>\n<tr>\n<td width=\"214\">\u00d6ZEL K\u0130R VE YA\u011e S\u00d6K\u00dcC\u00dc<\/td>\n<td width=\"214\">30 LT<\/td>\n<td width=\"214\">&#8211;<\/td>\n<td width=\"214\">8690553200464<\/td>\n<\/tr>\n<tr>\n<td width=\"214\">\u00d6ZEL K\u0130R VE YA\u011e S\u00d6K\u00dcC\u00dc<\/td>\n<td width=\"214\">30 LT<\/td>\n<td width=\"214\">&#8211;<\/td>\n<td width=\"214\">8690553200464<\/td>\n<\/tr>\n<\/tbody>\n<\/table>\n<p><\/p>","protected":false},"excerpt":{"rendered":"<p>Unsere Produkte &gt; BESONDERER SCHMUTZ- UND \u00d6LENTFERNER 30 Lt. &nbsp; &nbsp; &nbsp; BESONDERER SCHMUTZ- UND \u00d6LENTFERNER 30 Lt. PRODUKTART MENGE ST\u00dcCK INNENKASTEN BARCODE \u00d6ZEL K\u0130R VE YA\u011e S\u00d6K\u00dcC\u00dc 30 LT &#8211; 8690553200464 \u00d6ZEL K\u0130R VE YA\u011e S\u00d6K\u00dcC\u00dc 30 LT &#8211; 8690553200464<\/p>\n","protected":false},"author":1,"featured_media":0,"parent":2023,"menu_order":0,"comment_status":"closed","ping_status":"closed","template":"","meta":[],"_links":{"self":[{"href":"https:\/\/begimgil.com.tr\/de\/wp-json\/wp\/v2\/pages\/2012"}],"collection":[{"href":"https:\/\/begimgil.com.tr\/de\/wp-json\/wp\/v2\/pages"}],"about":[{"href":"https:\/\/begimgil.com.tr\/de\/wp-json\/wp\/v2\/types\/page"}],"author":[{"embeddable":true,"href":"https:\/\/begimgil.com.tr\/de\/wp-json\/wp\/v2\/users\/1"}],"replies":[{"embeddable":true,"href":"https:\/\/begimgil.com.tr\/de\/wp-json\/wp\/v2\/comments?post=2012"}],"version-history":[{"count":0,"href":"https:\/\/begimgil.com.tr\/de\/wp-json\/wp\/v2\/pages\/2012\/revisions"}],"up":[{"embeddable":true,"href":"https:\/\/begimgil.com.tr\/de\/wp-json\/wp\/v2\/pages\/2023"}],"wp:attachment":[{"href":"https:\/\/begimgil.com.tr\/de\/wp-json\/wp\/v2\/media?parent=2012"}],"curies":[{"name":"wp","href":"https:\/\/api.w.org\/{rel}","templated":true}]}}