{"id":2004,"date":"2020-09-28T21:30:43","date_gmt":"2020-09-28T18:30:43","guid":{"rendered":"https:\/\/begimgil.com.tr\/?page_id=1841"},"modified":"2020-09-28T21:30:43","modified_gmt":"2020-09-28T18:30:43","slug":"ku-300-temizlik-ve-bakim-maddesi","status":"publish","type":"page","link":"https:\/\/begimgil.com.tr\/de\/urunlerimiz-2\/uzman-temizlik-urunleri-3\/ku-300-reinigungs-und-wartungsgegenstand\/","title":{"rendered":"KU-300 TEM\u0130ZL\u0130K VE BAKIM MADDES\u0130"},"content":{"rendered":"<p><\/p>\n<h3>Unsere Produkte &gt; KU-300 REINIGUNGS- UND WARTUNGSGEGENSTAND<\/h3>\n<p>&nbsp;<\/p>\n<p style=\"text-align: center;\"><img loading=\"lazy\" class=\"alignnone size-full wp-image-1796\" src=\"https:\/\/begimgil.com.tr\/wp-content\/uploads\/2020\/09\/ku-300-cilali-yuzey-temizliyici-30lt.jpg\" alt=\"\" width=\"470\" height=\"503\" srcset=\"https:\/\/begimgil.com.tr\/wp-content\/uploads\/2020\/09\/ku-300-cilali-yuzey-temizliyici-30lt.jpg 470w, https:\/\/begimgil.com.tr\/wp-content\/uploads\/2020\/09\/ku-300-cilali-yuzey-temizliyici-30lt-280x300.jpg 280w\" sizes=\"(max-width: 470px) 100vw, 470px\" \/><\/p>\n<p>&nbsp;<\/p>\n<p>&nbsp;<\/p>\n<table width=\"100%\">\n<tbody>\n<tr>\n<td colspan=\"4\" width=\"100%\">\n<h4 style=\"text-align: center;\">KU-300 REINIGUNGS- UND WARTUNGSGEGENSTAND<\/h4>\n<\/td>\n<\/tr>\n<tr>\n<td width=\"25%\"><strong>PRODUKTART<\/strong><\/td>\n<td width=\"25%\"><strong>MENGE<\/strong><\/td>\n<td width=\"25%\"><strong>ST\u00dcCK INNENKASTEN<\/strong><\/td>\n<td width=\"25%\"><strong>BARCODE<\/strong><\/td>\n<\/tr>\n<tr>\n<td width=\"221\">KU-300 REINIGUNGS- UND WARTUNGSGEGENSTAND<\/td>\n<td width=\"221\">30 LT<\/td>\n<td width=\"221\">&#8211;<\/td>\n<td width=\"221\">&#8211;<\/td>\n<\/tr>\n<\/tbody>\n<\/table>\n<p><\/p>","protected":false},"excerpt":{"rendered":"<p>Unsere Produkte &gt; KU-300 REINIGUNGS- UND WARTUNGSGEGENSTAND &nbsp; &nbsp; &nbsp; KU-300 REINIGUNGS- UND WARTUNGSGEGENSTAND PRODUKTART MENGE ST\u00dcCK INNENKASTEN BARCODE KU-300 REINIGUNGS- UND WARTUNGSGEGENSTAND 30 LT &#8211; &#8211;<\/p>\n","protected":false},"author":1,"featured_media":0,"parent":2029,"menu_order":0,"comment_status":"closed","ping_status":"closed","template":"","meta":[],"_links":{"self":[{"href":"https:\/\/begimgil.com.tr\/de\/wp-json\/wp\/v2\/pages\/2004"}],"collection":[{"href":"https:\/\/begimgil.com.tr\/de\/wp-json\/wp\/v2\/pages"}],"about":[{"href":"https:\/\/begimgil.com.tr\/de\/wp-json\/wp\/v2\/types\/page"}],"author":[{"embeddable":true,"href":"https:\/\/begimgil.com.tr\/de\/wp-json\/wp\/v2\/users\/1"}],"replies":[{"embeddable":true,"href":"https:\/\/begimgil.com.tr\/de\/wp-json\/wp\/v2\/comments?post=2004"}],"version-history":[{"count":0,"href":"https:\/\/begimgil.com.tr\/de\/wp-json\/wp\/v2\/pages\/2004\/revisions"}],"up":[{"embeddable":true,"href":"https:\/\/begimgil.com.tr\/de\/wp-json\/wp\/v2\/pages\/2029"}],"wp:attachment":[{"href":"https:\/\/begimgil.com.tr\/de\/wp-json\/wp\/v2\/media?parent=2004"}],"curies":[{"name":"wp","href":"https:\/\/api.w.org\/{rel}","templated":true}]}}