{"id":2001,"date":"2020-09-28T21:40:16","date_gmt":"2020-09-28T18:40:16","guid":{"rendered":"https:\/\/begimgil.com.tr\/?page_id=1838"},"modified":"2020-09-28T21:40:16","modified_gmt":"2020-09-28T18:40:16","slug":"yuzey-temizleyici-30-lt","status":"publish","type":"page","link":"https:\/\/begimgil.com.tr\/de\/urunlerimiz-2\/endustriyel-genel-temizlik-urunleri-2\/oberflachenreiniger-30-lt\/","title":{"rendered":"Y\u00dcZEY TEM\u0130ZLEY\u0130C\u0130 30 Lt"},"content":{"rendered":"<p><\/p>\n<h3>Unsere Produkte &gt; OBERFL\u00c4CHENREINIGER 30 Lt.<\/h3>\n<p>&nbsp;<\/p>\n<p style=\"text-align: center;\"><img loading=\"lazy\" class=\"alignnone size-full wp-image-1717\" src=\"https:\/\/begimgil.com.tr\/wp-content\/uploads\/2020\/09\/kuzey-parfumlu-yuzey-temizleyici.jpg\" alt=\"\" width=\"1425\" height=\"498\" srcset=\"https:\/\/begimgil.com.tr\/wp-content\/uploads\/2020\/09\/kuzey-parfumlu-yuzey-temizleyici.jpg 1425w, https:\/\/begimgil.com.tr\/wp-content\/uploads\/2020\/09\/kuzey-parfumlu-yuzey-temizleyici-300x105.jpg 300w, https:\/\/begimgil.com.tr\/wp-content\/uploads\/2020\/09\/kuzey-parfumlu-yuzey-temizleyici-1024x358.jpg 1024w, https:\/\/begimgil.com.tr\/wp-content\/uploads\/2020\/09\/kuzey-parfumlu-yuzey-temizleyici-768x268.jpg 768w\" sizes=\"(max-width: 1425px) 100vw, 1425px\" \/><\/p>\n<p>&nbsp;<\/p>\n<p>&nbsp;<\/p>\n<table width=\"100%\">\n<tbody>\n<tr>\n<td colspan=\"4\" width=\"100%\">\n<h4 style=\"text-align: center;\">OBERFL\u00c4CHENREINIGER 30 Lt.<\/h4>\n<\/td>\n<\/tr>\n<tr>\n<td width=\"25%\"><strong>PRODUKTART<\/strong><\/td>\n<td width=\"25%\"><strong>MENGE<\/strong><\/td>\n<td width=\"25%\"><strong>ST\u00dcCK INNENKASTEN<\/strong><\/td>\n<td width=\"25%\"><strong>BARCODE<\/strong><\/td>\n<\/tr>\n<tr>\n<td width=\"214\">Y\u00dcZEY TEM\u0130YLEY\u0130C\u0130-G.BAH\u00c7E<\/td>\n<td width=\"214\">30 LT<\/td>\n<td width=\"214\">&#8211;<\/td>\n<td width=\"214\">8690553200037<\/td>\n<\/tr>\n<tr>\n<td width=\"214\">Y\u00dcZEY TEM\u0130ZLEY\u0130C\u0130-SARI G\u00dcLLER<\/td>\n<td width=\"214\">30 LT<\/td>\n<td width=\"214\">&#8211;<\/td>\n<td width=\"214\">8690553000033<\/td>\n<\/tr>\n<tr>\n<td width=\"214\">Y\u00dcZEY TEM\u0130ZLEY\u0130C\u0130-SABUN KOKULU<\/td>\n<td width=\"214\">30 LT<\/td>\n<td width=\"214\">&#8211;<\/td>\n<td width=\"214\">8690553200150<\/td>\n<\/tr>\n<\/tbody>\n<\/table>\n<p><\/p>","protected":false},"excerpt":{"rendered":"<p>Unsere Produkte &gt; OBERFL\u00c4CHENREINIGER 30 Lt. &nbsp; &nbsp; &nbsp; OBERFL\u00c4CHENREINIGER 30 Lt. PRODUKTART MENGE ST\u00dcCK INNENKASTEN BARCODE Y\u00dcZEY TEM\u0130YLEY\u0130C\u0130-G.BAH\u00c7E 30 LT &#8211; 8690553200037 Y\u00dcZEY TEM\u0130ZLEY\u0130C\u0130-SARI G\u00dcLLER 30 LT &#8211; 8690553000033 Y\u00dcZEY TEM\u0130ZLEY\u0130C\u0130-SABUN KOKULU 30 LT &#8211; 8690553200150<\/p>\n","protected":false},"author":1,"featured_media":0,"parent":2022,"menu_order":0,"comment_status":"closed","ping_status":"closed","template":"","meta":[],"_links":{"self":[{"href":"https:\/\/begimgil.com.tr\/de\/wp-json\/wp\/v2\/pages\/2001"}],"collection":[{"href":"https:\/\/begimgil.com.tr\/de\/wp-json\/wp\/v2\/pages"}],"about":[{"href":"https:\/\/begimgil.com.tr\/de\/wp-json\/wp\/v2\/types\/page"}],"author":[{"embeddable":true,"href":"https:\/\/begimgil.com.tr\/de\/wp-json\/wp\/v2\/users\/1"}],"replies":[{"embeddable":true,"href":"https:\/\/begimgil.com.tr\/de\/wp-json\/wp\/v2\/comments?post=2001"}],"version-history":[{"count":0,"href":"https:\/\/begimgil.com.tr\/de\/wp-json\/wp\/v2\/pages\/2001\/revisions"}],"up":[{"embeddable":true,"href":"https:\/\/begimgil.com.tr\/de\/wp-json\/wp\/v2\/pages\/2022"}],"wp:attachment":[{"href":"https:\/\/begimgil.com.tr\/de\/wp-json\/wp\/v2\/media?parent=2001"}],"curies":[{"name":"wp","href":"https:\/\/api.w.org\/{rel}","templated":true}]}}