{"id":2000,"date":"2020-09-28T21:44:12","date_gmt":"2020-09-28T18:44:12","guid":{"rendered":"https:\/\/begimgil.com.tr\/?page_id=1837"},"modified":"2020-09-28T21:44:12","modified_gmt":"2020-09-28T18:44:12","slug":"bulasik-makina-parlatici-30-lt","status":"publish","type":"page","link":"https:\/\/begimgil.com.tr\/de\/urunlerimiz-2\/endustriyel-mutfak-grubu-temizlik-urunleri-2\/spulmaschine-30-lt\/","title":{"rendered":"BULA\u015eIK MAK\u0130NA PARLATICI 30 Lt"},"content":{"rendered":"<p><\/p>\n<h3>Unsere Produkte &gt; SP\u00dcLMASCHINE 30 Lt.<\/h3>\n<p>&nbsp;<\/p>\n<p style=\"text-align: center;\"><img loading=\"lazy\" class=\"alignnone size-full wp-image-1812\" src=\"https:\/\/begimgil.com.tr\/wp-content\/uploads\/2020\/09\/kuzey-sivi-bulasik-parlatici.jpg\" alt=\"\" width=\"441\" height=\"471\" srcset=\"https:\/\/begimgil.com.tr\/wp-content\/uploads\/2020\/09\/kuzey-sivi-bulasik-parlatici.jpg 441w, https:\/\/begimgil.com.tr\/wp-content\/uploads\/2020\/09\/kuzey-sivi-bulasik-parlatici-281x300.jpg 281w\" sizes=\"(max-width: 441px) 100vw, 441px\" \/><\/p>\n<p>&nbsp;<\/p>\n<p>&nbsp;<\/p>\n<table width=\"100%\">\n<tbody>\n<tr>\n<td colspan=\"4\" width=\"100%\">\n<h4 style=\"text-align: center;\">SP\u00dcLMASCHINE 30 Lt.<\/h4>\n<\/td>\n<\/tr>\n<tr>\n<td width=\"25%\"><strong>PRODUKTART<\/strong><\/td>\n<td width=\"25%\"><strong>MENGE<\/strong><\/td>\n<td width=\"25%\"><strong>ST\u00dcCK INNENKASTEN<\/strong><\/td>\n<td width=\"25%\"><strong>BARCODE<\/strong><\/td>\n<\/tr>\n<tr>\n<td width=\"221\">BULA\u015eIK MAK\u0130NA PARLATICI<\/td>\n<td width=\"221\">30 LT<\/td>\n<td width=\"221\">&#8211;<\/td>\n<td width=\"221\">&#8211;<\/td>\n<\/tr>\n<\/tbody>\n<\/table>\n<p><\/p>","protected":false},"excerpt":{"rendered":"<p>Unsere Produkte &gt; SP\u00dcLMASCHINE 30 Lt. &nbsp; &nbsp; &nbsp; SP\u00dcLMASCHINE 30 Lt. PRODUKTART MENGE ST\u00dcCK INNENKASTEN BARCODE BULA\u015eIK MAK\u0130NA PARLATICI 30 LT &#8211; &#8211;<\/p>\n","protected":false},"author":1,"featured_media":0,"parent":2023,"menu_order":0,"comment_status":"closed","ping_status":"closed","template":"","meta":[],"_links":{"self":[{"href":"https:\/\/begimgil.com.tr\/de\/wp-json\/wp\/v2\/pages\/2000"}],"collection":[{"href":"https:\/\/begimgil.com.tr\/de\/wp-json\/wp\/v2\/pages"}],"about":[{"href":"https:\/\/begimgil.com.tr\/de\/wp-json\/wp\/v2\/types\/page"}],"author":[{"embeddable":true,"href":"https:\/\/begimgil.com.tr\/de\/wp-json\/wp\/v2\/users\/1"}],"replies":[{"embeddable":true,"href":"https:\/\/begimgil.com.tr\/de\/wp-json\/wp\/v2\/comments?post=2000"}],"version-history":[{"count":0,"href":"https:\/\/begimgil.com.tr\/de\/wp-json\/wp\/v2\/pages\/2000\/revisions"}],"up":[{"embeddable":true,"href":"https:\/\/begimgil.com.tr\/de\/wp-json\/wp\/v2\/pages\/2023"}],"wp:attachment":[{"href":"https:\/\/begimgil.com.tr\/de\/wp-json\/wp\/v2\/media?parent=2000"}],"curies":[{"name":"wp","href":"https:\/\/api.w.org\/{rel}","templated":true}]}}