{"id":1997,"date":"2020-09-28T23:28:37","date_gmt":"2020-09-28T20:28:37","guid":{"rendered":"https:\/\/begimgil.com.tr\/?page_id=1834"},"modified":"2020-09-28T23:28:37","modified_gmt":"2020-09-28T20:28:37","slug":"kirec-ve-pas-sokucu-30-lt","status":"publish","type":"page","link":"https:\/\/begimgil.com.tr\/de\/urunlerimiz-2\/endustriyel-genel-temizlik-urunleri-2\/kalk-und-rostentferner-30-lt\/","title":{"rendered":"K\u0130RE\u00c7 VE PAS S\u00d6K\u00dcC\u00dc 30 Lt"},"content":{"rendered":"<p><\/p>\n<h3>Unsere Produkte &gt; KALK- UND ROSTENTFERNER 30 Lt.<\/h3>\n<p>&nbsp;<\/p>\n<p style=\"text-align: center;\"><img loading=\"lazy\" class=\"alignnone size-full wp-image-1795\" src=\"https:\/\/begimgil.com.tr\/wp-content\/uploads\/2020\/09\/ku-76-kirec-pas-sokucu.jpg\" alt=\"\" width=\"557\" height=\"608\" srcset=\"https:\/\/begimgil.com.tr\/wp-content\/uploads\/2020\/09\/ku-76-kirec-pas-sokucu.jpg 557w, https:\/\/begimgil.com.tr\/wp-content\/uploads\/2020\/09\/ku-76-kirec-pas-sokucu-275x300.jpg 275w\" sizes=\"(max-width: 557px) 100vw, 557px\" \/><\/p>\n<p>&nbsp;<\/p>\n<p>&nbsp;<\/p>\n<table width=\"100%\">\n<tbody>\n<tr>\n<td colspan=\"4\" width=\"100%\">\n<h4 style=\"text-align: center;\">KALK- UND ROSTENTFERNER 30 Lt.<\/h4>\n<\/td>\n<\/tr>\n<tr>\n<td width=\"25%\"><strong>PRODUKTART<\/strong><\/td>\n<td width=\"25%\"><strong>MENGE<\/strong><\/td>\n<td width=\"25%\"><strong>ST\u00dcCK INNENKASTEN<\/strong><\/td>\n<td width=\"25%\"><strong>BARCODE<\/strong><\/td>\n<\/tr>\n<tr>\n<td width=\"221\">KU-76 K\u0130RE\u00c7 VE PAS S\u00d6K\u00dcC\u00dc<\/td>\n<td width=\"221\">30 LT<\/td>\n<td width=\"221\">&#8211;<\/td>\n<td width=\"221\">&#8211;<\/td>\n<\/tr>\n<\/tbody>\n<\/table>\n<p><\/p>","protected":false},"excerpt":{"rendered":"<p>Unsere Produkte &gt; KALK- UND ROSTENTFERNER 30 Lt. &nbsp; &nbsp; &nbsp; KALK- UND ROSTENTFERNER 30 Lt. PRODUKTART MENGE ST\u00dcCK INNENKASTEN BARCODE KU-76 K\u0130RE\u00c7 VE PAS S\u00d6K\u00dcC\u00dc 30 LT &#8211; &#8211;<\/p>\n","protected":false},"author":1,"featured_media":0,"parent":2022,"menu_order":0,"comment_status":"closed","ping_status":"closed","template":"","meta":[],"_links":{"self":[{"href":"https:\/\/begimgil.com.tr\/de\/wp-json\/wp\/v2\/pages\/1997"}],"collection":[{"href":"https:\/\/begimgil.com.tr\/de\/wp-json\/wp\/v2\/pages"}],"about":[{"href":"https:\/\/begimgil.com.tr\/de\/wp-json\/wp\/v2\/types\/page"}],"author":[{"embeddable":true,"href":"https:\/\/begimgil.com.tr\/de\/wp-json\/wp\/v2\/users\/1"}],"replies":[{"embeddable":true,"href":"https:\/\/begimgil.com.tr\/de\/wp-json\/wp\/v2\/comments?post=1997"}],"version-history":[{"count":0,"href":"https:\/\/begimgil.com.tr\/de\/wp-json\/wp\/v2\/pages\/1997\/revisions"}],"up":[{"embeddable":true,"href":"https:\/\/begimgil.com.tr\/de\/wp-json\/wp\/v2\/pages\/2022"}],"wp:attachment":[{"href":"https:\/\/begimgil.com.tr\/de\/wp-json\/wp\/v2\/media?parent=1997"}],"curies":[{"name":"wp","href":"https:\/\/api.w.org\/{rel}","templated":true}]}}