{"id":1992,"date":"2020-09-28T23:43:30","date_gmt":"2020-09-28T20:43:30","guid":{"rendered":"https:\/\/begimgil.com.tr\/?page_id=1829"},"modified":"2020-09-28T23:43:30","modified_gmt":"2020-09-28T20:43:30","slug":"derz-temizleyici-30-lt","status":"publish","type":"page","link":"https:\/\/begimgil.com.tr\/de\/urunlerimiz-2\/endustriyel-genel-temizlik-urunleri-2\/gemeinsamer-reiniger-30-lt\/","title":{"rendered":"DERZ TEM\u0130ZLEY\u0130C\u0130 30 Lt"},"content":{"rendered":"<p><\/p>\n<h3>Unsere Produkte &gt; GEMEINSAMER REINIGER 30 Lt.<\/h3>\n<p>&nbsp;<\/p>\n<p style=\"text-align: center;\"><img loading=\"lazy\" class=\"alignnone size-full wp-image-1805\" src=\"https:\/\/begimgil.com.tr\/wp-content\/uploads\/2020\/09\/kuzey-derz-temizleyici-30lt.jpg\" alt=\"\" width=\"437\" height=\"470\" srcset=\"https:\/\/begimgil.com.tr\/wp-content\/uploads\/2020\/09\/kuzey-derz-temizleyici-30lt.jpg 437w, https:\/\/begimgil.com.tr\/wp-content\/uploads\/2020\/09\/kuzey-derz-temizleyici-30lt-279x300.jpg 279w\" sizes=\"(max-width: 437px) 100vw, 437px\" \/><\/p>\n<p>&nbsp;<\/p>\n<p>&nbsp;<\/p>\n<table width=\"100%\">\n<tbody>\n<tr>\n<td colspan=\"4\" width=\"100%\">\n<h4 style=\"text-align: center;\">GEMEINSAMER REINIGER 30 Lt.<\/h4>\n<\/td>\n<\/tr>\n<tr>\n<td width=\"25%\"><strong>PRODUKTART<\/strong><\/td>\n<td width=\"25%\"><strong>MENGE<\/strong><\/td>\n<td width=\"25%\"><strong>ST\u00dcCK INNENKASTEN<\/strong><\/td>\n<td width=\"25%\"><strong>BARCODE<\/strong><\/td>\n<\/tr>\n<tr>\n<td width=\"221\">DERZ TEM\u0130ZLEY\u0130C\u0130<\/td>\n<td width=\"221\">30 LT<\/td>\n<td width=\"221\">&#8211;<\/td>\n<td width=\"221\">8690553200730<\/td>\n<\/tr>\n<\/tbody>\n<\/table>\n<p><\/p>","protected":false},"excerpt":{"rendered":"<p>Unsere Produkte &gt; GEMEINSAMER REINIGER 30 Lt. &nbsp; &nbsp; &nbsp; GEMEINSAMER REINIGER 30 Lt. PRODUKTART MENGE ST\u00dcCK INNENKASTEN BARCODE DERZ TEM\u0130ZLEY\u0130C\u0130 30 LT &#8211; 8690553200730<\/p>\n","protected":false},"author":1,"featured_media":0,"parent":2022,"menu_order":0,"comment_status":"closed","ping_status":"closed","template":"","meta":[],"_links":{"self":[{"href":"https:\/\/begimgil.com.tr\/de\/wp-json\/wp\/v2\/pages\/1992"}],"collection":[{"href":"https:\/\/begimgil.com.tr\/de\/wp-json\/wp\/v2\/pages"}],"about":[{"href":"https:\/\/begimgil.com.tr\/de\/wp-json\/wp\/v2\/types\/page"}],"author":[{"embeddable":true,"href":"https:\/\/begimgil.com.tr\/de\/wp-json\/wp\/v2\/users\/1"}],"replies":[{"embeddable":true,"href":"https:\/\/begimgil.com.tr\/de\/wp-json\/wp\/v2\/comments?post=1992"}],"version-history":[{"count":0,"href":"https:\/\/begimgil.com.tr\/de\/wp-json\/wp\/v2\/pages\/1992\/revisions"}],"up":[{"embeddable":true,"href":"https:\/\/begimgil.com.tr\/de\/wp-json\/wp\/v2\/pages\/2022"}],"wp:attachment":[{"href":"https:\/\/begimgil.com.tr\/de\/wp-json\/wp\/v2\/media?parent=1992"}],"curies":[{"name":"wp","href":"https:\/\/api.w.org\/{rel}","templated":true}]}}