{"id":1991,"date":"2020-09-28T23:45:49","date_gmt":"2020-09-28T20:45:49","guid":{"rendered":"https:\/\/begimgil.com.tr\/?page_id=1828"},"modified":"2020-09-28T23:45:49","modified_gmt":"2020-09-28T20:45:49","slug":"sivi-sabun-30-lt","status":"publish","type":"page","link":"https:\/\/begimgil.com.tr\/de\/urunlerimiz-2\/endustriyel-kisisel-hijyen-temizlik-urunleri-2\/flussigseife-30-lt\/","title":{"rendered":"SIVI SABUN 30 Lt"},"content":{"rendered":"<p><\/p>\n<h3>Unsere Produkte &gt; FL\u00dcSSIGSEIFE 30 Lt.<\/h3>\n<p>&nbsp;<\/p>\n<p style=\"text-align: center;\"><img loading=\"lazy\" class=\"alignnone size-full wp-image-1788\" src=\"https:\/\/begimgil.com.tr\/wp-content\/uploads\/2020\/09\/konuk-sivi-sabun-30lt.jpg\" alt=\"\" width=\"1211\" height=\"575\" srcset=\"https:\/\/begimgil.com.tr\/wp-content\/uploads\/2020\/09\/konuk-sivi-sabun-30lt.jpg 1211w, https:\/\/begimgil.com.tr\/wp-content\/uploads\/2020\/09\/konuk-sivi-sabun-30lt-300x142.jpg 300w, https:\/\/begimgil.com.tr\/wp-content\/uploads\/2020\/09\/konuk-sivi-sabun-30lt-1024x486.jpg 1024w, https:\/\/begimgil.com.tr\/wp-content\/uploads\/2020\/09\/konuk-sivi-sabun-30lt-768x365.jpg 768w\" sizes=\"(max-width: 1211px) 100vw, 1211px\" \/><\/p>\n<p>&nbsp;<\/p>\n<p>&nbsp;<\/p>\n<table width=\"100%\">\n<tbody>\n<tr>\n<td colspan=\"4\" width=\"100%\">\n<h4 style=\"text-align: center;\">FL\u00dcSSIGSEIFE 30 Lt.<\/h4>\n<\/td>\n<\/tr>\n<tr>\n<td width=\"25%\"><strong>PRODUKTART<\/strong><\/td>\n<td width=\"25%\"><strong>MENGE<\/strong><\/td>\n<td width=\"25%\"><strong>ST\u00dcCK INNENKASTEN<\/strong><\/td>\n<td width=\"25%\"><strong>BARCODE<\/strong><\/td>\n<\/tr>\n<tr>\n<td width=\"214\">SIVI SABUN-MOR<\/td>\n<td width=\"214\">30 LT<\/td>\n<td width=\"214\">&#8211;<\/td>\n<td width=\"214\">8690553400529<\/td>\n<\/tr>\n<tr>\n<td width=\"214\">SIVI SABUN-PEMBE<\/td>\n<td width=\"214\">30 LT<\/td>\n<td width=\"214\">&#8211;<\/td>\n<td width=\"214\">8690553400529<\/td>\n<\/tr>\n<\/tbody>\n<\/table>\n<p><\/p>","protected":false},"excerpt":{"rendered":"<p>Unsere Produkte &gt; FL\u00dcSSIGSEIFE 30 Lt. &nbsp; &nbsp; &nbsp; FL\u00dcSSIGSEIFE 30 Lt. PRODUKTART MENGE ST\u00dcCK INNENKASTEN BARCODE SIVI SABUN-MOR 30 LT &#8211; 8690553400529 SIVI SABUN-PEMBE 30 LT &#8211; 8690553400529<\/p>\n","protected":false},"author":1,"featured_media":0,"parent":2024,"menu_order":0,"comment_status":"closed","ping_status":"closed","template":"","meta":[],"_links":{"self":[{"href":"https:\/\/begimgil.com.tr\/de\/wp-json\/wp\/v2\/pages\/1991"}],"collection":[{"href":"https:\/\/begimgil.com.tr\/de\/wp-json\/wp\/v2\/pages"}],"about":[{"href":"https:\/\/begimgil.com.tr\/de\/wp-json\/wp\/v2\/types\/page"}],"author":[{"embeddable":true,"href":"https:\/\/begimgil.com.tr\/de\/wp-json\/wp\/v2\/users\/1"}],"replies":[{"embeddable":true,"href":"https:\/\/begimgil.com.tr\/de\/wp-json\/wp\/v2\/comments?post=1991"}],"version-history":[{"count":0,"href":"https:\/\/begimgil.com.tr\/de\/wp-json\/wp\/v2\/pages\/1991\/revisions"}],"up":[{"embeddable":true,"href":"https:\/\/begimgil.com.tr\/de\/wp-json\/wp\/v2\/pages\/2024"}],"wp:attachment":[{"href":"https:\/\/begimgil.com.tr\/de\/wp-json\/wp\/v2\/media?parent=1991"}],"curies":[{"name":"wp","href":"https:\/\/api.w.org\/{rel}","templated":true}]}}