{"id":1982,"date":"2020-09-28T20:57:40","date_gmt":"2020-09-28T17:57:40","guid":{"rendered":"https:\/\/begimgil.com.tr\/?page_id=1755"},"modified":"2020-09-28T20:57:40","modified_gmt":"2020-09-28T17:57:40","slug":"derz-temizleyicileri","status":"publish","type":"page","link":"https:\/\/begimgil.com.tr\/de\/urunlerimiz-2\/genel-temizlik-urunleri-2\/gemeinsame-reiniger\/","title":{"rendered":"DERZ TEM\u0130ZLEY\u0130C\u0130LER\u0130"},"content":{"rendered":"<p><\/p>\n<h3>Unsere Produkte &gt; GEMEINSAME REINIGER<\/h3>\n<p>&nbsp;<\/p>\n<p style=\"text-align: center;\"><img loading=\"lazy\" class=\"alignnone size-full wp-image-1714\" src=\"https:\/\/begimgil.com.tr\/wp-content\/uploads\/2020\/09\/kuzey-derz-temizleyici.jpg\" alt=\"\" width=\"1282\" height=\"489\" srcset=\"https:\/\/begimgil.com.tr\/wp-content\/uploads\/2020\/09\/kuzey-derz-temizleyici.jpg 1282w, https:\/\/begimgil.com.tr\/wp-content\/uploads\/2020\/09\/kuzey-derz-temizleyici-300x114.jpg 300w, https:\/\/begimgil.com.tr\/wp-content\/uploads\/2020\/09\/kuzey-derz-temizleyici-1024x391.jpg 1024w, https:\/\/begimgil.com.tr\/wp-content\/uploads\/2020\/09\/kuzey-derz-temizleyici-768x293.jpg 768w\" sizes=\"(max-width: 1282px) 100vw, 1282px\" \/><\/p>\n<p>&nbsp;<\/p>\n<p>&nbsp;<\/p>\n<table width=\"100%\">\n<tbody>\n<tr>\n<td colspan=\"4\" width=\"100%\">\n<h4 style=\"text-align: center;\">GEMEINSAME REINIGER<\/h4>\n<\/td>\n<\/tr>\n<tr>\n<td width=\"25%\"><strong>PRODUKTART<\/strong><\/td>\n<td width=\"25%\"><strong>MENGE<\/strong><\/td>\n<td width=\"25%\"><strong>ST\u00dcCK INNENKASTEN<\/strong><\/td>\n<td width=\"25%\"><strong>BARCODE<\/strong><\/td>\n<\/tr>\n<tr>\n<td width=\"210\">\u0130KS\u0130R<\/td>\n<td width=\"210\">1 LT<\/td>\n<td width=\"210\">12<\/td>\n<td width=\"210\">8690553201294<\/td>\n<\/tr>\n<tr>\n<td width=\"210\">S\u0130H\u0130RL\u0130 SIVI-TR\u0130GELL\u0130<\/td>\n<td width=\"210\">1 LT<\/td>\n<td width=\"210\">12<\/td>\n<td width=\"210\">8690553201201<\/td>\n<\/tr>\n<tr>\n<td width=\"210\">S\u0130H\u0130RL\u0130 SIVI<\/td>\n<td width=\"210\">1 LT<\/td>\n<td width=\"210\">15<\/td>\n<td width=\"210\">8690553201225<\/td>\n<\/tr>\n<tr>\n<td width=\"210\">S\u0130H\u0130RL\u0130 SIVI<\/td>\n<td width=\"210\">2,5 LT<\/td>\n<td width=\"210\">6<\/td>\n<td width=\"210\">8690553201218<\/td>\n<\/tr>\n<tr>\n<td width=\"210\">S\u0130H\u0130RL\u0130 SIVI<\/td>\n<td width=\"210\">4 LT<\/td>\n<td width=\"210\">4<\/td>\n<td width=\"210\">8690553200730<\/td>\n<\/tr>\n<\/tbody>\n<\/table>\n<p><\/p>","protected":false},"excerpt":{"rendered":"<p>Unsere Produkte &gt; GEMEINSAME REINIGER &nbsp; &nbsp; &nbsp; GEMEINSAME REINIGER PRODUKTART MENGE ST\u00dcCK INNENKASTEN BARCODE \u0130KS\u0130R 1 LT 12 8690553201294 S\u0130H\u0130RL\u0130 SIVI-TR\u0130GELL\u0130 1 LT 12 8690553201201 S\u0130H\u0130RL\u0130 SIVI 1 LT 15 8690553201225 S\u0130H\u0130RL\u0130 SIVI 2,5 LT 6 8690553201218 S\u0130H\u0130RL\u0130 SIVI 4 LT 4 8690553200730<\/p>\n","protected":false},"author":1,"featured_media":0,"parent":2026,"menu_order":0,"comment_status":"closed","ping_status":"closed","template":"","meta":[],"_links":{"self":[{"href":"https:\/\/begimgil.com.tr\/de\/wp-json\/wp\/v2\/pages\/1982"}],"collection":[{"href":"https:\/\/begimgil.com.tr\/de\/wp-json\/wp\/v2\/pages"}],"about":[{"href":"https:\/\/begimgil.com.tr\/de\/wp-json\/wp\/v2\/types\/page"}],"author":[{"embeddable":true,"href":"https:\/\/begimgil.com.tr\/de\/wp-json\/wp\/v2\/users\/1"}],"replies":[{"embeddable":true,"href":"https:\/\/begimgil.com.tr\/de\/wp-json\/wp\/v2\/comments?post=1982"}],"version-history":[{"count":0,"href":"https:\/\/begimgil.com.tr\/de\/wp-json\/wp\/v2\/pages\/1982\/revisions"}],"up":[{"embeddable":true,"href":"https:\/\/begimgil.com.tr\/de\/wp-json\/wp\/v2\/pages\/2026"}],"wp:attachment":[{"href":"https:\/\/begimgil.com.tr\/de\/wp-json\/wp\/v2\/media?parent=1982"}],"curies":[{"name":"wp","href":"https:\/\/api.w.org\/{rel}","templated":true}]}}