{"id":1981,"date":"2020-09-28T20:54:35","date_gmt":"2020-09-28T17:54:35","guid":{"rendered":"https:\/\/begimgil.com.tr\/?page_id=1754"},"modified":"2020-09-28T20:54:35","modified_gmt":"2020-09-28T17:54:35","slug":"cam-temizleyici-1000ml","status":"publish","type":"page","link":"https:\/\/begimgil.com.tr\/de\/urunlerimiz-2\/genel-temizlik-urunleri-2\/glasreiniger-1000ml\/","title":{"rendered":"CAM TEM\u0130ZLEY\u0130C\u0130 1000Ml"},"content":{"rendered":"<p><\/p>\n<h3>Unsere Produkte &gt; GLASREINIGER 1000Ml<\/h3>\n<p>&nbsp;<\/p>\n<p style=\"text-align: center;\"><img loading=\"lazy\" class=\"alignnone size-full wp-image-1713\" src=\"https:\/\/begimgil.com.tr\/wp-content\/uploads\/2020\/09\/kuzey-cam-temizleyici.jpg\" alt=\"\" width=\"833\" height=\"444\" srcset=\"https:\/\/begimgil.com.tr\/wp-content\/uploads\/2020\/09\/kuzey-cam-temizleyici.jpg 833w, https:\/\/begimgil.com.tr\/wp-content\/uploads\/2020\/09\/kuzey-cam-temizleyici-300x160.jpg 300w, https:\/\/begimgil.com.tr\/wp-content\/uploads\/2020\/09\/kuzey-cam-temizleyici-768x409.jpg 768w\" sizes=\"(max-width: 833px) 100vw, 833px\" \/><\/p>\n<p>&nbsp;<\/p>\n<p>&nbsp;<\/p>\n<table width=\"100%\">\n<tbody>\n<tr>\n<td colspan=\"4\" width=\"100%\">\n<h4 style=\"text-align: center;\">GLASREINIGER 1000Ml<\/h4>\n<\/td>\n<\/tr>\n<tr>\n<td width=\"25%\"><strong>PRODUKTART<\/strong><\/td>\n<td width=\"25%\"><strong>MENGE<\/strong><\/td>\n<td width=\"25%\"><strong>ST\u00dcCK INNENKASTEN<\/strong><\/td>\n<td width=\"25%\"><strong>BARCODE<\/strong><\/td>\n<\/tr>\n<tr>\n<td width=\"202\">CAM TEM\u0130ZLEY\u0130C\u0130 KLAS\u0130K<\/td>\n<td width=\"202\">1000 ML<\/td>\n<td width=\"202\">12<\/td>\n<td width=\"202\">8690553200952<\/td>\n<\/tr>\n<tr>\n<td width=\"202\">CAM TEM\u0130ZLEY\u0130C\u0130 S\u0130RKEL\u0130<\/td>\n<td width=\"202\">1000 ML<\/td>\n<td width=\"202\">12<\/td>\n<td width=\"202\">8690553201324<\/td>\n<\/tr>\n<tr>\n<td width=\"202\">CAM TEM\u0130ZLEY\u0130C\u0130 SL\u0130KONLU<\/td>\n<td width=\"202\">1000 ML<\/td>\n<td width=\"202\">12<\/td>\n<td width=\"202\">8690553201300<\/td>\n<\/tr>\n<\/tbody>\n<\/table>\n<p><\/p>","protected":false},"excerpt":{"rendered":"<p>Unsere Produkte &gt; GLASREINIGER 1000Ml &nbsp; &nbsp; &nbsp; GLASREINIGER 1000Ml PRODUKTART MENGE ST\u00dcCK INNENKASTEN BARCODE CAM TEM\u0130ZLEY\u0130C\u0130 KLAS\u0130K 1000 ML 12 8690553200952 CAM TEM\u0130ZLEY\u0130C\u0130 S\u0130RKEL\u0130 1000 ML 12 8690553201324 CAM TEM\u0130ZLEY\u0130C\u0130 SL\u0130KONLU 1000 ML 12 8690553201300<\/p>\n","protected":false},"author":1,"featured_media":0,"parent":2026,"menu_order":0,"comment_status":"closed","ping_status":"closed","template":"","meta":[],"_links":{"self":[{"href":"https:\/\/begimgil.com.tr\/de\/wp-json\/wp\/v2\/pages\/1981"}],"collection":[{"href":"https:\/\/begimgil.com.tr\/de\/wp-json\/wp\/v2\/pages"}],"about":[{"href":"https:\/\/begimgil.com.tr\/de\/wp-json\/wp\/v2\/types\/page"}],"author":[{"embeddable":true,"href":"https:\/\/begimgil.com.tr\/de\/wp-json\/wp\/v2\/users\/1"}],"replies":[{"embeddable":true,"href":"https:\/\/begimgil.com.tr\/de\/wp-json\/wp\/v2\/comments?post=1981"}],"version-history":[{"count":0,"href":"https:\/\/begimgil.com.tr\/de\/wp-json\/wp\/v2\/pages\/1981\/revisions"}],"up":[{"embeddable":true,"href":"https:\/\/begimgil.com.tr\/de\/wp-json\/wp\/v2\/pages\/2026"}],"wp:attachment":[{"href":"https:\/\/begimgil.com.tr\/de\/wp-json\/wp\/v2\/media?parent=1981"}],"curies":[{"name":"wp","href":"https:\/\/api.w.org\/{rel}","templated":true}]}}