{"id":1980,"date":"2020-09-28T20:52:06","date_gmt":"2020-09-28T17:52:06","guid":{"rendered":"https:\/\/begimgil.com.tr\/?page_id=1753"},"modified":"2020-09-28T20:52:06","modified_gmt":"2020-09-28T17:52:06","slug":"yag-sokucu","status":"publish","type":"page","link":"https:\/\/begimgil.com.tr\/de\/urunlerimiz-2\/endustriyel-mutfak-grubu-temizlik-urunleri-2\/olentferner\/","title":{"rendered":"YA\u011e S\u00d6K\u00dcC\u00dc"},"content":{"rendered":"<p><\/p>\n<h3>Our Product &gt; \u00d6LENTFERNER<\/h3>\n<p>&nbsp;<\/p>\n<p style=\"text-align: center;\"><img loading=\"lazy\" class=\"alignnone size-full wp-image-1727\" src=\"https:\/\/begimgil.com.tr\/wp-content\/uploads\/2020\/09\/kuzey-yag-sokucu.jpg\" alt=\"\" width=\"900\" height=\"422\" srcset=\"https:\/\/begimgil.com.tr\/wp-content\/uploads\/2020\/09\/kuzey-yag-sokucu.jpg 900w, https:\/\/begimgil.com.tr\/wp-content\/uploads\/2020\/09\/kuzey-yag-sokucu-300x141.jpg 300w, https:\/\/begimgil.com.tr\/wp-content\/uploads\/2020\/09\/kuzey-yag-sokucu-768x360.jpg 768w\" sizes=\"(max-width: 900px) 100vw, 900px\" \/><\/p>\n<p>&nbsp;<\/p>\n<p>&nbsp;<\/p>\n<table width=\"100%\">\n<tbody>\n<tr>\n<td colspan=\"4\" width=\"100%\">\n<h4 style=\"text-align: center;\">\u00d6LENTFERNER<\/h4>\n<\/td>\n<\/tr>\n<tr>\n<td width=\"25%\"><strong>PRODUCT TYPE<\/strong><\/td>\n<td width=\"25%\"><strong>QUANTITY<\/strong><\/td>\n<td width=\"25%\"><strong>PIECE INSIDE BOX<\/strong><\/td>\n<td width=\"25%\"><strong>BARCODE<\/strong><\/td>\n<\/tr>\n<tr>\n<td width=\"201\">YA\u011e S\u00d6K\u00dcC\u00dc \u2013L\u0130MON<\/td>\n<td width=\"201\">750 ML<\/td>\n<td width=\"201\">18<\/td>\n<td width=\"201\">8690553201010<\/td>\n<\/tr>\n<tr>\n<td width=\"201\">YA\u011e S\u00d6K\u00dcC\u00dc &#8211; L\u0130MON<\/td>\n<td width=\"201\">4 LT<\/td>\n<td width=\"201\">4<\/td>\n<td width=\"201\">8690553200464<\/td>\n<\/tr>\n<tr>\n<td width=\"201\">K\u0130RE\u00c7 VE PAS S\u00d6K\u00dcC\u00dc<\/td>\n<td width=\"201\">4 LT<\/td>\n<td width=\"201\">4<\/td>\n<td width=\"201\">&#8211;<\/td>\n<\/tr>\n<\/tbody>\n<\/table>\n<p><\/p>","protected":false},"excerpt":{"rendered":"<p>Our Product &gt; \u00d6LENTFERNER &nbsp; &nbsp; &nbsp; \u00d6LENTFERNER PRODUCT TYPE QUANTITY PIECE INSIDE BOX BARCODE YA\u011e S\u00d6K\u00dcC\u00dc \u2013L\u0130MON 750 ML 18 8690553201010 YA\u011e S\u00d6K\u00dcC\u00dc &#8211; L\u0130MON 4 LT 4 8690553200464 K\u0130RE\u00c7 VE PAS S\u00d6K\u00dcC\u00dc 4 LT 4 &#8211;<\/p>\n","protected":false},"author":1,"featured_media":0,"parent":2023,"menu_order":0,"comment_status":"closed","ping_status":"closed","template":"","meta":[],"_links":{"self":[{"href":"https:\/\/begimgil.com.tr\/de\/wp-json\/wp\/v2\/pages\/1980"}],"collection":[{"href":"https:\/\/begimgil.com.tr\/de\/wp-json\/wp\/v2\/pages"}],"about":[{"href":"https:\/\/begimgil.com.tr\/de\/wp-json\/wp\/v2\/types\/page"}],"author":[{"embeddable":true,"href":"https:\/\/begimgil.com.tr\/de\/wp-json\/wp\/v2\/users\/1"}],"replies":[{"embeddable":true,"href":"https:\/\/begimgil.com.tr\/de\/wp-json\/wp\/v2\/comments?post=1980"}],"version-history":[{"count":0,"href":"https:\/\/begimgil.com.tr\/de\/wp-json\/wp\/v2\/pages\/1980\/revisions"}],"up":[{"embeddable":true,"href":"https:\/\/begimgil.com.tr\/de\/wp-json\/wp\/v2\/pages\/2023"}],"wp:attachment":[{"href":"https:\/\/begimgil.com.tr\/de\/wp-json\/wp\/v2\/media?parent=1980"}],"curies":[{"name":"wp","href":"https:\/\/api.w.org\/{rel}","templated":true}]}}