{"id":1979,"date":"2020-09-28T20:48:21","date_gmt":"2020-09-28T17:48:21","guid":{"rendered":"https:\/\/begimgil.com.tr\/?page_id=1752"},"modified":"2020-09-28T20:48:21","modified_gmt":"2020-09-28T17:48:21","slug":"aspirinho-multi-cleaner","status":"publish","type":"page","link":"https:\/\/begimgil.com.tr\/de\/urunlerimiz-2\/genel-temizlik-urunleri-2\/aspirinho-multi-reiniger\/","title":{"rendered":"ASP\u0130R\u0130NHO &#8211; MULT\u0130 CLEANER"},"content":{"rendered":"<p><\/p>\n<h3>Unsere Produkte &gt; ASPIRINHO &#8211; MULTI-REINIGER<\/h3>\n<p>&nbsp;<\/p>\n<p style=\"text-align: center;\"><img loading=\"lazy\" class=\"alignnone size-full wp-image-1707\" src=\"https:\/\/begimgil.com.tr\/wp-content\/uploads\/2020\/09\/kuzey-aspirinho.jpg\" alt=\"\" width=\"831\" height=\"408\" srcset=\"https:\/\/begimgil.com.tr\/wp-content\/uploads\/2020\/09\/kuzey-aspirinho.jpg 831w, https:\/\/begimgil.com.tr\/wp-content\/uploads\/2020\/09\/kuzey-aspirinho-300x147.jpg 300w, https:\/\/begimgil.com.tr\/wp-content\/uploads\/2020\/09\/kuzey-aspirinho-768x377.jpg 768w\" sizes=\"(max-width: 831px) 100vw, 831px\" \/><\/p>\n<p>&nbsp;<\/p>\n<p>&nbsp;<\/p>\n<table width=\"100%\">\n<tbody>\n<tr>\n<td colspan=\"4\" width=\"100%\">\n<h4 style=\"text-align: center;\">ASPIRINHO &#8211; MULTI-REINIGER<\/h4>\n<\/td>\n<\/tr>\n<tr>\n<td width=\"25%\"><strong>PRODUKTART<\/strong><\/td>\n<td width=\"25%\"><strong>MENGE<\/strong><\/td>\n<td width=\"25%\"><strong>ST\u00dcCK INNENKASTEN<\/strong><\/td>\n<td width=\"25%\"><strong>BARCODE<\/strong><\/td>\n<\/tr>\n<tr>\n<td width=\"202\">ASP\u0130R\u0130NHO &#8211; MULT\u0130 CLEANER<\/td>\n<td width=\"202\">750 ML<\/td>\n<td width=\"202\">18<\/td>\n<td width=\"202\">8690553201034<\/td>\n<\/tr>\n<tr>\n<td width=\"202\">ASP\u0130R\u0130NHO &#8211; MULT\u0130 CLEANER<\/td>\n<td width=\"202\">2,5 LT<\/td>\n<td width=\"202\">6<\/td>\n<td width=\"202\">8690553201058<\/td>\n<\/tr>\n<tr>\n<td width=\"202\">ASP\u0130R\u0130NHO &#8211; MULT\u0130 CLEANER<\/td>\n<td width=\"202\">4 LT<\/td>\n<td width=\"202\">4<\/td>\n<td width=\"202\">8690553201102<\/td>\n<\/tr>\n<\/tbody>\n<\/table>\n<p><\/p>","protected":false},"excerpt":{"rendered":"<p>Unsere Produkte &gt; ASPIRINHO &#8211; MULTI-REINIGER &nbsp; &nbsp; &nbsp; ASPIRINHO &#8211; MULTI-REINIGER PRODUKTART MENGE ST\u00dcCK INNENKASTEN BARCODE ASP\u0130R\u0130NHO &#8211; MULT\u0130 CLEANER 750 ML 18 8690553201034 ASP\u0130R\u0130NHO &#8211; MULT\u0130 CLEANER 2,5 LT 6 8690553201058 ASP\u0130R\u0130NHO &#8211; MULT\u0130 CLEANER 4 LT 4 8690553201102<\/p>\n","protected":false},"author":1,"featured_media":0,"parent":2026,"menu_order":0,"comment_status":"closed","ping_status":"closed","template":"","meta":[],"_links":{"self":[{"href":"https:\/\/begimgil.com.tr\/de\/wp-json\/wp\/v2\/pages\/1979"}],"collection":[{"href":"https:\/\/begimgil.com.tr\/de\/wp-json\/wp\/v2\/pages"}],"about":[{"href":"https:\/\/begimgil.com.tr\/de\/wp-json\/wp\/v2\/types\/page"}],"author":[{"embeddable":true,"href":"https:\/\/begimgil.com.tr\/de\/wp-json\/wp\/v2\/users\/1"}],"replies":[{"embeddable":true,"href":"https:\/\/begimgil.com.tr\/de\/wp-json\/wp\/v2\/comments?post=1979"}],"version-history":[{"count":0,"href":"https:\/\/begimgil.com.tr\/de\/wp-json\/wp\/v2\/pages\/1979\/revisions"}],"up":[{"embeddable":true,"href":"https:\/\/begimgil.com.tr\/de\/wp-json\/wp\/v2\/pages\/2026"}],"wp:attachment":[{"href":"https:\/\/begimgil.com.tr\/de\/wp-json\/wp\/v2\/media?parent=1979"}],"curies":[{"name":"wp","href":"https:\/\/api.w.org\/{rel}","templated":true}]}}