{"id":1978,"date":"2020-09-28T20:45:16","date_gmt":"2020-09-28T17:45:16","guid":{"rendered":"https:\/\/begimgil.com.tr\/?page_id=1751"},"modified":"2020-09-28T20:45:16","modified_gmt":"2020-09-28T17:45:16","slug":"ahsap-temizleyici","status":"publish","type":"page","link":"https:\/\/begimgil.com.tr\/de\/urunlerimiz-2\/genel-temizlik-urunleri-2\/holzreiniger\/","title":{"rendered":"AH\u015eAP TEM\u0130ZLEY\u0130C\u0130"},"content":{"rendered":"<p><\/p>\n<h3>Unsere Produkte &gt; HOLZREINIGER<\/h3>\n<p>&nbsp;<\/p>\n<p style=\"text-align: center;\"><img loading=\"lazy\" class=\"alignnone wp-image-1731\" src=\"https:\/\/begimgil.com.tr\/wp-content\/uploads\/2020\/09\/kzey-ahsap-temizleyici.jpg\" alt=\"\" width=\"825\" height=\"547\" srcset=\"https:\/\/begimgil.com.tr\/wp-content\/uploads\/2020\/09\/kzey-ahsap-temizleyici.jpg 969w, https:\/\/begimgil.com.tr\/wp-content\/uploads\/2020\/09\/kzey-ahsap-temizleyici-300x199.jpg 300w, https:\/\/begimgil.com.tr\/wp-content\/uploads\/2020\/09\/kzey-ahsap-temizleyici-768x510.jpg 768w\" sizes=\"(max-width: 825px) 100vw, 825px\" \/><\/p>\n<p>&nbsp;<\/p>\n<p>&nbsp;<\/p>\n<table width=\"100%\">\n<tbody>\n<tr>\n<td colspan=\"4\" width=\"100%\">\n<h4 style=\"text-align: center;\">HOLZREINIGER<\/h4>\n<\/td>\n<\/tr>\n<tr>\n<td width=\"25%\"><strong>PRODUKTART<\/strong><\/td>\n<td width=\"25%\"><strong>MENGE<\/strong><\/td>\n<td width=\"25%\"><strong>ST\u00dcCK INNENKASTEN<\/strong><\/td>\n<td width=\"25%\"><strong>BARCODE<\/strong><\/td>\n<\/tr>\n<tr>\n<td width=\"204\">AH\u015eAP TEM\u0130ZLEY\u0130C\u0130<\/td>\n<td width=\"204\">1 LT<\/td>\n<td width=\"204\">15<\/td>\n<td width=\"204\">8690553200853<\/td>\n<\/tr>\n<tr>\n<td width=\"204\">AH\u015eAP TEM\u0130ZLEY\u0130C\u0130<\/td>\n<td width=\"204\">4 LT<\/td>\n<td width=\"204\">4<\/td>\n<td width=\"204\">8690553200624<\/td>\n<\/tr>\n<\/tbody>\n<\/table>\n<p><\/p>","protected":false},"excerpt":{"rendered":"<p>Unsere Produkte &gt; HOLZREINIGER &nbsp; &nbsp; &nbsp; HOLZREINIGER PRODUKTART MENGE ST\u00dcCK INNENKASTEN BARCODE AH\u015eAP TEM\u0130ZLEY\u0130C\u0130 1 LT 15 8690553200853 AH\u015eAP TEM\u0130ZLEY\u0130C\u0130 4 LT 4 8690553200624<\/p>\n","protected":false},"author":1,"featured_media":0,"parent":2026,"menu_order":0,"comment_status":"closed","ping_status":"closed","template":"","meta":[],"_links":{"self":[{"href":"https:\/\/begimgil.com.tr\/de\/wp-json\/wp\/v2\/pages\/1978"}],"collection":[{"href":"https:\/\/begimgil.com.tr\/de\/wp-json\/wp\/v2\/pages"}],"about":[{"href":"https:\/\/begimgil.com.tr\/de\/wp-json\/wp\/v2\/types\/page"}],"author":[{"embeddable":true,"href":"https:\/\/begimgil.com.tr\/de\/wp-json\/wp\/v2\/users\/1"}],"replies":[{"embeddable":true,"href":"https:\/\/begimgil.com.tr\/de\/wp-json\/wp\/v2\/comments?post=1978"}],"version-history":[{"count":0,"href":"https:\/\/begimgil.com.tr\/de\/wp-json\/wp\/v2\/pages\/1978\/revisions"}],"up":[{"embeddable":true,"href":"https:\/\/begimgil.com.tr\/de\/wp-json\/wp\/v2\/pages\/2026"}],"wp:attachment":[{"href":"https:\/\/begimgil.com.tr\/de\/wp-json\/wp\/v2\/media?parent=1978"}],"curies":[{"name":"wp","href":"https:\/\/api.w.org\/{rel}","templated":true}]}}