{"id":1974,"date":"2020-09-28T20:34:13","date_gmt":"2020-09-28T17:34:13","guid":{"rendered":"https:\/\/begimgil.com.tr\/?page_id=1747"},"modified":"2020-09-28T20:34:13","modified_gmt":"2020-09-28T17:34:13","slug":"sivi-bulasik-deterjani-750-ml","status":"publish","type":"page","link":"https:\/\/begimgil.com.tr\/de\/urunlerimiz-2\/mutfak-grubu-temizlik-urunleri-2\/flussiges-spulmittel-750-ml\/","title":{"rendered":"SIVI BULA\u015eIK DETERJANI 750 Ml"},"content":{"rendered":"<p><\/p>\n<h3>Unsere Produkte &gt; FL\u00dcSSIGES SP\u00dcLMITTEL 750 ml<\/h3>\n<p>&nbsp;<\/p>\n<p style=\"text-align: center;\"><img loading=\"lazy\" class=\"alignnone  wp-image-1720\" src=\"https:\/\/begimgil.com.tr\/wp-content\/uploads\/2020\/09\/kuzey-sivi-bulasik-deterjani-750ml.jpg\" alt=\"\" width=\"823\" height=\"534\" srcset=\"https:\/\/begimgil.com.tr\/wp-content\/uploads\/2020\/09\/kuzey-sivi-bulasik-deterjani-750ml.jpg 1124w, https:\/\/begimgil.com.tr\/wp-content\/uploads\/2020\/09\/kuzey-sivi-bulasik-deterjani-750ml-300x195.jpg 300w, https:\/\/begimgil.com.tr\/wp-content\/uploads\/2020\/09\/kuzey-sivi-bulasik-deterjani-750ml-1024x664.jpg 1024w, https:\/\/begimgil.com.tr\/wp-content\/uploads\/2020\/09\/kuzey-sivi-bulasik-deterjani-750ml-768x498.jpg 768w\" sizes=\"(max-width: 823px) 100vw, 823px\" \/><\/p>\n<p>&nbsp;<\/p>\n<p>&nbsp;<\/p>\n<table width=\"100%\">\n<tbody>\n<tr>\n<td colspan=\"4\" width=\"100%\">\n<h4 style=\"text-align: center;\">FL\u00dcSSIGES SP\u00dcLMITTEL 750 ml<\/h4>\n<\/td>\n<\/tr>\n<tr>\n<td width=\"25%\"><strong>PRODUKTART<\/strong><\/td>\n<td width=\"25%\"><strong>MENGE<\/strong><\/td>\n<td width=\"25%\"><strong>ST\u00dcCK INNENKASTEN<\/strong><\/td>\n<td width=\"25%\"><strong>BARCODE<\/strong><\/td>\n<\/tr>\n<tr>\n<td width=\"202\">L\u0130MON<\/td>\n<td width=\"202\">750 ML<\/td>\n<td width=\"202\">16<\/td>\n<td width=\"202\">8690553202604<\/td>\n<\/tr>\n<tr>\n<td width=\"202\">NAR<\/td>\n<td width=\"202\">750 ML<\/td>\n<td width=\"202\">16<\/td>\n<td width=\"202\">8690553202628<\/td>\n<\/tr>\n<tr>\n<td width=\"202\">ELMA<\/td>\n<td width=\"202\">750 ML<\/td>\n<td width=\"202\">16<\/td>\n<td width=\"202\">8690553202611<\/td>\n<\/tr>\n<\/tbody>\n<\/table>\n<p><\/p>","protected":false},"excerpt":{"rendered":"<p>Unsere Produkte &gt; FL\u00dcSSIGES SP\u00dcLMITTEL 750 ml &nbsp; &nbsp; &nbsp; FL\u00dcSSIGES SP\u00dcLMITTEL 750 ml PRODUKTART MENGE ST\u00dcCK INNENKASTEN BARCODE L\u0130MON 750 ML 16 8690553202604 NAR 750 ML 16 8690553202628 ELMA 750 ML 16 8690553202611<\/p>\n","protected":false},"author":1,"featured_media":0,"parent":2028,"menu_order":0,"comment_status":"closed","ping_status":"closed","template":"","meta":[],"_links":{"self":[{"href":"https:\/\/begimgil.com.tr\/de\/wp-json\/wp\/v2\/pages\/1974"}],"collection":[{"href":"https:\/\/begimgil.com.tr\/de\/wp-json\/wp\/v2\/pages"}],"about":[{"href":"https:\/\/begimgil.com.tr\/de\/wp-json\/wp\/v2\/types\/page"}],"author":[{"embeddable":true,"href":"https:\/\/begimgil.com.tr\/de\/wp-json\/wp\/v2\/users\/1"}],"replies":[{"embeddable":true,"href":"https:\/\/begimgil.com.tr\/de\/wp-json\/wp\/v2\/comments?post=1974"}],"version-history":[{"count":0,"href":"https:\/\/begimgil.com.tr\/de\/wp-json\/wp\/v2\/pages\/1974\/revisions"}],"up":[{"embeddable":true,"href":"https:\/\/begimgil.com.tr\/de\/wp-json\/wp\/v2\/pages\/2028"}],"wp:attachment":[{"href":"https:\/\/begimgil.com.tr\/de\/wp-json\/wp\/v2\/media?parent=1974"}],"curies":[{"name":"wp","href":"https:\/\/api.w.org\/{rel}","templated":true}]}}