{"id":1973,"date":"2020-09-28T20:30:33","date_gmt":"2020-09-28T17:30:33","guid":{"rendered":"https:\/\/begimgil.com.tr\/?page_id=1746"},"modified":"2020-09-28T20:30:33","modified_gmt":"2020-09-28T17:30:33","slug":"sivi-bulasik-deterjani-4-lt","status":"publish","type":"page","link":"https:\/\/begimgil.com.tr\/de\/urunlerimiz-2\/mutfak-grubu-temizlik-urunleri-2\/flussiges-spulmittel-4-lt\/","title":{"rendered":"SIVI BULA\u015eIK DETERJANI 4 Lt"},"content":{"rendered":"<p><\/p>\n<h3>Unsere Produkte &gt; FL\u00dcSSIGES SP\u00dcLMITTEL 4 Lt.<\/h3>\n<p>&nbsp;<\/p>\n<p style=\"text-align: center;\"><img loading=\"lazy\" class=\"alignnone size-full wp-image-1718\" src=\"https:\/\/begimgil.com.tr\/wp-content\/uploads\/2020\/09\/kuzey-sivi-bulasik-deterjani-4lt.jpg\" alt=\"\" width=\"980\" height=\"482\" srcset=\"https:\/\/begimgil.com.tr\/wp-content\/uploads\/2020\/09\/kuzey-sivi-bulasik-deterjani-4lt.jpg 980w, https:\/\/begimgil.com.tr\/wp-content\/uploads\/2020\/09\/kuzey-sivi-bulasik-deterjani-4lt-300x148.jpg 300w, https:\/\/begimgil.com.tr\/wp-content\/uploads\/2020\/09\/kuzey-sivi-bulasik-deterjani-4lt-768x378.jpg 768w\" sizes=\"(max-width: 980px) 100vw, 980px\" \/><\/p>\n<p>&nbsp;<\/p>\n<p>&nbsp;<\/p>\n<table width=\"100%\">\n<tbody>\n<tr>\n<td colspan=\"4\" width=\"100%\">\n<h4 style=\"text-align: center;\">FL\u00dcSSIGES SP\u00dcLMITTEL 4 Lt.<\/h4>\n<\/td>\n<\/tr>\n<tr>\n<td width=\"25%\"><strong>PRODUKTART<\/strong><\/td>\n<td width=\"25%\"><strong>MENGE<\/strong><\/td>\n<td width=\"25%\"><strong>ST\u00dcCK INNENKASTEN<\/strong><\/td>\n<td width=\"25%\"><strong>BARCODE<\/strong><\/td>\n<\/tr>\n<tr>\n<td width=\"200\">L\u0130MON<\/td>\n<td width=\"200\">4 LT<\/td>\n<td width=\"200\">4<\/td>\n<td width=\"200\">8690553202703<\/td>\n<\/tr>\n<tr>\n<td width=\"200\">ELMA<\/td>\n<td width=\"200\">4 LT<\/td>\n<td width=\"200\">4<\/td>\n<td width=\"200\">8690553202710<\/td>\n<\/tr>\n<\/tbody>\n<\/table>\n<p><\/p>","protected":false},"excerpt":{"rendered":"<p>Unsere Produkte &gt; FL\u00dcSSIGES SP\u00dcLMITTEL 4 Lt. &nbsp; &nbsp; &nbsp; FL\u00dcSSIGES SP\u00dcLMITTEL 4 Lt. PRODUKTART MENGE ST\u00dcCK INNENKASTEN BARCODE L\u0130MON 4 LT 4 8690553202703 ELMA 4 LT 4 8690553202710<\/p>\n","protected":false},"author":1,"featured_media":0,"parent":2028,"menu_order":0,"comment_status":"closed","ping_status":"closed","template":"","meta":[],"_links":{"self":[{"href":"https:\/\/begimgil.com.tr\/de\/wp-json\/wp\/v2\/pages\/1973"}],"collection":[{"href":"https:\/\/begimgil.com.tr\/de\/wp-json\/wp\/v2\/pages"}],"about":[{"href":"https:\/\/begimgil.com.tr\/de\/wp-json\/wp\/v2\/types\/page"}],"author":[{"embeddable":true,"href":"https:\/\/begimgil.com.tr\/de\/wp-json\/wp\/v2\/users\/1"}],"replies":[{"embeddable":true,"href":"https:\/\/begimgil.com.tr\/de\/wp-json\/wp\/v2\/comments?post=1973"}],"version-history":[{"count":0,"href":"https:\/\/begimgil.com.tr\/de\/wp-json\/wp\/v2\/pages\/1973\/revisions"}],"up":[{"embeddable":true,"href":"https:\/\/begimgil.com.tr\/de\/wp-json\/wp\/v2\/pages\/2028"}],"wp:attachment":[{"href":"https:\/\/begimgil.com.tr\/de\/wp-json\/wp\/v2\/media?parent=1973"}],"curies":[{"name":"wp","href":"https:\/\/api.w.org\/{rel}","templated":true}]}}