{"id":1972,"date":"2020-09-28T20:27:44","date_gmt":"2020-09-28T17:27:44","guid":{"rendered":"https:\/\/begimgil.com.tr\/?page_id=1745"},"modified":"2020-09-28T20:27:44","modified_gmt":"2020-09-28T17:27:44","slug":"sivi-sabun-2-lt","status":"publish","type":"page","link":"https:\/\/begimgil.com.tr\/de\/urunlerimiz-2\/kisisel-hijyen-temizlik-urunleri-2\/flussigseife-2-lt\/","title":{"rendered":"SIVI SABUN 2 Lt"},"content":{"rendered":"<p><\/p>\n<h3>Unsere Produkte &gt; FL\u00dcSSIGSEIFE 2 Lt.<\/h3>\n<p>&nbsp;<\/p>\n<p style=\"text-align: center;\"><img loading=\"lazy\" class=\"alignnone size-full wp-image-1721\" src=\"https:\/\/begimgil.com.tr\/wp-content\/uploads\/2020\/09\/kuzey-sivi-sabun-2lt.jpg\" alt=\"\" width=\"1135\" height=\"496\" srcset=\"https:\/\/begimgil.com.tr\/wp-content\/uploads\/2020\/09\/kuzey-sivi-sabun-2lt.jpg 1135w, https:\/\/begimgil.com.tr\/wp-content\/uploads\/2020\/09\/kuzey-sivi-sabun-2lt-300x131.jpg 300w, https:\/\/begimgil.com.tr\/wp-content\/uploads\/2020\/09\/kuzey-sivi-sabun-2lt-1024x447.jpg 1024w, https:\/\/begimgil.com.tr\/wp-content\/uploads\/2020\/09\/kuzey-sivi-sabun-2lt-768x336.jpg 768w\" sizes=\"(max-width: 1135px) 100vw, 1135px\" \/><\/p>\n<p>&nbsp;<\/p>\n<p>&nbsp;<\/p>\n<table width=\"100%\">\n<tbody>\n<tr>\n<td colspan=\"4\" width=\"100%\">\n<h4 style=\"text-align: center;\">FL\u00dcSSIGSEIFE 2 Lt.<\/h4>\n<\/td>\n<\/tr>\n<tr>\n<td width=\"25%\"><strong>PRODUKTART<\/strong><\/td>\n<td width=\"25%\"><strong>MENGE<\/strong><\/td>\n<td width=\"25%\"><strong>ST\u00dcCK INNENKASTEN<\/strong><\/td>\n<td width=\"25%\"><strong>BARCODE<\/strong><\/td>\n<\/tr>\n<tr>\n<td width=\"204\">YABAN MERS\u0130N\u0130<\/td>\n<td width=\"204\">2 LT<\/td>\n<td width=\"204\">6<\/td>\n<td width=\"204\">8690553202017<\/td>\n<\/tr>\n<tr>\n<td width=\"204\">OKYANUS ES\u0130NT\u0130S\u0130<\/td>\n<td width=\"204\">2 LT<\/td>\n<td width=\"204\">6<\/td>\n<td width=\"204\">8690553202024<\/td>\n<\/tr>\n<tr>\n<td width=\"204\">PEMBE D\u00dc\u015eLER<\/td>\n<td width=\"204\">2 LT<\/td>\n<td width=\"204\">6<\/td>\n<td width=\"204\">8690553202000<\/td>\n<\/tr>\n<tr>\n<td width=\"204\">H\u0130ND\u0130STAN CEV\u0130Z\u0130<\/td>\n<td width=\"204\">2 LT<\/td>\n<td width=\"204\">6<\/td>\n<td width=\"204\">8690553202031<\/td>\n<\/tr>\n<\/tbody>\n<\/table>\n<p><\/p>","protected":false},"excerpt":{"rendered":"<p>Unsere Produkte &gt; FL\u00dcSSIGSEIFE 2 Lt. &nbsp; &nbsp; &nbsp; FL\u00dcSSIGSEIFE 2 Lt. PRODUKTART MENGE ST\u00dcCK INNENKASTEN BARCODE YABAN MERS\u0130N\u0130 2 LT 6 8690553202017 OKYANUS ES\u0130NT\u0130S\u0130 2 LT 6 8690553202024 PEMBE D\u00dc\u015eLER 2 LT 6 8690553202000 H\u0130ND\u0130STAN CEV\u0130Z\u0130 2 LT 6 8690553202031<\/p>\n","protected":false},"author":1,"featured_media":0,"parent":2027,"menu_order":0,"comment_status":"closed","ping_status":"closed","template":"","meta":[],"_links":{"self":[{"href":"https:\/\/begimgil.com.tr\/de\/wp-json\/wp\/v2\/pages\/1972"}],"collection":[{"href":"https:\/\/begimgil.com.tr\/de\/wp-json\/wp\/v2\/pages"}],"about":[{"href":"https:\/\/begimgil.com.tr\/de\/wp-json\/wp\/v2\/types\/page"}],"author":[{"embeddable":true,"href":"https:\/\/begimgil.com.tr\/de\/wp-json\/wp\/v2\/users\/1"}],"replies":[{"embeddable":true,"href":"https:\/\/begimgil.com.tr\/de\/wp-json\/wp\/v2\/comments?post=1972"}],"version-history":[{"count":0,"href":"https:\/\/begimgil.com.tr\/de\/wp-json\/wp\/v2\/pages\/1972\/revisions"}],"up":[{"embeddable":true,"href":"https:\/\/begimgil.com.tr\/de\/wp-json\/wp\/v2\/pages\/2027"}],"wp:attachment":[{"href":"https:\/\/begimgil.com.tr\/de\/wp-json\/wp\/v2\/media?parent=1972"}],"curies":[{"name":"wp","href":"https:\/\/api.w.org\/{rel}","templated":true}]}}