{"id":1971,"date":"2020-09-28T20:24:58","date_gmt":"2020-09-28T17:24:58","guid":{"rendered":"https:\/\/begimgil.com.tr\/?page_id=1744"},"modified":"2020-09-28T20:24:58","modified_gmt":"2020-09-28T17:24:58","slug":"sivi-sabun-4-lt","status":"publish","type":"page","link":"https:\/\/begimgil.com.tr\/de\/urunlerimiz-2\/kisisel-hijyen-temizlik-urunleri-2\/flussigseife-4-lt\/","title":{"rendered":"SIVI SABUN 4 Lt"},"content":{"rendered":"<p><\/p>\n<h3>Unsere Produkte &gt; FL\u00dcSSIGSEIFE 4 Lt.<\/h3>\n<p>&nbsp;<\/p>\n<p style=\"text-align: center;\"><img loading=\"lazy\" class=\"alignnone size-full wp-image-1722\" src=\"https:\/\/begimgil.com.tr\/wp-content\/uploads\/2020\/09\/kuzey-sivi-sabun-4t.jpg\" alt=\"\" width=\"1135\" height=\"496\" srcset=\"https:\/\/begimgil.com.tr\/wp-content\/uploads\/2020\/09\/kuzey-sivi-sabun-4t.jpg 1135w, https:\/\/begimgil.com.tr\/wp-content\/uploads\/2020\/09\/kuzey-sivi-sabun-4t-300x131.jpg 300w, https:\/\/begimgil.com.tr\/wp-content\/uploads\/2020\/09\/kuzey-sivi-sabun-4t-1024x447.jpg 1024w, https:\/\/begimgil.com.tr\/wp-content\/uploads\/2020\/09\/kuzey-sivi-sabun-4t-768x336.jpg 768w\" sizes=\"(max-width: 1135px) 100vw, 1135px\" \/><\/p>\n<p>&nbsp;<\/p>\n<p>&nbsp;<\/p>\n<table width=\"100%\">\n<tbody>\n<tr>\n<td colspan=\"4\" width=\"100%\">\n<h4 style=\"text-align: center;\">FL\u00dcSSIGSEIFE 4 Lt.<\/h4>\n<\/td>\n<\/tr>\n<tr>\n<td width=\"25%\"><strong>PRODUKTART<\/strong><\/td>\n<td width=\"25%\"><strong>MENGE<\/strong><\/td>\n<td width=\"25%\"><strong>ST\u00dcCK INNENKASTEN<\/strong><\/td>\n<td width=\"25%\"><strong>BARCODE<\/strong><\/td>\n<\/tr>\n<tr>\n<td width=\"200\">YABAN MERS\u0130N\u0130<\/td>\n<td width=\"200\">4 LT<\/td>\n<td width=\"200\">4<\/td>\n<td width=\"200\">8690553202116<\/td>\n<\/tr>\n<tr>\n<td width=\"200\">OKYANUS ES\u0130NT\u0130S\u0130<\/td>\n<td width=\"200\">4 LT<\/td>\n<td width=\"200\">4<\/td>\n<td width=\"200\">8690553202123<\/td>\n<\/tr>\n<tr>\n<td width=\"200\">H\u0130ND\u0130STAN CEV\u0130Z\u0130<\/td>\n<td width=\"200\">4 LT<\/td>\n<td width=\"200\">4<\/td>\n<td width=\"200\">8690553202130<\/td>\n<\/tr>\n<tr>\n<td width=\"200\">PEMBE D\u00dc\u015eLER<\/td>\n<td width=\"200\">4 LT<\/td>\n<td width=\"200\">4<\/td>\n<td width=\"200\">8690553202109<\/td>\n<\/tr>\n<\/tbody>\n<\/table>\n<p><\/p>","protected":false},"excerpt":{"rendered":"<p>Unsere Produkte &gt; FL\u00dcSSIGSEIFE 4 Lt. &nbsp; &nbsp; &nbsp; FL\u00dcSSIGSEIFE 4 Lt. PRODUKTART MENGE ST\u00dcCK INNENKASTEN BARCODE YABAN MERS\u0130N\u0130 4 LT 4 8690553202116 OKYANUS ES\u0130NT\u0130S\u0130 4 LT 4 8690553202123 H\u0130ND\u0130STAN CEV\u0130Z\u0130 4 LT 4 8690553202130 PEMBE D\u00dc\u015eLER 4 LT 4 8690553202109<\/p>\n","protected":false},"author":1,"featured_media":0,"parent":2027,"menu_order":0,"comment_status":"closed","ping_status":"closed","template":"","meta":[],"_links":{"self":[{"href":"https:\/\/begimgil.com.tr\/de\/wp-json\/wp\/v2\/pages\/1971"}],"collection":[{"href":"https:\/\/begimgil.com.tr\/de\/wp-json\/wp\/v2\/pages"}],"about":[{"href":"https:\/\/begimgil.com.tr\/de\/wp-json\/wp\/v2\/types\/page"}],"author":[{"embeddable":true,"href":"https:\/\/begimgil.com.tr\/de\/wp-json\/wp\/v2\/users\/1"}],"replies":[{"embeddable":true,"href":"https:\/\/begimgil.com.tr\/de\/wp-json\/wp\/v2\/comments?post=1971"}],"version-history":[{"count":0,"href":"https:\/\/begimgil.com.tr\/de\/wp-json\/wp\/v2\/pages\/1971\/revisions"}],"up":[{"embeddable":true,"href":"https:\/\/begimgil.com.tr\/de\/wp-json\/wp\/v2\/pages\/2027"}],"wp:attachment":[{"href":"https:\/\/begimgil.com.tr\/de\/wp-json\/wp\/v2\/media?parent=1971"}],"curies":[{"name":"wp","href":"https:\/\/api.w.org\/{rel}","templated":true}]}}