{"id":1968,"date":"2020-09-28T19:54:42","date_gmt":"2020-09-28T16:54:42","guid":{"rendered":"https:\/\/begimgil.com.tr\/?page_id=1736"},"modified":"2020-09-28T19:54:42","modified_gmt":"2020-09-28T16:54:42","slug":"antifirizli-cam-suyu","status":"publish","type":"page","link":"https:\/\/begimgil.com.tr\/de\/urunlerimiz-2\/genel-temizlik-urunleri-2\/antifreeze-glaswasser\/","title":{"rendered":"ANT\u0130F\u0130R\u0130ZL\u0130 CAM SUYU"},"content":{"rendered":"<p><\/p>\n<h3>Unsere Produkte &gt; ANTIFREEZE GLASWASSER<\/h3>\n<p>&nbsp;<\/p>\n<p style=\"text-align: center;\"><img loading=\"lazy\" class=\"alignnone  wp-image-1706\" src=\"https:\/\/begimgil.com.tr\/wp-content\/uploads\/2020\/09\/kuzey-antifrizli-cam-suyu-scaled.jpg\" alt=\"\" width=\"210\" height=\"641\" srcset=\"https:\/\/begimgil.com.tr\/wp-content\/uploads\/2020\/09\/kuzey-antifrizli-cam-suyu-scaled.jpg 839w, https:\/\/begimgil.com.tr\/wp-content\/uploads\/2020\/09\/kuzey-antifrizli-cam-suyu-98x300.jpg 98w, https:\/\/begimgil.com.tr\/wp-content\/uploads\/2020\/09\/kuzey-antifrizli-cam-suyu-336x1024.jpg 336w, https:\/\/begimgil.com.tr\/wp-content\/uploads\/2020\/09\/kuzey-antifrizli-cam-suyu-768x2344.jpg 768w, https:\/\/begimgil.com.tr\/wp-content\/uploads\/2020\/09\/kuzey-antifrizli-cam-suyu-503x1536.jpg 503w, https:\/\/begimgil.com.tr\/wp-content\/uploads\/2020\/09\/kuzey-antifrizli-cam-suyu-671x2048.jpg 671w\" sizes=\"(max-width: 210px) 100vw, 210px\" \/><\/p>\n<p>&nbsp;<\/p>\n<p>&nbsp;<\/p>\n<table width=\"100%\">\n<tbody>\n<tr>\n<td colspan=\"4\" width=\"100%\">\n<h4 style=\"text-align: center;\">ANTIFREEZE GLASWASSER<\/h4>\n<\/td>\n<\/tr>\n<tr>\n<td width=\"25%\"><strong>PRODUKTART<\/strong><\/td>\n<td width=\"25%\"><strong>MENGE<\/strong><\/td>\n<td width=\"25%\"><strong>ST\u00dcCK INNENKASTEN<\/strong><\/td>\n<td width=\"25%\"><strong>BARCODE<\/strong><\/td>\n<\/tr>\n<tr>\n<td width=\"25%\">KUZEY ANT\u0130F\u0130R\u0130ZL\u0130 CAM SUYU<\/td>\n<td width=\"25%\">1000 ML<\/td>\n<td width=\"25%\">15<\/td>\n<td width=\"25%\">8690553201232<\/td>\n<\/tr>\n<\/tbody>\n<\/table>\n<p><\/p>","protected":false},"excerpt":{"rendered":"<p>Unsere Produkte &gt; ANTIFREEZE GLASWASSER &nbsp; &nbsp; &nbsp; ANTIFREEZE GLASWASSER PRODUKTART MENGE ST\u00dcCK INNENKASTEN BARCODE KUZEY ANT\u0130F\u0130R\u0130ZL\u0130 CAM SUYU 1000 ML 15 8690553201232<\/p>\n","protected":false},"author":1,"featured_media":0,"parent":2026,"menu_order":0,"comment_status":"closed","ping_status":"closed","template":"","meta":[],"_links":{"self":[{"href":"https:\/\/begimgil.com.tr\/de\/wp-json\/wp\/v2\/pages\/1968"}],"collection":[{"href":"https:\/\/begimgil.com.tr\/de\/wp-json\/wp\/v2\/pages"}],"about":[{"href":"https:\/\/begimgil.com.tr\/de\/wp-json\/wp\/v2\/types\/page"}],"author":[{"embeddable":true,"href":"https:\/\/begimgil.com.tr\/de\/wp-json\/wp\/v2\/users\/1"}],"replies":[{"embeddable":true,"href":"https:\/\/begimgil.com.tr\/de\/wp-json\/wp\/v2\/comments?post=1968"}],"version-history":[{"count":0,"href":"https:\/\/begimgil.com.tr\/de\/wp-json\/wp\/v2\/pages\/1968\/revisions"}],"up":[{"embeddable":true,"href":"https:\/\/begimgil.com.tr\/de\/wp-json\/wp\/v2\/pages\/2026"}],"wp:attachment":[{"href":"https:\/\/begimgil.com.tr\/de\/wp-json\/wp\/v2\/media?parent=1968"}],"curies":[{"name":"wp","href":"https:\/\/api.w.org\/{rel}","templated":true}]}}