{"id":1964,"date":"2017-05-05T21:02:30","date_gmt":"2017-05-05T18:02:30","guid":{"rendered":"http:\/\/begimgil.com.tr\/web\/?page_id=474"},"modified":"2020-10-02T01:20:33","modified_gmt":"2020-10-01T22:20:33","slug":"havuz-kimyasallari","status":"publish","type":"page","link":"https:\/\/begimgil.com.tr\/de\/urunlerimiz-2\/havuz-kimyasallari-2\/","title":{"rendered":"Havuz Kimyasallar\u0131"},"content":{"rendered":"<p><\/p>\n<section id=\"primary\" class=\"page-with-sidebar with-left-sidebar\">\n<h3 style=\"text-align: left;\">Unsere Produkte&gt; Pool Chemicals Produkte<\/h3>\n<p><img loading=\"lazy\" class=\"alignnone size-full wp-image-477 aligncenter\" src=\"https:\/\/begimgil.com.tr\/wp-content\/uploads\/2020\/09\/havuz-kimyasallari.jpg\" alt=\"\" width=\"650\" height=\"317\" \/><\/p>\n<ul class=\"list2\" style=\"text-align: left;\">\n<li><span class=\"color1\"><a href=\"http:\/\/begimgil.com.tr\/urunlerimiz\/havuz-kimyasallari\/yosun-onleyici\">Yosun \u00d6nleyici<\/a> 30 L\u00a0 Anti-Algen 30 L.<\/span><\/li>\n<li><span class=\"color1\"><a href=\"http:\/\/begimgil.com.tr\/urunlerimiz\/havuz-kimyasallari\/cokturucu\">\u00c7\u00f6kt\u00fcr\u00fcc\u00fc<\/a>\u00a020 L\u00a0Abscheider 20 L<\/span><\/li>\n<li><span class=\"color1\"><a href=\"http:\/\/begimgil.com.tr\/urunlerimiz\/havuz-kimyasallari\/ph-dusurucu-toz-25-kg\">PH D\u00fc\u015f\u00fcr\u00fcc\u00fc Toz 25 Kg<\/a> PH-Reduktionspulver 25 kg<\/span><\/li>\n<li><span class=\"color1\"><a href=\"http:\/\/begimgil.com.tr\/urunlerimiz\/havuz-kimyasallari\/ph-dusurucu-sivi-35-kg\">PH D\u00fc\u015f\u00fcr\u00fcc\u00fc S\u0131v\u0131 35\u00a0L<\/a> PH-Reduktionsfl\u00fcssigkeit 35 L<\/span><\/li>\n<li><span class=\"color1\"><a href=\"http:\/\/begimgil.com.tr\/urunlerimiz\/havuz-kimyasallari\/klor-granul-V-50-kg\">Klor Gran\u00fcl %56 50 Kg<\/a> Chlork\u00f6rnchen 56% 50 kg<\/span><\/li>\n<li><span class=\"color1\"><a href=\"http:\/\/begimgil.com.tr\/urunlerimiz\/havuz-kimyasallari\/klor-tablet-50-kg\">Klor Tablet %90 50 Kg<\/a> Chlortablette% 90 50 kg<\/span><\/li>\n<li><span class=\"color1\"><a href=\"http:\/\/begimgil.com.tr\/urunlerimiz\/havuz-kimyasallari\/berraklastirici-parlatici-30-kg\">Berrakla\u015ft\u0131r\u0131c\u0131 &#8211; Parlat\u0131c\u0131 30<\/a>\u00a0L Kl\u00e4rer &#8211; Glanz 30 L.<\/span><\/li>\n<li><span class=\"color1\"><a href=\"http:\/\/begimgil.com.tr\/urunlerimiz\/havuz-kimyasallari\/ayak-dezenfektani-30-kg\">Ayak Dezenfektan\u0131 30<\/a>\u00a0L Fu\u00dfdesinfektionsmittel 30 L<\/span><\/li>\n<\/ul>\n<\/section>\n<p><\/p>","protected":false},"excerpt":{"rendered":"<p>Unsere Produkte&gt; Pool Chemicals Produkte Yosun \u00d6nleyici 30 L\u00a0 Anti-Algen 30 L. \u00c7\u00f6kt\u00fcr\u00fcc\u00fc\u00a020 L\u00a0Abscheider 20 L PH D\u00fc\u015f\u00fcr\u00fcc\u00fc Toz 25 Kg PH-Reduktionspulver 25 kg PH D\u00fc\u015f\u00fcr\u00fcc\u00fc S\u0131v\u0131 35\u00a0L PH-Reduktionsfl\u00fcssigkeit 35 L Klor Gran\u00fcl %56 50 Kg Chlork\u00f6rnchen 56% 50 kg Klor Tablet %90 50 Kg Chlortablette% 90 50 kg Berrakla\u015ft\u0131r\u0131c\u0131 &#8211; Parlat\u0131c\u0131 30\u00a0L Kl\u00e4rer &#8211; [&hellip;]<\/p>\n","protected":false},"author":1,"featured_media":0,"parent":1962,"menu_order":0,"comment_status":"closed","ping_status":"open","template":"","meta":[],"_links":{"self":[{"href":"https:\/\/begimgil.com.tr\/de\/wp-json\/wp\/v2\/pages\/1964"}],"collection":[{"href":"https:\/\/begimgil.com.tr\/de\/wp-json\/wp\/v2\/pages"}],"about":[{"href":"https:\/\/begimgil.com.tr\/de\/wp-json\/wp\/v2\/types\/page"}],"author":[{"embeddable":true,"href":"https:\/\/begimgil.com.tr\/de\/wp-json\/wp\/v2\/users\/1"}],"replies":[{"embeddable":true,"href":"https:\/\/begimgil.com.tr\/de\/wp-json\/wp\/v2\/comments?post=1964"}],"version-history":[{"count":1,"href":"https:\/\/begimgil.com.tr\/de\/wp-json\/wp\/v2\/pages\/1964\/revisions"}],"predecessor-version":[{"id":2050,"href":"https:\/\/begimgil.com.tr\/de\/wp-json\/wp\/v2\/pages\/1964\/revisions\/2050"}],"up":[{"embeddable":true,"href":"https:\/\/begimgil.com.tr\/de\/wp-json\/wp\/v2\/pages\/1962"}],"wp:attachment":[{"href":"https:\/\/begimgil.com.tr\/de\/wp-json\/wp\/v2\/media?parent=1964"}],"curies":[{"name":"wp","href":"https:\/\/api.w.org\/{rel}","templated":true}]}}