{"id":1963,"date":"2017-05-05T20:56:22","date_gmt":"2017-05-05T17:56:22","guid":{"rendered":"http:\/\/begimgil.com.tr\/web\/?page_id=471"},"modified":"2020-10-02T01:21:15","modified_gmt":"2020-10-01T22:21:15","slug":"private-label-ozel-markalar-temizlik-urunleri","status":"publish","type":"page","link":"https:\/\/begimgil.com.tr\/de\/urunlerimiz-2\/private-label-urunler-2\/","title":{"rendered":"Private Label \u00dcr\u00fcnler"},"content":{"rendered":"<p><\/p>\n<section id=\"primary\" class=\"page-with-sidebar with-left-sidebar\">\n<h3 style=\"text-align: left;\">Unsere Produkte&gt; Private Label &#8211; Reinigungsprodukte f\u00fcr Handelsmarken<\/h3>\n<p><img loading=\"lazy\" class=\"alignnone size-full wp-image-415 aligncenter\" src=\"http:\/\/begimgil.com.tr\/web\/wp-content\/uploads\/2017\/05\/kuzey-private-label-ozel-markalar-temizlik-urunleri.png\" alt=\"\" width=\"700\" height=\"301\" srcset=\"https:\/\/begimgil.com.tr\/wp-content\/uploads\/2017\/05\/kuzey-private-label-ozel-markalar-temizlik-urunleri.png 700w, https:\/\/begimgil.com.tr\/wp-content\/uploads\/2017\/05\/kuzey-private-label-ozel-markalar-temizlik-urunleri-300x129.png 300w\" sizes=\"(max-width: 700px) 100vw, 700px\" \/><\/p>\n<h2>Begimgil Kimya produziert seit 1985 Reinigungsprodukte auf dem Handelsmarkenmarkt, der seine Produktion in den letzten Jahren mit eigenen Marken gesteigert hat.<\/h2>\n<p>Zus\u00e4tzlich zu unseren starken Marken wird es mit eigenen Marken hergestellt, die den Anforderungen der nationalen Marktketten entsprechen.<\/p>\n<p>Die T\u00fcrkei, die auch in der BEG\u0130MG\u0130L von Handelsmarkenprodukten auf dem Markt w\u00e4chst, hat einen wichtigen Platz. In Begimgil werden verschiedene Produkte f\u00fchrender nationaler M\u00e4rkte und nationaler Zulieferunternehmen f\u00fcr die Reinigung hergestellt.<\/p>\n<p>Sie k\u00f6nnen uns \u00fcber den Kontaktbereich kontaktieren, damit Sie Ihre Produkte mit schnellen Produktionsl\u00f6sungen in Begimgil-Qualit\u00e4t mit Ihrer eigenen Reinigungsmarke beliefern k\u00f6nnen.<\/p>\n<\/section>\n<p><\/p>","protected":false},"excerpt":{"rendered":"<p>Unsere Produkte&gt; Private Label &#8211; Reinigungsprodukte f\u00fcr Handelsmarken Begimgil Kimya produziert seit 1985 Reinigungsprodukte auf dem Handelsmarkenmarkt, der seine Produktion in den letzten Jahren mit eigenen Marken gesteigert hat. Zus\u00e4tzlich zu unseren starken Marken wird es mit eigenen Marken hergestellt, die den Anforderungen der nationalen Marktketten entsprechen. Die T\u00fcrkei, die auch in der BEG\u0130MG\u0130L von [&hellip;]<\/p>\n","protected":false},"author":1,"featured_media":0,"parent":1962,"menu_order":0,"comment_status":"closed","ping_status":"open","template":"","meta":[],"_links":{"self":[{"href":"https:\/\/begimgil.com.tr\/de\/wp-json\/wp\/v2\/pages\/1963"}],"collection":[{"href":"https:\/\/begimgil.com.tr\/de\/wp-json\/wp\/v2\/pages"}],"about":[{"href":"https:\/\/begimgil.com.tr\/de\/wp-json\/wp\/v2\/types\/page"}],"author":[{"embeddable":true,"href":"https:\/\/begimgil.com.tr\/de\/wp-json\/wp\/v2\/users\/1"}],"replies":[{"embeddable":true,"href":"https:\/\/begimgil.com.tr\/de\/wp-json\/wp\/v2\/comments?post=1963"}],"version-history":[{"count":1,"href":"https:\/\/begimgil.com.tr\/de\/wp-json\/wp\/v2\/pages\/1963\/revisions"}],"predecessor-version":[{"id":2053,"href":"https:\/\/begimgil.com.tr\/de\/wp-json\/wp\/v2\/pages\/1963\/revisions\/2053"}],"up":[{"embeddable":true,"href":"https:\/\/begimgil.com.tr\/de\/wp-json\/wp\/v2\/pages\/1962"}],"wp:attachment":[{"href":"https:\/\/begimgil.com.tr\/de\/wp-json\/wp\/v2\/media?parent=1963"}],"curies":[{"name":"wp","href":"https:\/\/api.w.org\/{rel}","templated":true}]}}