{"id":1453,"date":"2020-09-25T23:30:31","date_gmt":"2020-09-25T20:30:31","guid":{"rendered":"https:\/\/begimgil.com.tr\/w2\/?page_id=1453"},"modified":"2025-09-26T21:23:08","modified_gmt":"2025-09-26T18:23:08","slug":"main","status":"publish","type":"page","link":"https:\/\/begimgil.com.tr\/de\/","title":{"rendered":""},"content":{"rendered":"<p><\/p>\n<div class=\"row text-center padding-top-30 padding-bottom-30\"><\/div>\n<section>\n<div class=\"container\">\n<div class=\"portfolio-version-one\">\n<div class=\"row text-center padding-top-60 padding-bottom-30\">\n<div class=\"col-sm-12\">\n<h1 style=\u201ccolor:0050a0!important;font-size:14px!important;\">Begimgil Kimya Tel: 0212 886 60 73 | Waschmittel Hersteller &#8211; Gro\u00dfhandel Waschmittel Istanbul &#8211; Kuzey Waschmittel, Reinigungsprodukte<\/h1>\n<h2 class=\"section-heading wow fadeInDown animated\">BEGIMGIL REINIGUNGSPRODUKTE<\/h2>\n<\/div>\n<\/div>\n<div class=\"row padding-bottom-60\">\n<div class=\"col-md-4 col-sm-6\">\n<div class=\"grid\">\n<figure class=\"effect-bubba\"><img loading=\"lazy\" class=\"attachment-post-thumbnail size-post-thumbnail wp-post-image\" src=\"https:\/\/begimgil.com.tr\/de\/urunlerimiz\/mutfak-grubu-temizlik-urunleri\/\" sizes=\"(max-width: 1920px) 100vw, 1920px\" srcset=\"https:\/\/begimgil.com.tr\/wp-content\/uploads\/2020\/09\/1-market.jpg 1920w, https:\/\/begimgil.com.tr\/wp-content\/uploads\/2020\/09\/1-market.jpg 300w, https:\/\/begimgil.com.tr\/wp-content\/uploads\/2020\/09\/1-market.jpg 768w, https:\/\/begimgil.com.tr\/wp-content\/uploads\/2020\/09\/1-market.jpg 1024w\" alt=\"\" width=\"1920\" height=\"1280\" \/><figcaption>\n<div>\n<h2>Supermarkt<br \/>\nReinigungsmittel<\/h2>\n<p>Begimgil Chemie<br \/>\nMarktreinigung<br \/>\nProduktgruppe<\/p>\n<\/div>\n<p><a href=\"https:\/\/begimgil.com.tr\/urunlerimiz-2\/genel-temizlik-urunleri-2-2\/\">Produkte Anzeigen<\/a><\/p>\n<\/figcaption><\/figure>\n<\/div>\n<\/div>\n<div class=\"col-md-4 col-sm-6\">\n<div class=\"grid\">\n<figure class=\"effect-bubba\"><img loading=\"lazy\" class=\"attachment-post-thumbnail size-post-thumbnail wp-post-image\" src=\"http:\/\/begimgil.com.tr\/de\/urunlerimiz\/endustriyel-mutfak-grubu-temizlik-urunleri\/\" sizes=\"(max-width: 1920px) 100vw, 1920px\" srcset=\"https:\/\/begimgil.com.tr\/wp-content\/uploads\/2020\/09\/1-endustriyel.jpg 1920w, https:\/\/begimgil.com.tr\/wp-content\/uploads\/2020\/09\/1-endustriyel.jpg 300w, https:\/\/begimgil.com.tr\/wp-content\/uploads\/2020\/09\/1-endustriyel.jpg 768w, https:\/\/begimgil.com.tr\/wp-content\/uploads\/2020\/09\/1-endustriyel.jpg 1024w\" alt=\"\" width=\"1920\" height=\"1280\" \/><figcaption>\n<div>\n<h2>Industrielle<br \/>\nReinigungsprodukte<\/h2>\n<p>Begimgil Chemie<br \/>\nIndustrielle Reinigung<br \/>\nProduktgruppe<\/p>\n<\/div>\n<p><a href=\"https:\/\/begimgil.com.tr\/urunlerimiz-2\/endustriyel-genel-temizlik-urunleri-2-2\/\">Produkte Anzeigen<\/a><\/p>\n<\/figcaption><\/figure>\n<\/div>\n<\/div>\n<div class=\"col-md-4 col-sm-6\">\n<div class=\"grid\">\n<figure class=\"effect-bubba\"><img loading=\"lazy\" class=\"attachment-post-thumbnail size-post-thumbnail wp-post-image\" src=\"http:\/\/begimgil.com.tr\/de\/urunlerimiz\/uzman-temizlik-urunleri\/\" sizes=\"(max-width: 1920px) 100vw, 1920px\" srcset=\"https:\/\/begimgil.com.tr\/wp-content\/uploads\/2020\/09\/1-profesyonel.jpg 1920w, https:\/\/begimgil.com.tr\/wp-content\/uploads\/2020\/09\/1-profesyonel.jpg 300w, https:\/\/begimgil.com.tr\/wp-content\/uploads\/2020\/09\/1-profesyonel.jpg 768w, https:\/\/begimgil.com.tr\/wp-content\/uploads\/2020\/09\/1-profesyonel.jpg 1024w\" alt=\"\" width=\"1920\" height=\"1280\" \/><figcaption>\n<div>\n<h2>Fachmann<br \/>\nReinigungsmittel<\/h2>\n<p>Begimgil Chemie<br \/>\nProfessionelle Reinigung<br \/>\nProduktgruppe<\/p>\n<\/div>\n<p><a href=\"https:\/\/begimgil.com.tr\/urunlerimiz-2\/uzman-temizlik-urunleri-3\/\">Produkte Anzeigen<\/a><\/p>\n<\/figcaption><\/figure>\n<\/div>\n<\/div>\n<\/div>\n<\/div>\n<\/div>\n<div class=\"container\">\n<div class=\"portfolio-version-one\">\n<div class=\"row padding-bottom-60\">\n<div class=\"col-md-4 col-sm-6\">\n<div class=\"grid\">\n<figure class=\"effect-bubba\"><img loading=\"lazy\" class=\"attachment-post-thumbnail size-post-thumbnail wp-post-image\" src=\"http:\/\/begimgil.com.tr\/de\/urunlerimiz\/private-label-ozel-markalar-temizlik-urunleri\/\" sizes=\"(max-width: 1920px) 100vw, 1920px\" srcset=\"https:\/\/begimgil.com.tr\/wp-content\/uploads\/2020\/09\/1-private-label.jpg 1920w, https:\/\/begimgil.com.tr\/wp-content\/uploads\/2020\/09\/1-private-label.jpg 300w, https:\/\/begimgil.com.tr\/wp-content\/uploads\/2020\/09\/1-private-label.jpg 768w, https:\/\/begimgil.com.tr\/wp-content\/uploads\/2020\/09\/1-private-label.jpg 1024w\" alt=\"\" width=\"1920\" height=\"1280\" \/><figcaption>\n<div>\n<h2>Handelsmarke<br \/>\nReinigungsmittel<\/h2>\n<p>Begimgil Chemie<br \/>\nHandelsmarke<br \/>\nGruppe Reinigungsprodukte<\/p>\n<\/div>\n<p><a href=\"https:\/\/begimgil.com.tr\/urunlerimiz-2\/private-label-urunler-2\/\">Produkte Anzeigen<\/a><\/p>\n<\/figcaption><\/figure>\n<\/div>\n<\/div>\n<div class=\"col-md-4 col-sm-6\">\n<div class=\"grid\">\n<figure class=\"effect-bubba\"><img loading=\"lazy\" class=\"attachment-post-thumbnail size-post-thumbnail wp-post-image\" src=\"http:\/\/begimgil.com.tr\/de\/urunlerimiz\/havuz-kimyasallari\/\" sizes=\"(max-width: 1920px) 100vw, 1920px\" srcset=\"https:\/\/begimgil.com.tr\/wp-content\/uploads\/2020\/09\/1-havuz-kimyasallari.jpg 1920w, https:\/\/begimgil.com.tr\/wp-content\/uploads\/2020\/09\/1-havuz-kimyasallari.jpg 300w, https:\/\/begimgil.com.tr\/wp-content\/uploads\/2020\/09\/1-havuz-kimyasallari.jpg 768w, https:\/\/begimgil.com.tr\/wp-content\/uploads\/2020\/09\/1-havuz-kimyasallari.jpg 1024w\" alt=\"\" width=\"1920\" height=\"1280\" \/><figcaption>\n<div>\n<h2>Pool Chemicals Produkte<\/h2>\n<p>Begimgil Chemie<br \/>\nPoolchemikalien<br \/>\nProduktgruppe<\/p>\n<\/div>\n<p><a href=\"https:\/\/begimgil.com.tr\/urunlerimiz-2\/havuz-kimyasallari-2\/\">Produkte Anzeigen<\/a><\/p>\n<\/figcaption><\/figure>\n<\/div>\n<\/div>\n<div class=\"col-md-4 col-sm-6\">\n<div class=\"grid\">\n<figure class=\"effect-bubba\"><img loading=\"lazy\" class=\"attachment-post-thumbnail size-post-thumbnail wp-post-image\" src=\"http:\/\/begimgil.com.tr\/de\/referanslarimiz\/\" sizes=\"(max-width: 1920px) 100vw, 1920px\" srcset=\"https:\/\/begimgil.com.tr\/wp-content\/uploads\/2020\/09\/1-referanslar-1.jpg 1920w, https:\/\/begimgil.com.tr\/wp-content\/uploads\/2020\/09\/1-referanslar-1.jpg 300w, https:\/\/begimgil.com.tr\/wp-content\/uploads\/2020\/09\/1-referanslar-1.jpg 768w, https:\/\/begimgil.com.tr\/wp-content\/uploads\/2020\/09\/1-referanslar-1.jpg 1024w\" alt=\"\" width=\"1920\" height=\"1280\" \/><figcaption>\n<div>\n<h2>Unsere Referenzen<\/h2>\n<p>Begimgil Chemistry<br \/>\nVerweise<\/p>\n<\/div>\n<p><a href=\"http:\/\/begimgil.com.tr\/de\/referanslarimiz\/\">Referenzen \u00dcberpr\u00fcfen<\/a><\/p>\n<\/figcaption><\/figure>\n<\/div>\n<\/div>\n<\/div>\n<\/div>\n<\/div>\n<\/section>\n<div class=\"row text-center padding-top-60 padding-bottom-30\">\n<div class=\"col-sm-12\">\n<h2 class=\"section-heading wow fadeInDown animated\">Adresse f\u00fcr sichere Reinigung seit 1985<\/h2>\n<\/div>\n<\/div>\n<div class=\"extra_wrapper\">\n<p style=\"text-align: center;\">Als Begimgil Kimya arbeiten wir f\u00fcr eine saubere Welt f\u00fcr Sie. Kuzey Detergents, das Sie 1985 als Reinigungsmarke von Begimgil Kimya erreichte und Ihnen gesunde, zuverl\u00e4ssige und qualitativ hochwertige Reinigungsprodukte zu einem erschwinglichen Preis anbietet, schafft eine saubere Welt f\u00fcr Sie, indem es den neuesten Technologien und Innovationen folgt.<\/p>\n<\/div>\n<div class=\"clear sep__1\"><\/div>\n<p style=\"text-align: center;\">Kuzey Detergents, das seit Produktionsbeginn nach dem Prinzip der 100% igen Kundenzufriedenheit hergestellt wird, folgt den neuesten Technologien und setzt Innovationen in seinen Produkten ein, um eine saubere Welt f\u00fcr Sie zu schaffen.<\/p>\n<p>&nbsp;<\/p>\n<hr \/>\n<p><span style=\"color: red; size: 7px;\"> neues produkt<\/span><\/p>\n<h4>YOK ED\u0130C\u0130<\/h4>\n<p>Verabschieden Sie sich von Kalk, Flecken und Keimen<\/p>\n<hr \/>\n<p><iframe src=\"https:\/\/www.youtube.com\/embed\/z4asMZXvTX4\" width=\"100%\" height=\"440px\" frameborder=\"0\" allowfullscreen=\"allowfullscreen\"><\/iframe><\/p>\n<p>&nbsp;<\/p>\n<hr \/>\n<p class=\"ds-markdown-paragraph\"><strong>1. Eine makellose Zukunft mit Begimgil Kimya<\/strong><br \/>\nBegimgil Kimya, das 1985 mit dem ersten t\u00fcrkischen Spitzenbleichmittel \u201eKuzey\u201c in den Reinigungssektor eintrat, produziert seither nach dem Prinzip \u201eImmer Qualit\u00e4t\u201c. Von unseren modernen Einrichtungen in Esenyurt aus bedient unser Unternehmen ein breites Spektrum von Privathaushalten bis hin zu Industriebetrieben und tr\u00e4gt mit Stolz den Titel einer zuverl\u00e4ssigen und etablierten Marke der Branche.<\/p>\n<p class=\"ds-markdown-paragraph\"><strong>2. Hygiene und Komfort in Ihrem Zuhause: Unsere Allgemeinen Reinigungsprodukte<\/strong><br \/>\nUnsere Familie der\u00a0<strong><a href=\"https:\/\/begimgil.com.tr\/urunlerimiz-2\/genel-temizlik-urunleri-2\/\" target=\"_blank\" rel=\"noopener noreferrer\">Allgemeinen Reinigungsprodukte<\/a><\/strong>, entwickelt f\u00fcr den Reinigungs- und Hygienebedarf Ihrer Haushalte, ist formuliert, um Ihr t\u00e4gliches Leben zu erleichtern. Mit verschiedenen Produkten wie Oberfl\u00e4chenreinigern und Glasreinigern sorgen Sie f\u00fcr Glanz und Hygiene in jeder Ecke Ihres Hauses.<\/p>\n<p class=\"ds-markdown-paragraph\"><strong>3. Die sorgf\u00e4ltige Pflege Ihrer W\u00e4sche: Unsere W\u00e4schereiprodukte<\/strong><br \/>\nVerl\u00e4ngern Sie die Lebensdauer Ihrer Textilien und sorgen Sie f\u00fcr makellose Sauberkeit mit unseren\u00a0<strong><a href=\"https:\/\/begimgil.com.tr\/urunlerimiz-2\/camasir-grubu-temizlik-urunleri-3\/\" target=\"_blank\" rel=\"noopener noreferrer\">Reinigungsprodukten f\u00fcr die W\u00e4schegruppe<\/a><\/strong>. Unser Produktsortiment, einschlie\u00dflich Kuzey-Waschmittel, Weichsp\u00fcler und Fleckenentferner, schont Ihre W\u00e4sche und entfernt selbst die hartn\u00e4ckigsten Flecken.<\/p>\n<p class=\"ds-markdown-paragraph\"><strong>4. Der Glanz Ihrer K\u00fcche: Unsere K\u00fcchenreinigungsprodukte<\/strong><br \/>\nErh\u00f6hen Sie die Hygienestandards auf das h\u00f6chste Niveau mit unseren\u00a0<strong><a href=\"https:\/\/begimgil.com.tr\/urunlerimiz-2\/mutfak-grubu-temizlik-urunleri-2\/\" target=\"_blank\" rel=\"noopener noreferrer\">K\u00fcchenreinigungsprodukten<\/a><\/strong>, die speziell f\u00fcr Ihre K\u00fcche, das Zentrum eines gesunden Lebens, entwickelt wurden. Mit unseren Geschirrsp\u00fclmitteln, Fettl\u00f6sern und anderen Spezialformeln wird Ihre K\u00fcche blitzblank.<\/p>\n<p class=\"ds-markdown-paragraph\"><strong>5. Begimgil-Qualit\u00e4t f\u00fcr Ihre pers\u00f6nliche Hygiene<\/strong><br \/>\nWir bieten\u00a0<strong><a href=\"https:\/\/begimgil.com.tr\/urunlerimiz-2\/kisisel-hijyen-temizlik-urunleri-2\/\" target=\"_blank\" rel=\"noopener noreferrer\">Reinigungsprodukte f\u00fcr die pers\u00f6nliche Hygiene<\/a><\/strong>\u00a0an, die Sie sicher in Ihrer t\u00e4glichen K\u00f6rperpflege verwenden k\u00f6nnen. Produkte wie H\u00e4ndedesinfektionsmittel und Fl\u00fcssigseifen sind unter Ber\u00fccksichtigung empfindlicher Haut formuliert und bieten eine effektive Reinigung und Hygiene.<\/p>\n<p class=\"ds-markdown-paragraph\"><strong>6. Professionelle L\u00f6sungen f\u00fcr die industrielle Reinigung<\/strong><br \/>\nWir entwickeln\u00a0<strong><a href=\"https:\/\/begimgil.com.tr\/urunlerimiz-2\/endustriyel-genel-temizlik-urunleri-2\/\" target=\"_blank\" rel=\"noopener noreferrer\">Industrielle Allgemeine Reinigungsprodukte<\/a><\/strong>\u00a0f\u00fcr den hohen Volumen- und anspruchsvollen Reinigungsbedarf von gewerblichen Betrieben wie Hotels, Krankenh\u00e4usern und Fabriken. Unsere hochkonzentrierten und wirtschaftlichen Formeln gew\u00e4hrleisten Hygienestandards und senken gleichzeitig Ihre Reinigungskosten.<\/p>\n<p class=\"ds-markdown-paragraph\"><strong>7. Starke Formeln f\u00fcr professionelle W\u00e4schereien<\/strong><br \/>\nLernen Sie unsere\u00a0<strong><a href=\"https:\/\/begimgil.com.tr\/urunlerimiz-2\/endustriyel-camasir-grubu-temizlik-urunleri-2\/\" target=\"_blank\" rel=\"noopener noreferrer\">Industriellen Reinigungsprodukte f\u00fcr die W\u00e4schegruppe<\/a><\/strong>\u00a0kennen, die dem intensiven Betrieb industrieller W\u00e4schereien standhalten und eine \u00fcberlegene Fleckenentfernung bieten. Sie sind speziell f\u00fcr die Reinigkeit und Langlebigkeit von Bettw\u00e4sche, Handt\u00fcchern und Mitarbeiteruniformen konzipiert.<\/p>\n<p class=\"ds-markdown-paragraph\"><strong>8. Spezialreinigung f\u00fcr anspruchsvolle Bereiche<\/strong><br \/>\nUnsere\u00a0<strong><a href=\"https:\/\/begimgil.com.tr\/urunlerimiz-2\/uzman-temizlik-urunleri-3\/\" target=\"_blank\" rel=\"noopener noreferrer\">Spezialreiniger<\/a><\/strong>, die L\u00f6sungen f\u00fcr schwierige Reinigungsprobleme bieten, wurden f\u00fcr spezifische branchenbezogene Anforderungen entwickelt. Produkte wie der starke Reiniger\u00a0<strong><a href=\"https:\/\/yokedici.net\/\" target=\"_blank\" rel=\"noopener noreferrer\">Yok Edici (Der Vernichter)<\/a><\/strong>\u00a0wurden entwickelt, um selbst den hartn\u00e4ckigsten Schmutz zu beseitigen.<\/p>\n<p class=\"ds-markdown-paragraph\"><strong>9. Poolchemikalien und Private-Label-Produktion<\/strong><br \/>\nWir produzieren alle notwendigen\u00a0<strong><a href=\"https:\/\/begimgil.com.tr\/urunlerimiz-2\/havuz-kimyasallari-2\/\" target=\"_blank\" rel=\"noopener noreferrer\">Poolchemikalien<\/a><\/strong>\u00a0nach internationalen Standards f\u00fcr ein klares und gesundes Badeerlebnis. Wenn Sie au\u00dferdem Ihre eigene Marke kreieren oder L\u00f6sungen f\u00fcr Ihre spezifischen Bed\u00fcrfnisse finden m\u00f6chten, bieten wir Ihnen gerne unseren Service f\u00fcr\u00a0<strong><a href=\"https:\/\/begimgil.com.tr\/urunlerimiz-2\/private-label-urunler-2\/\" target=\"_blank\" rel=\"noopener noreferrer\">Private-Label-Produkte<\/a><\/strong>\u00a0mit unserer flexiblen Produktionskapazit\u00e4t an.<\/p>\n<p><\/p>","protected":false},"excerpt":{"rendered":"","protected":false},"author":1,"featured_media":246,"parent":0,"menu_order":0,"comment_status":"closed","ping_status":"closed","template":"templates\/template-page-full-width.php","meta":[],"_links":{"self":[{"href":"https:\/\/begimgil.com.tr\/de\/wp-json\/wp\/v2\/pages\/1453"}],"collection":[{"href":"https:\/\/begimgil.com.tr\/de\/wp-json\/wp\/v2\/pages"}],"about":[{"href":"https:\/\/begimgil.com.tr\/de\/wp-json\/wp\/v2\/types\/page"}],"author":[{"embeddable":true,"href":"https:\/\/begimgil.com.tr\/de\/wp-json\/wp\/v2\/users\/1"}],"replies":[{"embeddable":true,"href":"https:\/\/begimgil.com.tr\/de\/wp-json\/wp\/v2\/comments?post=1453"}],"version-history":[{"count":50,"href":"https:\/\/begimgil.com.tr\/de\/wp-json\/wp\/v2\/pages\/1453\/revisions"}],"predecessor-version":[{"id":2132,"href":"https:\/\/begimgil.com.tr\/de\/wp-json\/wp\/v2\/pages\/1453\/revisions\/2132"}],"wp:featuredmedia":[{"embeddable":true,"href":"https:\/\/begimgil.com.tr\/de\/wp-json\/wp\/v2\/media\/246"}],"wp:attachment":[{"href":"https:\/\/begimgil.com.tr\/de\/wp-json\/wp\/v2\/media?parent=1453"}],"curies":[{"name":"wp","href":"https:\/\/api.w.org\/{rel}","templated":true}]}}