{"id":2029,"date":"2020-09-29T01:52:14","date_gmt":"2020-09-28T22:52:14","guid":{"rendered":"https:\/\/begimgil.com.tr\/?page_id=1913"},"modified":"2020-10-02T14:06:16","modified_gmt":"2020-10-02T11:06:16","slug":"uzman-temizlik-urunleri","status":"publish","type":"page","link":"https:\/\/begimgil.com.tr\/ar\/urunlerimiz-2\/uzman-temizlik-urunleri-3\/","title":{"rendered":"UZMAN TEM\u0130ZL\u0130K \u00dcR\u00dcNLER\u0130"},"content":{"rendered":"<p><\/p>\n<p style=\"text-align: center;\"><img loading=\"lazy\" class=\"alignnone wp-image-1896\" src=\"https:\/\/begimgil.com.tr\/wp-content\/uploads\/2020\/09\/endustriyel.jpg\" alt=\"\" width=\"588\" height=\"331\" srcset=\"https:\/\/begimgil.com.tr\/wp-content\/uploads\/2020\/09\/endustriyel.jpg 852w, https:\/\/begimgil.com.tr\/wp-content\/uploads\/2020\/09\/endustriyel-300x169.jpg 300w, https:\/\/begimgil.com.tr\/wp-content\/uploads\/2020\/09\/endustriyel-768x433.jpg 768w\" sizes=\"(max-width: 588px) 100vw, 588px\" \/><\/p>\n<h3 style=\"text-align: center;\">\u0645\u0646\u062a\u062c\u0627\u062a \u062a\u0646\u0638\u064a\u0641 \u0627\u0644\u062e\u0628\u0631\u0627\u0621<\/h3>\n<p>&nbsp;<\/p>\n<ul>\n<li style=\"text-align: right;\"><a href=\"https:\/\/begimgil.com.tr\/urunlerimiz-2\/camasir-grubu-temizlik-urunleri-2-2\/ku-05-oksijen-bazli-leke-cikarici-10-kg\/\">KU-05 \u0627\u0648\u0643\u0633\u064a\u062c\u064a\u0646 \u0645\u0632\u064a\u0644 \u0627\u0644\u0628\u0642\u0639 10 \u0643\u062c\u0645<\/a><\/li>\n<li style=\"text-align: right;\"><a href=\"https:\/\/begimgil.com.tr\/urunlerimiz-2\/camasir-grubu-temizlik-urunleri-2-2\/ku-06-kan-sokucu-yardimci-yikama-maddesi-10-kg\/\">KU-06 \u0639\u0627\u0645\u0644 \u063a\u0633\u064a\u0644 \u0645\u0633\u0627\u0639\u062f \u0644\u0645\u0632\u064a\u0644 \u0627\u0644\u062f\u0645 10 \u0643\u062c\u0645<\/a><\/li>\n<li style=\"text-align: right;\"><a href=\"https:\/\/begimgil.com.tr\/urunlerimiz-2\/camasir-grubu-temizlik-urunleri-2-2\/ku-21-tul-beyazlatma-tozu-eko-10-kg\/\">\u0628\u0648\u062f\u0631\u0629 \u0627\u0644\u062a\u0628\u064a\u064a\u0636 KU-21 \u2013 \u0625\u064a\u0643\u0648 10 \u0643\u062c\u0645<\/a><\/li>\n<li style=\"text-align: right;\"><a href=\"https:\/\/begimgil.com.tr\/urunlerimiz-2\/camasir-grubu-temizlik-urunleri-2-2\/ku-21e-tul-beyazlatma-tozu-extra-10-kg\/\">KU-21E \u0628\u0648\u062f\u0631\u0629 \u0627\u0644\u062a\u0628\u064a\u064a\u0636 \u062a\u0648\u0644 \u0627\u0643\u0633\u062a\u0631\u0627 10 \u0643\u062c\u0645<\/a><\/li>\n<li style=\"text-align: right;\"><a href=\"https:\/\/begimgil.com.tr\/urunlerimiz-2\/camasir-grubu-temizlik-urunleri-2-2\/ku-300-temizlik-ve-bakim-maddesi\/\">KU-300 \u0639\u0646\u0635\u0631 \u0627\u0644\u062a\u0646\u0638\u064a\u0641 \u0648\u0627\u0644\u0635\u064a\u0627\u0646\u0629<\/a><\/li>\n<\/ul>\n<p><\/p>","protected":false},"excerpt":{"rendered":"<p>\u0645\u0646\u062a\u062c\u0627\u062a \u062a\u0646\u0638\u064a\u0641 \u0627\u0644\u062e\u0628\u0631\u0627\u0621 &nbsp; KU-05 \u0627\u0648\u0643\u0633\u064a\u062c\u064a\u0646 \u0645\u0632\u064a\u0644 \u0627\u0644\u0628\u0642\u0639 10 \u0643\u062c\u0645 KU-06 \u0639\u0627\u0645\u0644 \u063a\u0633\u064a\u0644 \u0645\u0633\u0627\u0639\u062f \u0644\u0645\u0632\u064a\u0644 \u0627\u0644\u062f\u0645 10 \u0643\u062c\u0645 \u0628\u0648\u062f\u0631\u0629 \u0627\u0644\u062a\u0628\u064a\u064a\u0636 KU-21 \u2013 \u0625\u064a\u0643\u0648 10 \u0643\u062c\u0645 KU-21E \u0628\u0648\u062f\u0631\u0629 \u0627\u0644\u062a\u0628\u064a\u064a\u0636 \u062a\u0648\u0644 \u0627\u0643\u0633\u062a\u0631\u0627 10 \u0643\u062c\u0645 KU-300 \u0639\u0646\u0635\u0631 \u0627\u0644\u062a\u0646\u0638\u064a\u0641 \u0648\u0627\u0644\u0635\u064a\u0627\u0646\u0629<\/p>\n","protected":false},"author":1,"featured_media":0,"parent":1962,"menu_order":0,"comment_status":"closed","ping_status":"closed","template":"","meta":[],"_links":{"self":[{"href":"https:\/\/begimgil.com.tr\/ar\/wp-json\/wp\/v2\/pages\/2029"}],"collection":[{"href":"https:\/\/begimgil.com.tr\/ar\/wp-json\/wp\/v2\/pages"}],"about":[{"href":"https:\/\/begimgil.com.tr\/ar\/wp-json\/wp\/v2\/types\/page"}],"author":[{"embeddable":true,"href":"https:\/\/begimgil.com.tr\/ar\/wp-json\/wp\/v2\/users\/1"}],"replies":[{"embeddable":true,"href":"https:\/\/begimgil.com.tr\/ar\/wp-json\/wp\/v2\/comments?post=2029"}],"version-history":[{"count":3,"href":"https:\/\/begimgil.com.tr\/ar\/wp-json\/wp\/v2\/pages\/2029\/revisions"}],"predecessor-version":[{"id":2085,"href":"https:\/\/begimgil.com.tr\/ar\/wp-json\/wp\/v2\/pages\/2029\/revisions\/2085"}],"up":[{"embeddable":true,"href":"https:\/\/begimgil.com.tr\/ar\/wp-json\/wp\/v2\/pages\/1962"}],"wp:attachment":[{"href":"https:\/\/begimgil.com.tr\/ar\/wp-json\/wp\/v2\/media?parent=2029"}],"curies":[{"name":"wp","href":"https:\/\/api.w.org\/{rel}","templated":true}]}}