{"id":2027,"date":"2020-09-29T01:32:15","date_gmt":"2020-09-28T22:32:15","guid":{"rendered":"https:\/\/begimgil.com.tr\/?page_id=1903"},"modified":"2020-10-02T14:01:29","modified_gmt":"2020-10-02T11:01:29","slug":"kisisel-hijyen-temizlik-urunleri","status":"publish","type":"page","link":"https:\/\/begimgil.com.tr\/ar\/urunlerimiz-2\/kisisel-hijyen-temizlik-urunleri-2\/","title":{"rendered":"K\u0130\u015e\u0130SEL H\u0130JYEN TEM\u0130ZL\u0130K \u00dcR\u00dcNLER\u0130"},"content":{"rendered":"<p><\/p>\n<p style=\"text-align: center;\"><img loading=\"lazy\" class=\"alignnone wp-image-1906\" src=\"https:\/\/begimgil.com.tr\/wp-content\/uploads\/2020\/09\/kisisel-hijyen.jpg\" alt=\"\" width=\"559\" height=\"355\" srcset=\"https:\/\/begimgil.com.tr\/wp-content\/uploads\/2020\/09\/kisisel-hijyen.jpg 993w, https:\/\/begimgil.com.tr\/wp-content\/uploads\/2020\/09\/kisisel-hijyen-300x191.jpg 300w, https:\/\/begimgil.com.tr\/wp-content\/uploads\/2020\/09\/kisisel-hijyen-768x488.jpg 768w\" sizes=\"(max-width: 559px) 100vw, 559px\" \/><\/p>\n<h3 style=\"text-align: center;\">\u0645\u0646\u062a\u062c\u0627\u062a \u0627\u0644\u062a\u0646\u0638\u064a\u0641 \u0627\u0644\u0634\u062e\u0635\u064a\u0629<\/h3>\n<p>&nbsp;<\/p>\n<ul style=\"text-align: right;\">\n<li><a href=\"https:\/\/begimgil.com.tr\/urunlerimiz-2\/kisisel-hijyen-temizlik-urunleri-2\/sivi-sabun-2-lt\/\">\u0635\u0627\u0628\u0648\u0646 \u0633\u0627\u0626\u0644 2 \u0644\u062a\u0631<\/a><\/li>\n<li><a href=\"https:\/\/begimgil.com.tr\/urunlerimiz-2\/kisisel-hijyen-temizlik-urunleri-2\/sivi-sabun-4-lt\/\">\u0645\u0627\u0621 \u0632\u062c\u0627\u062c\u064a \u0645\u0636\u0627\u062f \u0644\u0644\u062a\u062c\u0645\u062f<\/a><\/li>\n<\/ul>\n<p><\/p>","protected":false},"excerpt":{"rendered":"<p>\u0645\u0646\u062a\u062c\u0627\u062a \u0627\u0644\u062a\u0646\u0638\u064a\u0641 \u0627\u0644\u0634\u062e\u0635\u064a\u0629 &nbsp; \u0635\u0627\u0628\u0648\u0646 \u0633\u0627\u0626\u0644 2 \u0644\u062a\u0631 \u0645\u0627\u0621 \u0632\u062c\u0627\u062c\u064a \u0645\u0636\u0627\u062f \u0644\u0644\u062a\u062c\u0645\u062f<\/p>\n","protected":false},"author":1,"featured_media":0,"parent":1962,"menu_order":0,"comment_status":"closed","ping_status":"closed","template":"","meta":[],"_links":{"self":[{"href":"https:\/\/begimgil.com.tr\/ar\/wp-json\/wp\/v2\/pages\/2027"}],"collection":[{"href":"https:\/\/begimgil.com.tr\/ar\/wp-json\/wp\/v2\/pages"}],"about":[{"href":"https:\/\/begimgil.com.tr\/ar\/wp-json\/wp\/v2\/types\/page"}],"author":[{"embeddable":true,"href":"https:\/\/begimgil.com.tr\/ar\/wp-json\/wp\/v2\/users\/1"}],"replies":[{"embeddable":true,"href":"https:\/\/begimgil.com.tr\/ar\/wp-json\/wp\/v2\/comments?post=2027"}],"version-history":[{"count":2,"href":"https:\/\/begimgil.com.tr\/ar\/wp-json\/wp\/v2\/pages\/2027\/revisions"}],"predecessor-version":[{"id":2078,"href":"https:\/\/begimgil.com.tr\/ar\/wp-json\/wp\/v2\/pages\/2027\/revisions\/2078"}],"up":[{"embeddable":true,"href":"https:\/\/begimgil.com.tr\/ar\/wp-json\/wp\/v2\/pages\/1962"}],"wp:attachment":[{"href":"https:\/\/begimgil.com.tr\/ar\/wp-json\/wp\/v2\/media?parent=2027"}],"curies":[{"name":"wp","href":"https:\/\/api.w.org\/{rel}","templated":true}]}}