{"id":2023,"date":"2020-09-29T01:15:04","date_gmt":"2020-09-28T22:15:04","guid":{"rendered":"https:\/\/begimgil.com.tr\/?page_id=1894"},"modified":"2020-10-02T14:04:01","modified_gmt":"2020-10-02T11:04:01","slug":"endustriyel-mutfak-grubu-temizlik-urunleri","status":"publish","type":"page","link":"https:\/\/begimgil.com.tr\/ar\/urunlerimiz-2\/endustriyel-mutfak-grubu-temizlik-urunleri-2\/","title":{"rendered":"END\u00dcSTR\u0130YEL MUTFAK GRUBU TEM\u0130ZL\u0130K \u00dcR\u00dcNLER\u0130"},"content":{"rendered":"<p><\/p>\n<p style=\"text-align: center;\"><img loading=\"lazy\" class=\"alignnone wp-image-1497\" src=\"https:\/\/begimgil.com.tr\/wp-content\/uploads\/2020\/09\/1-endustriyel.jpg\" alt=\"\" width=\"575\" height=\"383\" srcset=\"https:\/\/begimgil.com.tr\/wp-content\/uploads\/2020\/09\/1-endustriyel.jpg 768w, https:\/\/begimgil.com.tr\/wp-content\/uploads\/2020\/09\/1-endustriyel-300x200.jpg 300w\" sizes=\"(max-width: 575px) 100vw, 575px\" \/><\/p>\n<h3 style=\"text-align: center;\">\u0645\u0646\u062a\u062c\u0627\u062a \u062a\u0646\u0638\u064a\u0641 \u0645\u062c\u0645\u0648\u0639\u0629 \u0627\u0644\u0645\u0637\u0627\u0628\u062e \u0627\u0644\u0635\u0646\u0627\u0639\u064a\u0629<\/h3>\n<p>&nbsp;<\/p>\n<ul style=\"text-align: right;\">\n<li><a href=\"https:\/\/begimgil.com.tr\/urunlerimiz-2\/endustriyel-mutfak-grubu-temizlik-urunleri-2\/bulasik-deterjani-30-lt-2\/\">\u0645\u0646\u0638\u0641 \u200b\u200b\u063a\u0633\u0627\u0644\u0629 \u0627\u0644\u0635\u062d\u0648\u0646 30 \u0644\u062a\u0631<\/a><\/li>\n<li><a href=\"https:\/\/begimgil.com.tr\/urunlerimiz-2\/endustriyel-mutfak-grubu-temizlik-urunleri-2\/bulasik-deterjani-30-lt\/\">\u0645\u0646\u0638\u0641 \u200b\u200b\u063a\u0633\u0627\u0644\u0629 \u0627\u0644\u0635\u062d\u0648\u0646 30 \u0644\u062a\u0631<\/a><\/li>\n<li><a href=\"https:\/\/begimgil.com.tr\/urunlerimiz-2\/endustriyel-mutfak-grubu-temizlik-urunleri-2\/bulasik-makina-parlatici-30-lt\/\">\u0645\u0644\u0645\u0639 \u063a\u0633\u0627\u0644\u0629 \u0627\u0644\u0635\u062d\u0648\u0646 30 \u0644\u062a\u0631<\/a><\/li>\n<li><a href=\"https:\/\/begimgil.com.tr\/urunlerimiz-2\/endustriyel-mutfak-grubu-temizlik-urunleri-2\/bulasik-makinesi-deterjani-30-lt\/\">\u0645\u0646\u0638\u0641 \u200b\u200b\u063a\u0633\u0627\u0644\u0629 \u0627\u0644\u0635\u062d\u0648\u0646 30 \u0644\u062a\u0631<\/a><\/li>\n<li><a href=\"https:\/\/begimgil.com.tr\/urunlerimiz-2\/endustriyel-mutfak-grubu-temizlik-urunleri-2\/kir-ve-yag-sokucu-30-lt\/\">\u0645\u0632\u064a\u0644 \u0627\u0644\u0623\u0648\u0633\u0627\u062e \u0648\u0627\u0644\u0632\u064a\u0648\u062a 30 \u0644\u062a\u0631<\/a><\/li>\n<li><a href=\"https:\/\/begimgil.com.tr\/urunlerimiz-2\/endustriyel-mutfak-grubu-temizlik-urunleri-2\/mineralli-ovma-sivisi-30-lt\/\">\u0633\u0627\u0626\u0644 \u0628\u0631\u063a\u064a \u0645\u0639\u062f\u0646\u064a 30 \u0644\u062a\u0631<\/a><\/li>\n<li><a href=\"https:\/\/begimgil.com.tr\/urunlerimiz-2\/endustriyel-mutfak-grubu-temizlik-urunleri-2\/ozel-kir-ve-yag-sokucu-30-lt\/\">\u0645\u0632\u064a\u0644 \u0627\u0644\u0627\u062a\u0633\u0627\u062e \u0648\u0627\u0644\u0632\u064a\u0648\u062a \u0627\u0644\u062e\u0627\u0635 30 \u0644\u062a\u0631<\/a><\/li>\n<li><a href=\"https:\/\/begimgil.com.tr\/urunlerimiz-2\/endustriyel-mutfak-grubu-temizlik-urunleri-2\/sivi-bulasik-deterjani-extra-30-lt\/\">\u0633\u0627\u0626\u0644 \u063a\u0633\u064a\u0644 \u0627\u0644\u0635\u062d\u0648\u0646 30 \u0644\u062a\u0631<\/a><\/li>\n<li><a href=\"https:\/\/begimgil.com.tr\/urunlerimiz-2\/endustriyel-mutfak-grubu-temizlik-urunleri-2\/yag-sokucu\/\">\u0645\u0632\u064a\u0644 \u0627\u0644\u0632\u064a\u062a<\/a><\/li>\n<\/ul>\n<p><\/p>","protected":false},"excerpt":{"rendered":"<p>\u0645\u0646\u062a\u062c\u0627\u062a \u062a\u0646\u0638\u064a\u0641 \u0645\u062c\u0645\u0648\u0639\u0629 \u0627\u0644\u0645\u0637\u0627\u0628\u062e \u0627\u0644\u0635\u0646\u0627\u0639\u064a\u0629 &nbsp; \u0645\u0646\u0638\u0641 \u200b\u200b\u063a\u0633\u0627\u0644\u0629 \u0627\u0644\u0635\u062d\u0648\u0646 30 \u0644\u062a\u0631 \u0645\u0646\u0638\u0641 \u200b\u200b\u063a\u0633\u0627\u0644\u0629 \u0627\u0644\u0635\u062d\u0648\u0646 30 \u0644\u062a\u0631 \u0645\u0644\u0645\u0639 \u063a\u0633\u0627\u0644\u0629 \u0627\u0644\u0635\u062d\u0648\u0646 30 \u0644\u062a\u0631 \u0645\u0646\u0638\u0641 \u200b\u200b\u063a\u0633\u0627\u0644\u0629 \u0627\u0644\u0635\u062d\u0648\u0646 30 \u0644\u062a\u0631 \u0645\u0632\u064a\u0644 \u0627\u0644\u0623\u0648\u0633\u0627\u062e \u0648\u0627\u0644\u0632\u064a\u0648\u062a 30 \u0644\u062a\u0631 \u0633\u0627\u0626\u0644 \u0628\u0631\u063a\u064a \u0645\u0639\u062f\u0646\u064a 30 \u0644\u062a\u0631 \u0645\u0632\u064a\u0644 \u0627\u0644\u0627\u062a\u0633\u0627\u062e \u0648\u0627\u0644\u0632\u064a\u0648\u062a \u0627\u0644\u062e\u0627\u0635 30 \u0644\u062a\u0631 \u0633\u0627\u0626\u0644 \u063a\u0633\u064a\u0644 \u0627\u0644\u0635\u062d\u0648\u0646 30 \u0644\u062a\u0631 \u0645\u0632\u064a\u0644 \u0627\u0644\u0632\u064a\u062a<\/p>\n","protected":false},"author":1,"featured_media":0,"parent":1962,"menu_order":0,"comment_status":"closed","ping_status":"closed","template":"","meta":[],"_links":{"self":[{"href":"https:\/\/begimgil.com.tr\/ar\/wp-json\/wp\/v2\/pages\/2023"}],"collection":[{"href":"https:\/\/begimgil.com.tr\/ar\/wp-json\/wp\/v2\/pages"}],"about":[{"href":"https:\/\/begimgil.com.tr\/ar\/wp-json\/wp\/v2\/types\/page"}],"author":[{"embeddable":true,"href":"https:\/\/begimgil.com.tr\/ar\/wp-json\/wp\/v2\/users\/1"}],"replies":[{"embeddable":true,"href":"https:\/\/begimgil.com.tr\/ar\/wp-json\/wp\/v2\/comments?post=2023"}],"version-history":[{"count":2,"href":"https:\/\/begimgil.com.tr\/ar\/wp-json\/wp\/v2\/pages\/2023\/revisions"}],"predecessor-version":[{"id":2082,"href":"https:\/\/begimgil.com.tr\/ar\/wp-json\/wp\/v2\/pages\/2023\/revisions\/2082"}],"up":[{"embeddable":true,"href":"https:\/\/begimgil.com.tr\/ar\/wp-json\/wp\/v2\/pages\/1962"}],"wp:attachment":[{"href":"https:\/\/begimgil.com.tr\/ar\/wp-json\/wp\/v2\/media?parent=2023"}],"curies":[{"name":"wp","href":"https:\/\/api.w.org\/{rel}","templated":true}]}}