{"id":2022,"date":"2020-09-29T01:17:16","date_gmt":"2020-09-28T22:17:16","guid":{"rendered":"https:\/\/begimgil.com.tr\/?page_id=1893"},"modified":"2020-10-02T14:02:33","modified_gmt":"2020-10-02T11:02:33","slug":"endustriyel-genel-temizlik-urunleri","status":"publish","type":"page","link":"https:\/\/begimgil.com.tr\/ar\/urunlerimiz-2\/endustriyel-genel-temizlik-urunleri-2\/","title":{"rendered":"END\u00dcSTR\u0130YEL GENEL TEM\u0130ZL\u0130K \u00dcR\u00dcNLER\u0130"},"content":{"rendered":"<p><\/p>\n<p style=\"text-align: center;\"><img loading=\"lazy\" class=\"alignnone wp-image-1896\" src=\"https:\/\/begimgil.com.tr\/wp-content\/uploads\/2020\/09\/endustriyel.jpg\" alt=\"\" width=\"559\" height=\"315\" srcset=\"https:\/\/begimgil.com.tr\/wp-content\/uploads\/2020\/09\/endustriyel.jpg 852w, https:\/\/begimgil.com.tr\/wp-content\/uploads\/2020\/09\/endustriyel-300x169.jpg 300w, https:\/\/begimgil.com.tr\/wp-content\/uploads\/2020\/09\/endustriyel-768x433.jpg 768w\" sizes=\"(max-width: 559px) 100vw, 559px\" \/><\/p>\n<h3 style=\"text-align: center;\">\u0645\u0646\u062a\u062c\u0627\u062a \u0627\u0644\u062a\u0646\u0638\u064a\u0641 \u0627\u0644\u0639\u0627\u0645\u0629 \u0627\u0644\u0635\u0646\u0627\u0639\u064a\u0629<\/h3>\n<p>&nbsp;<\/p>\n<ul style=\"text-align: right;\">\n<li><a href=\"https:\/\/begimgil.com.tr\/urunlerimiz-2\/endustriyel-genel-temizlik-urunleri-2\/ahsap-temizleyici-30-lt\/\">\u0645\u0646\u0638\u0641 \u200b\u200b\u0627\u0644\u062e\u0634\u0628 30 \u0644\u062a\u0631<\/a><\/li>\n<li><a href=\"https:\/\/begimgil.com.tr\/urunlerimiz-2\/endustriyel-genel-temizlik-urunleri-2\/aspirinho-multi-cleaner-30-lt\/\">\u0623\u0633\u0628\u064a\u0631\u064a\u0646\u0647\u0648 \u2013 \u0645\u0646\u0638\u0641 \u0645\u062a\u0639\u062f\u062f \u0627\u0644\u0627\u0633\u062a\u062e\u062f\u0627\u0645\u0627\u062a 30 \u0644\u062a\u0631<\/a><\/li>\n<li><a href=\"https:\/\/begimgil.com.tr\/urunlerimiz-2\/endustriyel-genel-temizlik-urunleri-2\/cam-temizleyici-30-lt\/\">\u0645\u0646\u0638\u0641 \u200b\u200b\u0632\u062c\u0627\u062c 30 \u0644\u062a\u0631<\/a><\/li>\n<li><a href=\"https:\/\/begimgil.com.tr\/urunlerimiz-2\/endustriyel-genel-temizlik-urunleri-2\/camasir-suyu-30-lt\/\">\u0628\u0644\u064a\u062a\u0634 30 \u0644\u062a\u0631<\/a><\/li>\n<li><a href=\"https:\/\/begimgil.com.tr\/urunlerimiz-2\/endustriyel-genel-temizlik-urunleri-2\/derz-temizleyici-30-lt\/\">\u0645\u0646\u0638\u0641 \u200b\u200b\u0627\u0644\u0645\u0641\u0627\u0635\u0644 30 \u0644\u062a\u0631<\/a><\/li>\n<li><a href=\"https:\/\/begimgil.com.tr\/urunlerimiz-2\/endustriyel-genel-temizlik-urunleri-2\/kirec-ve-pas-sokucu-30-lt\/\">\u0645\u0632\u064a\u0644 \u0627\u0644\u062c\u064a\u0631 \u0648\u0627\u0644\u0635\u062f\u0623 30 \u0644\u062a\u0631<\/a><\/li>\n<li><a href=\"https:\/\/begimgil.com.tr\/urunlerimiz-2\/endustriyel-genel-temizlik-urunleri-2\/oto-sampuani-30-lt\/\">\u0634\u0627\u0645\u0628\u0648 \u062a\u0644\u0642\u0627\u0626\u064a 30 \u0644\u062a\u0631<\/a><\/li>\n<li><a href=\"https:\/\/begimgil.com.tr\/urunlerimiz-2\/endustriyel-genel-temizlik-urunleri-2\/tuz-ruhu-30-lt\/\">\u0633\u0627\u0644\u062a \u0633\u0628\u064a\u0631\u064a\u062a 30 \u0644\u062a\u0631<\/a><\/li>\n<li><a href=\"https:\/\/begimgil.com.tr\/urunlerimiz-2\/endustriyel-genel-temizlik-urunleri-2\/ultra-camasir-suyu-30-lt\/\">\u0645\u0628\u064a\u0636 \u0623\u0644\u062a\u0631\u0627 30 \u0644\u062a\u0631<\/a><\/li>\n<li><a href=\"https:\/\/begimgil.com.tr\/urunlerimiz-2\/endustriyel-genel-temizlik-urunleri-2\/yuzey-temizleyici-30-lt\/\">\u0645\u0646\u0638\u0641 \u200b\u200b\u0627\u0644\u0627\u0633\u0637\u062d 30 \u0644\u062a\u0631<\/a><\/li>\n<\/ul>\n<p><\/p>","protected":false},"excerpt":{"rendered":"<p>\u0645\u0646\u062a\u062c\u0627\u062a \u0627\u0644\u062a\u0646\u0638\u064a\u0641 \u0627\u0644\u0639\u0627\u0645\u0629 \u0627\u0644\u0635\u0646\u0627\u0639\u064a\u0629 &nbsp; \u0645\u0646\u0638\u0641 \u200b\u200b\u0627\u0644\u062e\u0634\u0628 30 \u0644\u062a\u0631 \u0623\u0633\u0628\u064a\u0631\u064a\u0646\u0647\u0648 \u2013 \u0645\u0646\u0638\u0641 \u0645\u062a\u0639\u062f\u062f \u0627\u0644\u0627\u0633\u062a\u062e\u062f\u0627\u0645\u0627\u062a 30 \u0644\u062a\u0631 \u0645\u0646\u0638\u0641 \u200b\u200b\u0632\u062c\u0627\u062c 30 \u0644\u062a\u0631 \u0628\u0644\u064a\u062a\u0634 30 \u0644\u062a\u0631 \u0645\u0646\u0638\u0641 \u200b\u200b\u0627\u0644\u0645\u0641\u0627\u0635\u0644 30 \u0644\u062a\u0631 \u0645\u0632\u064a\u0644 \u0627\u0644\u062c\u064a\u0631 \u0648\u0627\u0644\u0635\u062f\u0623 30 \u0644\u062a\u0631 \u0634\u0627\u0645\u0628\u0648 \u062a\u0644\u0642\u0627\u0626\u064a 30 \u0644\u062a\u0631 \u0633\u0627\u0644\u062a \u0633\u0628\u064a\u0631\u064a\u062a 30 \u0644\u062a\u0631 \u0645\u0628\u064a\u0636 \u0623\u0644\u062a\u0631\u0627 30 \u0644\u062a\u0631 \u0645\u0646\u0638\u0641 \u200b\u200b\u0627\u0644\u0627\u0633\u0637\u062d 30 \u0644\u062a\u0631<\/p>\n","protected":false},"author":1,"featured_media":0,"parent":1962,"menu_order":0,"comment_status":"closed","ping_status":"closed","template":"","meta":[],"_links":{"self":[{"href":"https:\/\/begimgil.com.tr\/ar\/wp-json\/wp\/v2\/pages\/2022"}],"collection":[{"href":"https:\/\/begimgil.com.tr\/ar\/wp-json\/wp\/v2\/pages"}],"about":[{"href":"https:\/\/begimgil.com.tr\/ar\/wp-json\/wp\/v2\/types\/page"}],"author":[{"embeddable":true,"href":"https:\/\/begimgil.com.tr\/ar\/wp-json\/wp\/v2\/users\/1"}],"replies":[{"embeddable":true,"href":"https:\/\/begimgil.com.tr\/ar\/wp-json\/wp\/v2\/comments?post=2022"}],"version-history":[{"count":2,"href":"https:\/\/begimgil.com.tr\/ar\/wp-json\/wp\/v2\/pages\/2022\/revisions"}],"predecessor-version":[{"id":2079,"href":"https:\/\/begimgil.com.tr\/ar\/wp-json\/wp\/v2\/pages\/2022\/revisions\/2079"}],"up":[{"embeddable":true,"href":"https:\/\/begimgil.com.tr\/ar\/wp-json\/wp\/v2\/pages\/1962"}],"wp:attachment":[{"href":"https:\/\/begimgil.com.tr\/ar\/wp-json\/wp\/v2\/media?parent=2022"}],"curies":[{"name":"wp","href":"https:\/\/api.w.org\/{rel}","templated":true}]}}