{"id":2021,"date":"2020-09-29T01:09:48","date_gmt":"2020-09-28T22:09:48","guid":{"rendered":"https:\/\/begimgil.com.tr\/?page_id=1889"},"modified":"2020-10-02T14:03:13","modified_gmt":"2020-10-02T11:03:13","slug":"endustriyel-camasir-grubu-temizlik-urunleri","status":"publish","type":"page","link":"https:\/\/begimgil.com.tr\/ar\/urunlerimiz-2\/endustriyel-camasir-grubu-temizlik-urunleri-2\/","title":{"rendered":"END\u00dcSTR\u0130YEL \u00c7AMA\u015eIR GRUBU TEM\u0130ZL\u0130K \u00dcR\u00dcNLER\u0130"},"content":{"rendered":"<p><\/p>\n<p style=\"text-align: center;\"><img loading=\"lazy\" class=\"alignnone wp-image-1890\" src=\"https:\/\/begimgil.com.tr\/wp-content\/uploads\/2020\/09\/endustriyel-camasir.jpg\" alt=\"\" width=\"567\" height=\"319\" srcset=\"https:\/\/begimgil.com.tr\/wp-content\/uploads\/2020\/09\/endustriyel-camasir.jpg 1280w, https:\/\/begimgil.com.tr\/wp-content\/uploads\/2020\/09\/endustriyel-camasir-300x169.jpg 300w, https:\/\/begimgil.com.tr\/wp-content\/uploads\/2020\/09\/endustriyel-camasir-1024x576.jpg 1024w, https:\/\/begimgil.com.tr\/wp-content\/uploads\/2020\/09\/endustriyel-camasir-768x432.jpg 768w\" sizes=\"(max-width: 567px) 100vw, 567px\" \/><\/p>\n<h3 style=\"text-align: center;\">\u0645\u0646\u062a\u062c\u0627\u062a \u0627\u0644\u062a\u0646\u0638\u064a\u0641 \u0645\u0646 \u0645\u062c\u0645\u0648\u0639\u0629 \u0627\u0644\u063a\u0633\u064a\u0644 \u0627\u0644\u0635\u0646\u0627\u0639\u064a<\/h3>\n<p>&nbsp;<\/p>\n<ul style=\"text-align: right;\">\n<li><a href=\"https:\/\/begimgil.com.tr\/urunlerimiz-2\/endustriyel-camasir-grubu-temizlik-urunleri-2\/camasir-beyazlatma-tozu-10-kg\/\">\u0645\u0633\u062d\u0648\u0642 \u063a\u0633\u064a\u0644 \u0627\u0644\u063a\u0633\u064a\u0644 10 \u0643\u064a\u0644\u0648<\/a><\/li>\n<li><a href=\"https:\/\/begimgil.com.tr\/urunlerimiz-2\/endustriyel-camasir-grubu-temizlik-urunleri-2\/camasir-deterjani-jel-matik-30-lt\/\">\u062c\u0644 \u0645\u0646\u0638\u0641 \u0627\u0644\u063a\u0633\u064a\u0644 \u2013 \u0645\u0627\u062a\u064a\u0643 30 \u0644\u062a\u0631<\/a><\/li>\n<li><a href=\"https:\/\/begimgil.com.tr\/urunlerimiz-2\/endustriyel-camasir-grubu-temizlik-urunleri-2\/camasir-yumusaticisi-30-lt\/\">\u0645\u0646\u0639\u0645 \u0627\u0644\u063a\u0633\u064a\u0644 30 \u0644\u062a\u0631<\/a><\/li>\n<li><a href=\"https:\/\/begimgil.com.tr\/urunlerimiz-2\/endustriyel-camasir-grubu-temizlik-urunleri-2\/endustriyel-ana-yikama-maddesi-30-lt\/\">\u0639\u0646\u0635\u0631 \u0627\u0644\u063a\u0633\u064a\u0644 \u0627\u0644\u0635\u0646\u0627\u0639\u064a \u0627\u0644\u0631\u0626\u064a\u0633\u064a 30 \u0644\u062a\u0631<\/a><\/li>\n<li><a href=\"https:\/\/begimgil.com.tr\/urunlerimiz-2\/endustriyel-camasir-grubu-temizlik-urunleri-2\/hali-sampuani-30-lt\/\">\u0634\u0627\u0645\u0628\u0648 \u0627\u0644\u0633\u062c\u0627\u062f 30 \u0644\u062a\u0631<\/a><\/li>\n<li><a href=\"https:\/\/begimgil.com.tr\/urunlerimiz-2\/endustriyel-camasir-grubu-temizlik-urunleri-2\/kirec-onleyici-10-kg\/\">\u062d\u0627\u0641\u0638\u0629 \u0627\u0644\u0644\u064a\u0645\u0648\u0646 10 \u0643\u062c\u0645<\/a><\/li>\n<li><a href=\"https:\/\/begimgil.com.tr\/urunlerimiz-2\/endustriyel-camasir-grubu-temizlik-urunleri-2\/oksi-sivi-leke-cikarici-30-lt\/\">\u0627\u0648\u0643\u0633\u064a \u0633\u0627\u0626\u0644 \u0645\u0632\u064a\u0644 \u0627\u0644\u0628\u0642\u0639 30 \u0644\u062a\u0631<\/a><\/li>\n<\/ul>\n<p><\/p>","protected":false},"excerpt":{"rendered":"<p>\u0645\u0646\u062a\u062c\u0627\u062a \u0627\u0644\u062a\u0646\u0638\u064a\u0641 \u0645\u0646 \u0645\u062c\u0645\u0648\u0639\u0629 \u0627\u0644\u063a\u0633\u064a\u0644 \u0627\u0644\u0635\u0646\u0627\u0639\u064a &nbsp; \u0645\u0633\u062d\u0648\u0642 \u063a\u0633\u064a\u0644 \u0627\u0644\u063a\u0633\u064a\u0644 10 \u0643\u064a\u0644\u0648 \u062c\u0644 \u0645\u0646\u0638\u0641 \u0627\u0644\u063a\u0633\u064a\u0644 \u2013 \u0645\u0627\u062a\u064a\u0643 30 \u0644\u062a\u0631 \u0645\u0646\u0639\u0645 \u0627\u0644\u063a\u0633\u064a\u0644 30 \u0644\u062a\u0631 \u0639\u0646\u0635\u0631 \u0627\u0644\u063a\u0633\u064a\u0644 \u0627\u0644\u0635\u0646\u0627\u0639\u064a \u0627\u0644\u0631\u0626\u064a\u0633\u064a 30 \u0644\u062a\u0631 \u0634\u0627\u0645\u0628\u0648 \u0627\u0644\u0633\u062c\u0627\u062f 30 \u0644\u062a\u0631 \u062d\u0627\u0641\u0638\u0629 \u0627\u0644\u0644\u064a\u0645\u0648\u0646 10 \u0643\u062c\u0645 \u0627\u0648\u0643\u0633\u064a \u0633\u0627\u0626\u0644 \u0645\u0632\u064a\u0644 \u0627\u0644\u0628\u0642\u0639 30 \u0644\u062a\u0631<\/p>\n","protected":false},"author":1,"featured_media":0,"parent":1962,"menu_order":0,"comment_status":"closed","ping_status":"closed","template":"","meta":[],"_links":{"self":[{"href":"https:\/\/begimgil.com.tr\/ar\/wp-json\/wp\/v2\/pages\/2021"}],"collection":[{"href":"https:\/\/begimgil.com.tr\/ar\/wp-json\/wp\/v2\/pages"}],"about":[{"href":"https:\/\/begimgil.com.tr\/ar\/wp-json\/wp\/v2\/types\/page"}],"author":[{"embeddable":true,"href":"https:\/\/begimgil.com.tr\/ar\/wp-json\/wp\/v2\/users\/1"}],"replies":[{"embeddable":true,"href":"https:\/\/begimgil.com.tr\/ar\/wp-json\/wp\/v2\/comments?post=2021"}],"version-history":[{"count":3,"href":"https:\/\/begimgil.com.tr\/ar\/wp-json\/wp\/v2\/pages\/2021\/revisions"}],"predecessor-version":[{"id":2081,"href":"https:\/\/begimgil.com.tr\/ar\/wp-json\/wp\/v2\/pages\/2021\/revisions\/2081"}],"up":[{"embeddable":true,"href":"https:\/\/begimgil.com.tr\/ar\/wp-json\/wp\/v2\/pages\/1962"}],"wp:attachment":[{"href":"https:\/\/begimgil.com.tr\/ar\/wp-json\/wp\/v2\/media?parent=2021"}],"curies":[{"name":"wp","href":"https:\/\/api.w.org\/{rel}","templated":true}]}}