{"id":2004,"date":"2020-09-28T21:30:43","date_gmt":"2020-09-28T18:30:43","guid":{"rendered":"https:\/\/begimgil.com.tr\/?page_id=1841"},"modified":"2020-09-28T21:30:43","modified_gmt":"2020-09-28T18:30:43","slug":"ku-300-temizlik-ve-bakim-maddesi","status":"publish","type":"page","link":"https:\/\/begimgil.com.tr\/ar\/urunlerimiz-2\/uzman-temizlik-urunleri-3\/ku-300-%d8%b9%d9%86%d8%b5%d8%b1-%d8%a7%d9%84%d8%aa%d9%86%d8%b8%d9%8a%d9%81-%d9%88%d8%a7%d9%84%d8%b5%d9%8a%d8%a7%d9%86%d8%a9\/","title":{"rendered":"KU-300 TEM\u0130ZL\u0130K VE BAKIM MADDES\u0130"},"content":{"rendered":"<p><\/p>\n<h3 style=\"text-align: right;\">KU-300 \u0639\u0646\u0635\u0631 \u0627\u0644\u062a\u0646\u0638\u064a\u0641 \u0648\u0627\u0644\u0635\u064a\u0627\u0646\u0629 &lt; \u0645\u0646\u062a\u062c\u0627\u062a\u0646\u0627<\/h3>\n<p>&nbsp;<\/p>\n<p style=\"text-align: center;\"><img loading=\"lazy\" class=\"alignnone size-full wp-image-1796\" src=\"https:\/\/begimgil.com.tr\/wp-content\/uploads\/2020\/09\/ku-300-cilali-yuzey-temizliyici-30lt.jpg\" alt=\"\" width=\"470\" height=\"503\" srcset=\"https:\/\/begimgil.com.tr\/wp-content\/uploads\/2020\/09\/ku-300-cilali-yuzey-temizliyici-30lt.jpg 470w, https:\/\/begimgil.com.tr\/wp-content\/uploads\/2020\/09\/ku-300-cilali-yuzey-temizliyici-30lt-280x300.jpg 280w\" sizes=\"(max-width: 470px) 100vw, 470px\" \/><\/p>\n<p>&nbsp;<\/p>\n<p>&nbsp;<\/p>\n<table width=\"100%\">\n<tbody>\n<tr>\n<td colspan=\"4\" width=\"100%\">\n<h4 style=\"text-align: center;\">KU-300 \u0639\u0646\u0635\u0631 \u0627\u0644\u062a\u0646\u0638\u064a\u0641 \u0648\u0627\u0644\u0635\u064a\u0627\u0646\u0629<\/h4>\n<\/td>\n<\/tr>\n<tr>\n<td style=\"text-align: right;\" width=\"25%\">\n<h5>\u0646\u0648\u0639 \u0627\u0644\u0645\u0646\u062a\u062c<\/h5>\n<\/td>\n<td style=\"text-align: right;\" width=\"25%\">\n<h5>\u0643\u0645\u064a\u0629<\/h5>\n<\/td>\n<td style=\"text-align: right;\" width=\"25%\">\n<h5>\u0642\u0637\u0639\u0629 \u062f\u0627\u062e\u0644 \u0627\u0644\u0645\u0631\u0628\u0639<\/h5>\n<\/td>\n<td style=\"text-align: right;\" width=\"25%\">\n<h5>\u0627\u0644\u0631\u0645\u0632 \u0627\u0644\u0634\u0631\u064a\u0637\u064a<\/h5>\n<\/td>\n<\/tr>\n<tr>\n<td style=\"text-align: right;\" width=\"221\">KU-300 \u0639\u0646\u0635\u0631 \u0627\u0644\u062a\u0646\u0638\u064a\u0641 \u0648\u0627\u0644\u0635\u064a\u0627\u0646\u0629<\/td>\n<td width=\"221\">30 LT<\/td>\n<td width=\"221\">&#8211;<\/td>\n<td width=\"221\">&#8211;<\/td>\n<\/tr>\n<\/tbody>\n<\/table>\n<p><\/p>","protected":false},"excerpt":{"rendered":"<p>KU-300 \u0639\u0646\u0635\u0631 \u0627\u0644\u062a\u0646\u0638\u064a\u0641 \u0648\u0627\u0644\u0635\u064a\u0627\u0646\u0629 &lt; \u0645\u0646\u062a\u062c\u0627\u062a\u0646\u0627 &nbsp; &nbsp; &nbsp; KU-300 \u0639\u0646\u0635\u0631 \u0627\u0644\u062a\u0646\u0638\u064a\u0641 \u0648\u0627\u0644\u0635\u064a\u0627\u0646\u0629 \u0646\u0648\u0639 \u0627\u0644\u0645\u0646\u062a\u062c \u0643\u0645\u064a\u0629 \u0642\u0637\u0639\u0629 \u062f\u0627\u062e\u0644 \u0627\u0644\u0645\u0631\u0628\u0639 \u0627\u0644\u0631\u0645\u0632 \u0627\u0644\u0634\u0631\u064a\u0637\u064a KU-300 \u0639\u0646\u0635\u0631 \u0627\u0644\u062a\u0646\u0638\u064a\u0641 \u0648\u0627\u0644\u0635\u064a\u0627\u0646\u0629 30 LT &#8211; &#8211;<\/p>\n","protected":false},"author":1,"featured_media":0,"parent":2029,"menu_order":0,"comment_status":"closed","ping_status":"closed","template":"","meta":[],"_links":{"self":[{"href":"https:\/\/begimgil.com.tr\/ar\/wp-json\/wp\/v2\/pages\/2004"}],"collection":[{"href":"https:\/\/begimgil.com.tr\/ar\/wp-json\/wp\/v2\/pages"}],"about":[{"href":"https:\/\/begimgil.com.tr\/ar\/wp-json\/wp\/v2\/types\/page"}],"author":[{"embeddable":true,"href":"https:\/\/begimgil.com.tr\/ar\/wp-json\/wp\/v2\/users\/1"}],"replies":[{"embeddable":true,"href":"https:\/\/begimgil.com.tr\/ar\/wp-json\/wp\/v2\/comments?post=2004"}],"version-history":[{"count":0,"href":"https:\/\/begimgil.com.tr\/ar\/wp-json\/wp\/v2\/pages\/2004\/revisions"}],"up":[{"embeddable":true,"href":"https:\/\/begimgil.com.tr\/ar\/wp-json\/wp\/v2\/pages\/2029"}],"wp:attachment":[{"href":"https:\/\/begimgil.com.tr\/ar\/wp-json\/wp\/v2\/media?parent=2004"}],"curies":[{"name":"wp","href":"https:\/\/api.w.org\/{rel}","templated":true}]}}