{"id":1993,"date":"2020-09-28T23:41:15","date_gmt":"2020-09-28T20:41:15","guid":{"rendered":"https:\/\/begimgil.com.tr\/?page_id=1830"},"modified":"2020-09-28T23:41:15","modified_gmt":"2020-09-28T20:41:15","slug":"aspirinho-multi-cleaner-30-lt","status":"publish","type":"page","link":"https:\/\/begimgil.com.tr\/ar\/urunlerimiz-2\/endustriyel-genel-temizlik-urunleri-2\/%d8%a3%d8%b3%d8%a8%d9%8a%d8%b1%d9%8a%d9%86%d9%87%d9%88-%d9%85%d9%86%d8%b8%d9%81-%d9%85%d8%aa%d8%b9%d8%af%d8%af-%d8%a7%d9%84%d8%a7%d8%b3%d8%aa%d8%ae%d8%af%d8%a7%d9%85%d8%a7%d8%aa-30-%d9%84%d8%aa\/","title":{"rendered":"ASP\u0130R\u0130NHO &#8211; MULT\u0130 CLEANER 30 Lt"},"content":{"rendered":"<p><\/p>\n<h3 style=\"text-align: right;\">\u0623\u0633\u0628\u064a\u0631\u064a\u0646\u0647\u0648 &#8211; \u0645\u0646\u0638\u0641 \u0645\u062a\u0639\u062f\u062f \u0627\u0644\u0627\u0633\u062a\u062e\u062f\u0627\u0645\u0627\u062a 30 \u0644\u062a\u0631 &lt; \u0645\u0646\u062a\u062c\u0627\u062a\u0646\u0627<\/h3>\n<p>&nbsp;<\/p>\n<p style=\"text-align: center;\"><img loading=\"lazy\" class=\"alignnone size-full wp-image-1799\" src=\"https:\/\/begimgil.com.tr\/wp-content\/uploads\/2020\/09\/kuzey-aspirinho-30lt.jpg\" alt=\"\" width=\"446\" height=\"467\" srcset=\"https:\/\/begimgil.com.tr\/wp-content\/uploads\/2020\/09\/kuzey-aspirinho-30lt.jpg 446w, https:\/\/begimgil.com.tr\/wp-content\/uploads\/2020\/09\/kuzey-aspirinho-30lt-287x300.jpg 287w\" sizes=\"(max-width: 446px) 100vw, 446px\" \/><\/p>\n<p>&nbsp;<\/p>\n<p>&nbsp;<\/p>\n<table width=\"100%\">\n<tbody>\n<tr>\n<td colspan=\"4\" width=\"100%\">\n<h4 style=\"text-align: center;\">\u0623\u0633\u0628\u064a\u0631\u064a\u0646\u0647\u0648 &#8211; \u0645\u0646\u0638\u0641 \u0645\u062a\u0639\u062f\u062f \u0627\u0644\u0627\u0633\u062a\u062e\u062f\u0627\u0645\u0627\u062a 30 \u0644\u062a\u0631<\/h4>\n<\/td>\n<\/tr>\n<tr>\n<td style=\"text-align: right;\" width=\"25%\">\n<h5>\u0646\u0648\u0639 \u0627\u0644\u0645\u0646\u062a\u062c<\/h5>\n<\/td>\n<td style=\"text-align: right;\" width=\"25%\">\n<h5>\u0643\u0645\u064a\u0629<\/h5>\n<\/td>\n<td style=\"text-align: right;\" width=\"25%\">\n<h5>\u0642\u0637\u0639\u0629 \u062f\u0627\u062e\u0644 \u0627\u0644\u0645\u0631\u0628\u0639<\/h5>\n<\/td>\n<td style=\"text-align: right;\" width=\"25%\">\n<h5>\u0627\u0644\u0631\u0645\u0632 \u0627\u0644\u0634\u0631\u064a\u0637\u064a<\/h5>\n<\/td>\n<\/tr>\n<tr>\n<td width=\"221\">ASP\u0130R\u0130NHO &#8211; MULT\u0130 CLEANER<\/td>\n<td width=\"221\">30 LT<\/td>\n<td width=\"221\">&#8211;<\/td>\n<td width=\"221\">&#8211;<\/td>\n<\/tr>\n<\/tbody>\n<\/table>\n<p><\/p>","protected":false},"excerpt":{"rendered":"<p>\u0623\u0633\u0628\u064a\u0631\u064a\u0646\u0647\u0648 &#8211; \u0645\u0646\u0638\u0641 \u0645\u062a\u0639\u062f\u062f \u0627\u0644\u0627\u0633\u062a\u062e\u062f\u0627\u0645\u0627\u062a 30 \u0644\u062a\u0631 &lt; \u0645\u0646\u062a\u062c\u0627\u062a\u0646\u0627 &nbsp; &nbsp; &nbsp; \u0623\u0633\u0628\u064a\u0631\u064a\u0646\u0647\u0648 &#8211; \u0645\u0646\u0638\u0641 \u0645\u062a\u0639\u062f\u062f \u0627\u0644\u0627\u0633\u062a\u062e\u062f\u0627\u0645\u0627\u062a 30 \u0644\u062a\u0631 \u0646\u0648\u0639 \u0627\u0644\u0645\u0646\u062a\u062c \u0643\u0645\u064a\u0629 \u0642\u0637\u0639\u0629 \u062f\u0627\u062e\u0644 \u0627\u0644\u0645\u0631\u0628\u0639 \u0627\u0644\u0631\u0645\u0632 \u0627\u0644\u0634\u0631\u064a\u0637\u064a ASP\u0130R\u0130NHO &#8211; MULT\u0130 CLEANER 30 LT &#8211; &#8211;<\/p>\n","protected":false},"author":1,"featured_media":0,"parent":2022,"menu_order":0,"comment_status":"closed","ping_status":"closed","template":"","meta":[],"_links":{"self":[{"href":"https:\/\/begimgil.com.tr\/ar\/wp-json\/wp\/v2\/pages\/1993"}],"collection":[{"href":"https:\/\/begimgil.com.tr\/ar\/wp-json\/wp\/v2\/pages"}],"about":[{"href":"https:\/\/begimgil.com.tr\/ar\/wp-json\/wp\/v2\/types\/page"}],"author":[{"embeddable":true,"href":"https:\/\/begimgil.com.tr\/ar\/wp-json\/wp\/v2\/users\/1"}],"replies":[{"embeddable":true,"href":"https:\/\/begimgil.com.tr\/ar\/wp-json\/wp\/v2\/comments?post=1993"}],"version-history":[{"count":0,"href":"https:\/\/begimgil.com.tr\/ar\/wp-json\/wp\/v2\/pages\/1993\/revisions"}],"up":[{"embeddable":true,"href":"https:\/\/begimgil.com.tr\/ar\/wp-json\/wp\/v2\/pages\/2022"}],"wp:attachment":[{"href":"https:\/\/begimgil.com.tr\/ar\/wp-json\/wp\/v2\/media?parent=1993"}],"curies":[{"name":"wp","href":"https:\/\/api.w.org\/{rel}","templated":true}]}}