{"id":1964,"date":"2017-05-05T21:02:30","date_gmt":"2017-05-05T18:02:30","guid":{"rendered":"http:\/\/begimgil.com.tr\/web\/?page_id=474"},"modified":"2020-10-02T01:20:33","modified_gmt":"2020-10-01T22:20:33","slug":"havuz-kimyasallari","status":"publish","type":"page","link":"https:\/\/begimgil.com.tr\/ar\/urunlerimiz-2\/havuz-kimyasallari-2\/","title":{"rendered":"Havuz Kimyasallar\u0131"},"content":{"rendered":"<p><\/p>\n<section id=\"primary\" class=\"page-with-sidebar with-left-sidebar\">\n<h3 style=\"text-align: right;\">\u0645\u0646\u062a\u062c\u0627\u062a\u0646\u0627&gt; \u0645\u0646\u062a\u062c\u0627\u062a \u0643\u064a\u0645\u0627\u0648\u064a\u0627\u062a \u062d\u0645\u0627\u0645\u0627\u062a \u0627\u0644\u0633\u0628\u0627\u062d\u0629<\/h3>\n<p><img loading=\"lazy\" class=\"alignnone size-full wp-image-477 aligncenter\" src=\"https:\/\/begimgil.com.tr\/wp-content\/uploads\/2020\/09\/havuz-kimyasallari.jpg\" alt=\"\" width=\"650\" height=\"317\" \/><\/p>\n<ul class=\"list2\" style=\"text-align: left;\">\n<li><span class=\"color1\"><a href=\"http:\/\/begimgil.com.tr\/urunlerimiz\/havuz-kimyasallari\/yosun-onleyici\">Yosun \u00d6nleyici<\/a> 30 L \u0645\u0636\u0627\u062f \u0644\u0644\u0637\u062d\u0627\u0644\u0628 30 \u0644\u062a\u0631<\/span><\/li>\n<li><span class=\"color1\"><a href=\"http:\/\/begimgil.com.tr\/urunlerimiz\/havuz-kimyasallari\/cokturucu\">\u00c7\u00f6kt\u00fcr\u00fcc\u00fc<\/a> 20 L \u0627\u0644\u0645\u0631\u0633\u0628 20 \u0644\u062a\u0631<\/span><\/li>\n<li><span class=\"color1\"><a href=\"http:\/\/begimgil.com.tr\/urunlerimiz\/havuz-kimyasallari\/ph-dusurucu-toz-25-kg\">PH D\u00fc\u015f\u00fcr\u00fcc\u00fc Toz 25 Kg\u00a0<\/a> \u0628\u0648\u062f\u0631\u0629 \u062a\u0642\u0644\u064a\u0644 \u062f\u0631\u062c\u0629 \u0627\u0644\u062d\u0645\u0648\u0636\u0629 25 \u0643\u062c\u0645<\/span><\/li>\n<li><span class=\"color1\"><a href=\"http:\/\/begimgil.com.tr\/urunlerimiz\/havuz-kimyasallari\/ph-dusurucu-sivi-35-kg\">PH D\u00fc\u015f\u00fcr\u00fcc\u00fc S\u0131v\u0131 35\u00a0L<\/a> \u0633\u0627\u0626\u0644 \u062a\u062e\u0641\u064a\u0636 \u062f\u0631\u062c\u0629 \u0627\u0644\u062d\u0645\u0648\u0636\u0629 35 \u0644\u062a\u0631<\/span><\/li>\n<li><span class=\"color1\"><a href=\"http:\/\/begimgil.com.tr\/urunlerimiz\/havuz-kimyasallari\/klor-granul-V-50-kg\">Klor Gran\u00fcl %56 50 Kg<\/a> \u062d\u0628\u064a\u0628\u0627\u062a \u0627\u0644\u0643\u0644\u0648\u0631 56\u066a 50 \u0643\u062c\u0645<\/span><\/li>\n<li><span class=\"color1\"><a href=\"http:\/\/begimgil.com.tr\/urunlerimiz\/havuz-kimyasallari\/klor-tablet-50-kg\">Klor Tablet %90 50 Kg<\/a> \u0623\u0642\u0631\u0627\u0635 \u0627\u0644\u0643\u0644\u0648\u0631\u066a 90 50 \u0643\u062c\u0645<\/span><\/li>\n<li><span class=\"color1\"><a href=\"http:\/\/begimgil.com.tr\/urunlerimiz\/havuz-kimyasallari\/berraklastirici-parlatici-30-kg\">Berrakla\u015ft\u0131r\u0131c\u0131 &#8211; Parlat\u0131c\u0131 30 L<\/a>\u00a0\u0627\u0644\u0645\u0646\u0642\u064a &#8211; \u0644\u0645\u0639\u0627\u0646 30 \u0644\u062a\u0631<\/span><\/li>\n<li><span class=\"color1\"><a href=\"http:\/\/begimgil.com.tr\/urunlerimiz\/havuz-kimyasallari\/ayak-dezenfektani-30-kg\">Ayak Dezenfektan\u0131 30<\/a>\u00a0L \u0645\u0637\u0647\u0631 \u0644\u0644\u0642\u062f\u0645 30 \u0644\u062a\u0631<\/span><\/li>\n<\/ul>\n<\/section>\n<p><\/p>","protected":false},"excerpt":{"rendered":"<p>\u0645\u0646\u062a\u062c\u0627\u062a\u0646\u0627&gt; \u0645\u0646\u062a\u062c\u0627\u062a \u0643\u064a\u0645\u0627\u0648\u064a\u0627\u062a \u062d\u0645\u0627\u0645\u0627\u062a \u0627\u0644\u0633\u0628\u0627\u062d\u0629 Yosun \u00d6nleyici 30 L \u0645\u0636\u0627\u062f \u0644\u0644\u0637\u062d\u0627\u0644\u0628 30 \u0644\u062a\u0631 \u00c7\u00f6kt\u00fcr\u00fcc\u00fc 20 L \u0627\u0644\u0645\u0631\u0633\u0628 20 \u0644\u062a\u0631 PH D\u00fc\u015f\u00fcr\u00fcc\u00fc Toz 25 Kg\u00a0 \u0628\u0648\u062f\u0631\u0629 \u062a\u0642\u0644\u064a\u0644 \u062f\u0631\u062c\u0629 \u0627\u0644\u062d\u0645\u0648\u0636\u0629 25 \u0643\u062c\u0645 PH D\u00fc\u015f\u00fcr\u00fcc\u00fc S\u0131v\u0131 35\u00a0L \u0633\u0627\u0626\u0644 \u062a\u062e\u0641\u064a\u0636 \u062f\u0631\u062c\u0629 \u0627\u0644\u062d\u0645\u0648\u0636\u0629 35 \u0644\u062a\u0631 Klor Gran\u00fcl %56 50 Kg \u062d\u0628\u064a\u0628\u0627\u062a \u0627\u0644\u0643\u0644\u0648\u0631 56\u066a 50 \u0643\u062c\u0645 Klor Tablet %90 50 Kg [&hellip;]<\/p>\n","protected":false},"author":1,"featured_media":0,"parent":1962,"menu_order":0,"comment_status":"closed","ping_status":"open","template":"","meta":[],"_links":{"self":[{"href":"https:\/\/begimgil.com.tr\/ar\/wp-json\/wp\/v2\/pages\/1964"}],"collection":[{"href":"https:\/\/begimgil.com.tr\/ar\/wp-json\/wp\/v2\/pages"}],"about":[{"href":"https:\/\/begimgil.com.tr\/ar\/wp-json\/wp\/v2\/types\/page"}],"author":[{"embeddable":true,"href":"https:\/\/begimgil.com.tr\/ar\/wp-json\/wp\/v2\/users\/1"}],"replies":[{"embeddable":true,"href":"https:\/\/begimgil.com.tr\/ar\/wp-json\/wp\/v2\/comments?post=1964"}],"version-history":[{"count":1,"href":"https:\/\/begimgil.com.tr\/ar\/wp-json\/wp\/v2\/pages\/1964\/revisions"}],"predecessor-version":[{"id":2050,"href":"https:\/\/begimgil.com.tr\/ar\/wp-json\/wp\/v2\/pages\/1964\/revisions\/2050"}],"up":[{"embeddable":true,"href":"https:\/\/begimgil.com.tr\/ar\/wp-json\/wp\/v2\/pages\/1962"}],"wp:attachment":[{"href":"https:\/\/begimgil.com.tr\/ar\/wp-json\/wp\/v2\/media?parent=1964"}],"curies":[{"name":"wp","href":"https:\/\/api.w.org\/{rel}","templated":true}]}}