{"id":1962,"date":"2017-05-01T20:34:58","date_gmt":"2017-05-01T17:34:58","guid":{"rendered":"http:\/\/begimgil.com.tr\/web\/?page_id=2"},"modified":"2024-02-03T19:56:39","modified_gmt":"2024-02-03T16:56:39","slug":"urunlerimiz","status":"publish","type":"page","link":"https:\/\/begimgil.com.tr\/ar\/urunlerimiz-2\/","title":{"rendered":"\u00dcr\u00fcnlerimiz"},"content":{"rendered":"<p><\/p>\n<section id=\"primary\" class=\"page-with-sidebar with-left-sidebar\">\n<h3 style=\"text-align: right;\">\u0645\u0646\u062a\u062c\u0627\u062a\u0646\u0627 &gt;<\/h3>\n<p><img loading=\"lazy\" class=\"alignnone wp-image-1920\" src=\"https:\/\/begimgil.com.tr\/wp-content\/uploads\/2020\/09\/prpducts.jpg\" alt=\"\" width=\"576\" height=\"324\" srcset=\"https:\/\/begimgil.com.tr\/wp-content\/uploads\/2020\/09\/prpducts.jpg 900w, https:\/\/begimgil.com.tr\/wp-content\/uploads\/2020\/09\/prpducts-300x169.jpg 300w, https:\/\/begimgil.com.tr\/wp-content\/uploads\/2020\/09\/prpducts-768x432.jpg 768w\" sizes=\"(max-width: 576px) 100vw, 576px\" \/><\/p>\n<\/section>\n<p><a href=\"https:\/\/yokedici.net\" target=\"_blank\" rel=\"noopener noreferrer\"><img loading=\"lazy\" class=\"size-full wp-image-2118 alignright\" src=\"https:\/\/begimgil.com.tr\/wp-content\/uploads\/2024\/02\/new.gif\" alt=\"\" width=\"48\" height=\"22\" \/><\/a><\/p>\n<p style=\"text-align: right;\"><strong><a href=\"https:\/\/yokedici.net\" target=\"_blank\" rel=\"noopener noreferrer\">YOK ED\u0130C\u0130 \/ G\u00fc\u00e7l\u00fc Temizleyici<\/a><\/strong><\/p>\n<p>&nbsp;<\/p>\n<section id=\"primary\" class=\"page-with-sidebar with-left-sidebar\">\n<h4 style=\"text-align: right;\">\u0645\u0646\u062a\u062c\u0627\u062a \u062a\u0646\u0638\u064a\u0641 \u0627\u0644\u0645\u0637\u0627\u0628\u062e<\/h4>\n<ul style=\"text-align: right;\">\n<li><a href=\"https:\/\/begimgil.com.tr\/urunlerimiz-2\/mutfak-grubu-temizlik-urunleri-2\/sivi-bulasik-deterjani-750-ml\/\">\u0633\u0627\u0626\u0644 \u063a\u0633\u064a\u0644 \u0627\u0644\u0635\u062d\u0648\u0646 750ml \u0644\u062a\u0631<\/a><\/li>\n<li><a href=\"https:\/\/begimgil.com.tr\/urunlerimiz-2\/mutfak-grubu-temizlik-urunleri-2\/sivi-bulasik-deterjani-4-lt\/\">\u0633\u0627\u0626\u0644 \u063a\u0633\u064a\u0644 \u0627\u0644\u0635\u062d\u0648\u0646 4 \u0644\u062a\u0631<\/a><\/li>\n<li><a href=\"https:\/\/begimgil.com.tr\/urunlerimiz-2\/endustriyel-mutfak-grubu-temizlik-urunleri-2\/yag-sokucu\/\">\u0645\u0632\u064a\u0644 \u0627\u0644\u0632\u064a\u062a<\/a><\/li>\n<\/ul>\n<h4 style=\"text-align: right;\">\u0645\u0646\u062a\u062c\u0627\u062a \u0627\u0644\u062a\u0646\u0638\u064a\u0641 \u0644\u0645\u062c\u0645\u0648\u0639\u0629 \u0627\u0644\u063a\u0633\u064a\u0644<\/h4>\n<ul style=\"text-align: right;\">\n<li><a href=\"https:\/\/begimgil.com.tr\/urunlerimiz-2\/camasir-grubu-temizlik-urunleri-2\/camasir-yumusaticisi\/\">\u0645\u0646\u0639\u0645 \u0627\u0644\u063a\u0633\u064a\u0644<\/a><\/li>\n<li><a href=\"https:\/\/begimgil.com.tr\/urunlerimiz-2\/camasir-grubu-temizlik-urunleri-2\/camasir-yumusaticisi-4lt\/\">\u0645\u0646\u0639\u0645 \u0627\u0644\u063a\u0633\u064a\u0644<\/a><\/li>\n<li><a href=\"https:\/\/begimgil.com.tr\/urunlerimiz-2\/camasir-grubu-temizlik-urunleri-2\/kirec-onleyici\/\">\u0627\u0644\u0645\u0632\u064a\u0644<\/a><\/li>\n<li><a href=\"https:\/\/begimgil.com.tr\/urunlerimiz-2\/camasir-grubu-temizlik-urunleri-2\/kirec-sokucu\/\">\u0645\u0632\u064a\u0644 \u0627\u0644\u062c\u064a\u0631<\/a><\/li>\n<\/ul>\n<h4 style=\"text-align: right;\">\u0645\u0646\u062a\u062c\u0627\u062a \u0627\u0644\u062a\u0646\u0638\u064a\u0641 \u0627\u0644\u0634\u062e\u0635\u064a\u0629<\/h4>\n<ul style=\"text-align: right;\">\n<li><a href=\"https:\/\/begimgil.com.tr\/urunlerimiz-2\/kisisel-hijyen-temizlik-urunleri-2\/sivi-sabun-2-lt\/\">\u0635\u0627\u0628\u0648\u0646 \u0633\u0627\u0626\u0644 2 \u0644\u062a\u0631<\/a><\/li>\n<li><a href=\"https:\/\/begimgil.com.tr\/urunlerimiz-2\/kisisel-hijyen-temizlik-urunleri-2\/sivi-sabun-4-lt\/\">\u0645\u0627\u0621 \u0632\u062c\u0627\u062c\u064a \u0645\u0636\u0627\u062f \u0644\u0644\u062a\u062c\u0645\u062f<\/a><\/li>\n<\/ul>\n<h4 style=\"text-align: right;\">\u0645\u0646\u062a\u062c\u0627\u062a \u0627\u0644\u062a\u0646\u0638\u064a\u0641 \u0627\u0644\u0639\u0627\u0645\u0629<\/h4>\n<ul style=\"text-align: right;\">\n<li><a href=\"https:\/\/begimgil.com.tr\/urunlerimiz-2\/genel-temizlik-urunleri-2\/ahsap-temizleyici\/\">\u0645\u0646\u0638\u0641 \u200b\u200b\u0627\u0644\u062e\u0634\u0628<\/a><\/li>\n<li><a href=\"https:\/\/begimgil.com.tr\/urunlerimiz-2\/genel-temizlik-urunleri-2\/antifirizli-cam-suyu\/\">\u0645\u0627\u0621 \u0632\u062c\u0627\u062c\u064a \u0645\u0636\u0627\u062f \u0644\u0644\u062a\u062c\u0645\u062f<\/a><\/li>\n<li><a href=\"https:\/\/begimgil.com.tr\/urunlerimiz-2\/genel-temizlik-urunleri-2\/aspirinho-multi-cleaner\/\">\u0623\u0633\u0628\u064a\u0631\u064a\u0646\u0647\u0648 \u2013 \u0645\u0646\u0638\u0641 \u0645\u062a\u0639\u062f\u062f<\/a><\/li>\n<li><a href=\"https:\/\/begimgil.com.tr\/urunlerimiz-2\/genel-temizlik-urunleri-2\/cam-temizleyici-1000ml\/\">\u0645\u0646\u0638\u0641 \u200b\u200b\u0627\u0644\u0632\u062c\u0627\u062c 1000 \u0645\u0644<\/a><\/li>\n<li><a href=\"https:\/\/begimgil.com.tr\/urunlerimiz-2\/genel-temizlik-urunleri-2\/camasir-suyu-1lt\/\">\u0628\u0644\u064a\u062a\u0634 1 \u0644\u062a\u0631<\/a><\/li>\n<li><a href=\"https:\/\/begimgil.com.tr\/urunlerimiz-2\/genel-temizlik-urunleri-2\/camasir-suyu-25-lt\/\">\u0628\u0644\u064a\u062a\u0634 2.5 \u0644\u062a\u0631<\/a><\/li>\n<li><a href=\"https:\/\/begimgil.com.tr\/urunlerimiz-2\/genel-temizlik-urunleri-2\/camasir-suyu-4lt\/\">\u0628\u0644\u064a\u062a\u0634 4 \u0644\u062a\u0631<\/a><\/li>\n<li><a href=\"https:\/\/begimgil.com.tr\/urunlerimiz-2\/genel-temizlik-urunleri-2\/derz-temizleyicileri\/\">\u0645\u0646\u0638\u0641\u0627\u062a \u0645\u0634\u062a\u0631\u0643\u0629<\/a><\/li>\n<li><a href=\"https:\/\/begimgil.com.tr\/urunlerimiz-2\/genel-temizlik-urunleri-2\/lavabo-acici\/\">\u0641\u062a\u062d\u062a \u0627\u0633\u062a\u0646\u0632\u0627\u0641<\/a><\/li>\n<li><a href=\"https:\/\/begimgil.com.tr\/urunlerimiz-2\/genel-temizlik-urunleri-2\/tuz-ruhu\/\">\u062d\u0645\u0636 \u0643\u0644\u0648\u0631\u0627\u0644\u0645\u0627\u0621<\/a><\/li>\n<li><a href=\"https:\/\/begimgil.com.tr\/urunlerimiz-2\/genel-temizlik-urunleri-2\/ultra-camasir-suyu\/\">\u0645\u0628\u064a\u0636\u0629 \u0641\u0627\u0626\u0642\u0629<\/a><\/li>\n<li><a href=\"https:\/\/begimgil.com.tr\/urunlerimiz-2\/genel-temizlik-urunleri-2\/ultra-camasir-suyu-3-5lt\/\">\u0645\u0628\u064a\u0636\u0629 \u0641\u0627\u0626\u0642\u0629<\/a><\/li>\n<li><a href=\"https:\/\/begimgil.com.tr\/urunlerimiz-2\/genel-temizlik-urunleri-2\/yuzey-temizleyici-1-lt\/\">\u0645\u0646\u0638\u0641 \u200b\u200b\u0627\u0644\u0627\u0633\u0637\u062d 1 \u0644\u062a\u0631<\/a><\/li>\n<li><a href=\"https:\/\/begimgil.com.tr\/urunlerimiz-2\/genel-temizlik-urunleri-2\/yuzey-temizleyici-25-lt\/\">\u0645\u0646\u0638\u0641 \u200b\u200b\u0627\u0644\u0623\u0633\u0637\u062d 2.5 \u0644\u062a\u0631<\/a><\/li>\n<li><a href=\"https:\/\/begimgil.com.tr\/urunlerimiz-2\/genel-temizlik-urunleri-2\/yuzey-temizleyici-4-lt\/\">\u0645\u0646\u0638\u0641 \u200b\u200b\u0627\u0644\u0627\u0633\u0637\u062d 4 \u0644\u062a\u0631<\/a><\/li>\n<\/ul>\n<h4 style=\"text-align: right;\">\u0645\u0646\u062a\u062c\u0627\u062a \u062a\u0646\u0638\u064a\u0641 \u0645\u062c\u0645\u0648\u0639\u0629 \u0627\u0644\u0645\u0637\u0627\u0628\u062e \u0627\u0644\u0635\u0646\u0627\u0639\u064a\u0629<\/h4>\n<ul style=\"text-align: right;\">\n<li><a href=\"https:\/\/begimgil.com.tr\/urunlerimiz-2\/endustriyel-mutfak-grubu-temizlik-urunleri-2\/bulasik-deterjani-30-lt-2\/\">\u0645\u0646\u0638\u0641 \u200b\u200b\u063a\u0633\u0627\u0644\u0629 \u0627\u0644\u0635\u062d\u0648\u0646 30 \u0644\u062a\u0631<\/a><\/li>\n<li><a href=\"https:\/\/begimgil.com.tr\/urunlerimiz-2\/endustriyel-mutfak-grubu-temizlik-urunleri-2\/bulasik-deterjani-30-lt\/\">\u0645\u0646\u0638\u0641 \u200b\u200b\u063a\u0633\u0627\u0644\u0629 \u0627\u0644\u0635\u062d\u0648\u0646 30 \u0644\u062a\u0631<\/a><\/li>\n<li><a href=\"https:\/\/begimgil.com.tr\/urunlerimiz-2\/endustriyel-mutfak-grubu-temizlik-urunleri-2\/bulasik-makina-parlatici-30-lt\/\">\u0645\u0644\u0645\u0639 \u063a\u0633\u0627\u0644\u0629 \u0627\u0644\u0635\u062d\u0648\u0646 30 \u0644\u062a\u0631<\/a><\/li>\n<li><a href=\"https:\/\/begimgil.com.tr\/urunlerimiz-2\/endustriyel-mutfak-grubu-temizlik-urunleri-2\/bulasik-makinesi-deterjani-30-lt\/\">\u0645\u0646\u0638\u0641 \u200b\u200b\u063a\u0633\u0627\u0644\u0629 \u0627\u0644\u0635\u062d\u0648\u0646 30 \u0644\u062a\u0631<\/a><\/li>\n<li><a href=\"https:\/\/begimgil.com.tr\/urunlerimiz-2\/endustriyel-mutfak-grubu-temizlik-urunleri-2\/kir-ve-yag-sokucu-30-lt\/\">\u0645\u0632\u064a\u0644 \u0627\u0644\u0623\u0648\u0633\u0627\u062e \u0648\u0627\u0644\u0632\u064a\u0648\u062a 30 \u0644\u062a\u0631<\/a><\/li>\n<li><a href=\"https:\/\/begimgil.com.tr\/urunlerimiz-2\/endustriyel-mutfak-grubu-temizlik-urunleri-2\/mineralli-ovma-sivisi-30-lt\/\">\u0633\u0627\u0626\u0644 \u0628\u0631\u063a\u064a \u0645\u0639\u062f\u0646\u064a 30 \u0644\u062a\u0631<\/a><\/li>\n<li><a href=\"https:\/\/begimgil.com.tr\/urunlerimiz-2\/endustriyel-mutfak-grubu-temizlik-urunleri-2\/ozel-kir-ve-yag-sokucu-30-lt\/\">\u0645\u0632\u064a\u0644 \u0627\u0644\u0627\u062a\u0633\u0627\u062e \u0648\u0627\u0644\u0632\u064a\u0648\u062a \u0627\u0644\u062e\u0627\u0635 30 \u0644\u062a\u0631<\/a><\/li>\n<li><a href=\"https:\/\/begimgil.com.tr\/urunlerimiz-2\/endustriyel-mutfak-grubu-temizlik-urunleri-2\/sivi-bulasik-deterjani-extra-30-lt\/\">\u0633\u0627\u0626\u0644 \u063a\u0633\u064a\u0644 \u0627\u0644\u0635\u062d\u0648\u0646 30 \u0644\u062a\u0631<\/a><\/li>\n<li><a href=\"https:\/\/begimgil.com.tr\/urunlerimiz-2\/endustriyel-mutfak-grubu-temizlik-urunleri-2\/yag-sokucu\/\">\u0645\u0632\u064a\u0644 \u0627\u0644\u0632\u064a\u062a<\/a><\/li>\n<\/ul>\n<h4 style=\"text-align: right;\">\u0645\u0646\u062a\u062c\u0627\u062a \u0627\u0644\u062a\u0646\u0638\u064a\u0641 \u0645\u0646 \u0645\u062c\u0645\u0648\u0639\u0629 \u0627\u0644\u063a\u0633\u064a\u0644 \u0627\u0644\u0635\u0646\u0627\u0639\u064a<\/h4>\n<ul style=\"text-align: right;\">\n<li><a href=\"https:\/\/begimgil.com.tr\/urunlerimiz-2\/endustriyel-camasir-grubu-temizlik-urunleri-2\/camasir-beyazlatma-tozu-10-kg\/\">\u0645\u0633\u062d\u0648\u0642 \u063a\u0633\u064a\u0644 \u0627\u0644\u063a\u0633\u064a\u0644 10 \u0643\u064a\u0644\u0648<\/a><\/li>\n<li><a href=\"https:\/\/begimgil.com.tr\/urunlerimiz-2\/endustriyel-camasir-grubu-temizlik-urunleri-2\/camasir-deterjani-jel-matik-30-lt\/\">\u062c\u0644 \u0645\u0646\u0638\u0641 \u0627\u0644\u063a\u0633\u064a\u0644 \u2013 \u0645\u0627\u062a\u064a\u0643 30 \u0644\u062a\u0631<\/a><\/li>\n<li><a href=\"https:\/\/begimgil.com.tr\/urunlerimiz-2\/endustriyel-camasir-grubu-temizlik-urunleri-2\/camasir-yumusaticisi-30-lt\/\">\u0645\u0646\u0639\u0645 \u0627\u0644\u063a\u0633\u064a\u0644 30 \u0644\u062a\u0631<\/a><\/li>\n<li><a href=\"https:\/\/begimgil.com.tr\/urunlerimiz-2\/endustriyel-camasir-grubu-temizlik-urunleri-2\/endustriyel-ana-yikama-maddesi-30-lt\/\">\u0639\u0646\u0635\u0631 \u0627\u0644\u063a\u0633\u064a\u0644 \u0627\u0644\u0635\u0646\u0627\u0639\u064a \u0627\u0644\u0631\u0626\u064a\u0633\u064a 30 \u0644\u062a\u0631<\/a><\/li>\n<li><a href=\"https:\/\/begimgil.com.tr\/urunlerimiz-2\/endustriyel-camasir-grubu-temizlik-urunleri-2\/hali-sampuani-30-lt\/\">\u0634\u0627\u0645\u0628\u0648 \u0627\u0644\u0633\u062c\u0627\u062f 30 \u0644\u062a\u0631<\/a><\/li>\n<li><a href=\"https:\/\/begimgil.com.tr\/urunlerimiz-2\/endustriyel-camasir-grubu-temizlik-urunleri-2\/kirec-onleyici-10-kg\/\">\u062d\u0627\u0641\u0638\u0629 \u0627\u0644\u0644\u064a\u0645\u0648\u0646 10 \u0643\u062c\u0645<\/a><\/li>\n<li><a href=\"https:\/\/begimgil.com.tr\/urunlerimiz-2\/endustriyel-camasir-grubu-temizlik-urunleri-2\/oksi-sivi-leke-cikarici-30-lt\/\">\u0627\u0648\u0643\u0633\u064a \u0633\u0627\u0626\u0644 \u0645\u0632\u064a\u0644 \u0627\u0644\u0628\u0642\u0639 30 \u0644\u062a\u0631<\/a><\/li>\n<\/ul>\n<h4 style=\"text-align: right;\">\u0645\u0646\u062a\u062c\u0627\u062a \u0627\u0644\u062a\u0646\u0638\u064a\u0641 \u0627\u0644\u0635\u062d\u064a\u0629 \u0627\u0644\u0634\u062e\u0635\u064a\u0629 \u0627\u0644\u0635\u0646\u0627\u0639\u064a\u0629<\/h4>\n<ul style=\"text-align: right;\">\n<li><a href=\"https:\/\/begimgil.com.tr\/urunlerimiz-2\/endustriyel-kisisel-hijyen-temizlik-urunleri-2\/sivi-sabun-30-lt-2\/\">\u0635\u0627\u0628\u0648\u0646 \u0633\u0627\u0626\u0644 30 \u0644\u062a\u0631<\/a><\/li>\n<li><a href=\"https:\/\/begimgil.com.tr\/urunlerimiz-2\/endustriyel-kisisel-hijyen-temizlik-urunleri-2\/sivi-sabun-30-lt\/\">\u0635\u0627\u0628\u0648\u0646 \u0633\u0627\u0626\u0644 30 \u0644\u062a\u0631<\/a><\/li>\n<\/ul>\n<h4 style=\"text-align: right;\">\u0645\u0646\u062a\u062c\u0627\u062a \u0627\u0644\u062a\u0646\u0638\u064a\u0641 \u0627\u0644\u0639\u0627\u0645\u0629 \u0627\u0644\u0635\u0646\u0627\u0639\u064a\u0629<\/h4>\n<ul style=\"text-align: right;\">\n<li><a href=\"https:\/\/begimgil.com.tr\/urunlerimiz-2\/endustriyel-genel-temizlik-urunleri-2\/ahsap-temizleyici-30-lt\/\">\u0645\u0646\u0638\u0641 \u200b\u200b\u0627\u0644\u062e\u0634\u0628 30 \u0644\u062a\u0631<\/a><\/li>\n<li><a href=\"https:\/\/begimgil.com.tr\/urunlerimiz-2\/endustriyel-genel-temizlik-urunleri-2\/aspirinho-multi-cleaner-30-lt\/\">\u0623\u0633\u0628\u064a\u0631\u064a\u0646\u0647\u0648 \u2013 \u0645\u0646\u0638\u0641 \u0645\u062a\u0639\u062f\u062f \u0627\u0644\u0627\u0633\u062a\u062e\u062f\u0627\u0645\u0627\u062a 30 \u0644\u062a\u0631<\/a><\/li>\n<li><a href=\"https:\/\/begimgil.com.tr\/urunlerimiz-2\/endustriyel-genel-temizlik-urunleri-2\/cam-temizleyici-30-lt\/\">\u0645\u0646\u0638\u0641 \u200b\u200b\u0632\u062c\u0627\u062c 30 \u0644\u062a\u0631<\/a><\/li>\n<li><a href=\"https:\/\/begimgil.com.tr\/urunlerimiz-2\/endustriyel-genel-temizlik-urunleri-2\/camasir-suyu-30-lt\/\">\u0628\u0644\u064a\u062a\u0634 30 \u0644\u062a\u0631<\/a><\/li>\n<li><a href=\"https:\/\/begimgil.com.tr\/urunlerimiz-2\/endustriyel-genel-temizlik-urunleri-2\/derz-temizleyici-30-lt\/\">\u0645\u0646\u0638\u0641 \u200b\u200b\u0627\u0644\u0645\u0641\u0627\u0635\u0644 30 \u0644\u062a\u0631<\/a><\/li>\n<li><a href=\"https:\/\/begimgil.com.tr\/urunlerimiz-2\/endustriyel-genel-temizlik-urunleri-2\/kirec-ve-pas-sokucu-30-lt\/\">\u0645\u0632\u064a\u0644 \u0627\u0644\u062c\u064a\u0631 \u0648\u0627\u0644\u0635\u062f\u0623 30 \u0644\u062a\u0631<\/a><\/li>\n<li><a href=\"https:\/\/begimgil.com.tr\/urunlerimiz-2\/endustriyel-genel-temizlik-urunleri-2\/oto-sampuani-30-lt\/\">\u0634\u0627\u0645\u0628\u0648 \u062a\u0644\u0642\u0627\u0626\u064a 30 \u0644\u062a\u0631<\/a><\/li>\n<li><a href=\"https:\/\/begimgil.com.tr\/urunlerimiz-2\/endustriyel-genel-temizlik-urunleri-2\/tuz-ruhu-30-lt\/\">\u0633\u0627\u0644\u062a \u0633\u0628\u064a\u0631\u064a\u062a 30 \u0644\u062a\u0631<\/a><\/li>\n<li><a href=\"https:\/\/begimgil.com.tr\/urunlerimiz-2\/endustriyel-genel-temizlik-urunleri-2\/ultra-camasir-suyu-30-lt\/\">\u0645\u0628\u064a\u0636 \u0623\u0644\u062a\u0631\u0627 30 \u0644\u062a\u0631<\/a><\/li>\n<li><a href=\"https:\/\/begimgil.com.tr\/urunlerimiz-2\/endustriyel-genel-temizlik-urunleri-2\/yuzey-temizleyici-30-lt\/\">\u0645\u0646\u0638\u0641 \u200b\u200b\u0627\u0644\u0627\u0633\u0637\u062d 30 \u0644\u062a\u0631<\/a><\/li>\n<\/ul>\n<h4 style=\"text-align: right;\">\u0645\u0646\u062a\u062c\u0627\u062a \u062a\u0646\u0638\u064a\u0641 \u0627\u0644\u062e\u0628\u0631\u0627\u0621<\/h4>\n<ul>\n<li style=\"text-align: right;\"><a href=\"https:\/\/begimgil.com.tr\/urunlerimiz-2\/camasir-grubu-temizlik-urunleri-2-2\/ku-05-oksijen-bazli-leke-cikarici-10-kg\/\">KU-05 \u0627\u0648\u0643\u0633\u064a\u062c\u064a\u0646 \u0645\u0632\u064a\u0644 \u0627\u0644\u0628\u0642\u0639 10 \u0643\u062c\u0645<\/a><\/li>\n<li style=\"text-align: right;\"><a href=\"https:\/\/begimgil.com.tr\/urunlerimiz-2\/camasir-grubu-temizlik-urunleri-2-2\/ku-06-kan-sokucu-yardimci-yikama-maddesi-10-kg\/\">KU-06 \u0639\u0627\u0645\u0644 \u063a\u0633\u064a\u0644 \u0645\u0633\u0627\u0639\u062f \u0644\u0645\u0632\u064a\u0644 \u0627\u0644\u062f\u0645 10 \u0643\u062c\u0645<\/a><\/li>\n<li style=\"text-align: right;\"><a href=\"https:\/\/begimgil.com.tr\/urunlerimiz-2\/camasir-grubu-temizlik-urunleri-2-2\/ku-21-tul-beyazlatma-tozu-eko-10-kg\/\">\u0628\u0648\u062f\u0631\u0629 \u0627\u0644\u062a\u0628\u064a\u064a\u0636 KU-21 \u2013 \u0625\u064a\u0643\u0648 10 \u0643\u062c\u0645<\/a><\/li>\n<li style=\"text-align: right;\"><a href=\"https:\/\/begimgil.com.tr\/urunlerimiz-2\/camasir-grubu-temizlik-urunleri-2-2\/ku-21e-tul-beyazlatma-tozu-extra-10-kg\/\">KU-21E \u0628\u0648\u062f\u0631\u0629 \u0627\u0644\u062a\u0628\u064a\u064a\u0636 \u062a\u0648\u0644 \u0627\u0643\u0633\u062a\u0631\u0627 10 \u0643\u062c\u0645<\/a><\/li>\n<li style=\"text-align: right;\"><a href=\"https:\/\/begimgil.com.tr\/urunlerimiz-2\/camasir-grubu-temizlik-urunleri-2-2\/ku-300-temizlik-ve-bakim-maddesi\/\">KU-300 \u0639\u0646\u0635\u0631 \u0627\u0644\u062a\u0646\u0638\u064a\u0641 \u0648\u0627\u0644\u0635\u064a\u0627\u0646\u0629<\/a><\/li>\n<\/ul>\n<p>&nbsp;<\/p>\n<\/section>\n<p><\/p>","protected":false},"excerpt":{"rendered":"<p>\u0645\u0646\u062a\u062c\u0627\u062a\u0646\u0627 &gt; YOK ED\u0130C\u0130 \/ G\u00fc\u00e7l\u00fc Temizleyici &nbsp; \u0645\u0646\u062a\u062c\u0627\u062a \u062a\u0646\u0638\u064a\u0641 \u0627\u0644\u0645\u0637\u0627\u0628\u062e \u0633\u0627\u0626\u0644 \u063a\u0633\u064a\u0644 \u0627\u0644\u0635\u062d\u0648\u0646 750ml \u0644\u062a\u0631 \u0633\u0627\u0626\u0644 \u063a\u0633\u064a\u0644 \u0627\u0644\u0635\u062d\u0648\u0646 4 \u0644\u062a\u0631 \u0645\u0632\u064a\u0644 \u0627\u0644\u0632\u064a\u062a \u0645\u0646\u062a\u062c\u0627\u062a \u0627\u0644\u062a\u0646\u0638\u064a\u0641 \u0644\u0645\u062c\u0645\u0648\u0639\u0629 \u0627\u0644\u063a\u0633\u064a\u0644 \u0645\u0646\u0639\u0645 \u0627\u0644\u063a\u0633\u064a\u0644 \u0645\u0646\u0639\u0645 \u0627\u0644\u063a\u0633\u064a\u0644 \u0627\u0644\u0645\u0632\u064a\u0644 \u0645\u0632\u064a\u0644 \u0627\u0644\u062c\u064a\u0631 \u0645\u0646\u062a\u062c\u0627\u062a \u0627\u0644\u062a\u0646\u0638\u064a\u0641 \u0627\u0644\u0634\u062e\u0635\u064a\u0629 \u0635\u0627\u0628\u0648\u0646 \u0633\u0627\u0626\u0644 2 \u0644\u062a\u0631 \u0645\u0627\u0621 \u0632\u062c\u0627\u062c\u064a \u0645\u0636\u0627\u062f \u0644\u0644\u062a\u062c\u0645\u062f \u0645\u0646\u062a\u062c\u0627\u062a \u0627\u0644\u062a\u0646\u0638\u064a\u0641 \u0627\u0644\u0639\u0627\u0645\u0629 \u0645\u0646\u0638\u0641 \u200b\u200b\u0627\u0644\u062e\u0634\u0628 \u0645\u0627\u0621 \u0632\u062c\u0627\u062c\u064a \u0645\u0636\u0627\u062f \u0644\u0644\u062a\u062c\u0645\u062f \u0623\u0633\u0628\u064a\u0631\u064a\u0646\u0647\u0648 [&hellip;]<\/p>\n","protected":false},"author":1,"featured_media":0,"parent":0,"menu_order":0,"comment_status":"closed","ping_status":"open","template":"","meta":[],"_links":{"self":[{"href":"https:\/\/begimgil.com.tr\/ar\/wp-json\/wp\/v2\/pages\/1962"}],"collection":[{"href":"https:\/\/begimgil.com.tr\/ar\/wp-json\/wp\/v2\/pages"}],"about":[{"href":"https:\/\/begimgil.com.tr\/ar\/wp-json\/wp\/v2\/types\/page"}],"author":[{"embeddable":true,"href":"https:\/\/begimgil.com.tr\/ar\/wp-json\/wp\/v2\/users\/1"}],"replies":[{"embeddable":true,"href":"https:\/\/begimgil.com.tr\/ar\/wp-json\/wp\/v2\/comments?post=1962"}],"version-history":[{"count":4,"href":"https:\/\/begimgil.com.tr\/ar\/wp-json\/wp\/v2\/pages\/1962\/revisions"}],"predecessor-version":[{"id":2121,"href":"https:\/\/begimgil.com.tr\/ar\/wp-json\/wp\/v2\/pages\/1962\/revisions\/2121"}],"wp:attachment":[{"href":"https:\/\/begimgil.com.tr\/ar\/wp-json\/wp\/v2\/media?parent=1962"}],"curies":[{"name":"wp","href":"https:\/\/api.w.org\/{rel}","templated":true}]}}